{"id":893,"date":"2026-01-10T21:32:23","date_gmt":"2026-01-10T21:32:23","guid":{"rendered":"https:\/\/lasederia.com.py\/?post_type=product&#038;p=893"},"modified":"2026-01-28T20:13:25","modified_gmt":"2026-01-28T20:13:25","slug":"broderie-rosa-alba","status":"publish","type":"product","link":"https:\/\/lasederia.com.py\/en\/product\/broderie-rosa-alba\/","title":{"rendered":"Broderie Rosa Alba"},"content":{"rendered":"<p>Broderie Rosa Alba. Tela bordada tipo broderie con gran motivo floral protagonista. El dise\u00f1o presenta rosas de gran tama\u00f1o con p\u00e9talos definidos y hojas caladas, combinando zonas opacas y transparencias que aportan profundidad y elegancia. El bordado blanco sobre base clara realza el relieve y la delicadeza del dibujo, mientras que la guarda inferior floral le da un cierre refinado y decorativo.<\/p>","protected":false},"excerpt":{"rendered":"<p>Broderie Rosa Alba. Tela bordada tipo broderie con gran motivo floral protagonista. El dise\u00f1o presenta rosas de gran tama\u00f1o con p\u00e9talos definidos y hojas caladas, combinando zonas opacas y transparencias que aportan profundidad y elegancia. El bordado blanco sobre base clara realza el relieve y la delicadeza del dibujo, mientras que la guarda inferior floral le da un cierre refinado y decorativo.<\/p>","protected":false},"featured_media":895,"comment_status":"open","ping_status":"closed","template":"","meta":[],"product_brand":[],"product_cat":[35],"product_tag":[53,37,38,59,41,39,43,44,42,60,45,54,63,56,57,55,40,50,61,47,51,52,48,46,62,49,58],"class_list":{"0":"post-893","1":"product","2":"type-product","3":"status-publish","4":"has-post-thumbnail","6":"product_cat-broderie-blanco","7":"product_tag-bordado-floral","8":"product_tag-broderie","9":"product_tag-broderie-algodon","10":"product_tag-broderie-asuncion","11":"product_tag-broderie-blanco","12":"product_tag-broderie-bordado","13":"product_tag-broderie-clasico","14":"product_tag-broderie-delicado","15":"product_tag-broderie-floral","16":"product_tag-broderie-paraguay","17":"product_tag-broderie-premium","18":"product_tag-encaje-bordado","19":"product_tag-encajes-paraguay","20":"product_tag-estilo-clasico","21":"product_tag-estilo-delicado","22":"product_tag-estilo-romantico","23":"product_tag-tela-broderie","24":"product_tag-telas-de-verano","25":"product_tag-telas-en-asuncion","26":"product_tag-telas-para-blusas","27":"product_tag-telas-para-confeccion","28":"product_tag-telas-para-diseno","29":"product_tag-telas-para-moda-femenina","30":"product_tag-telas-para-vestidos","31":"product_tag-telas-paraguay","32":"product_tag-telas-romanticas","33":"product_tag-textil-elegante","35":"first","36":"instock","37":"shipping-taxable","38":"purchasable","39":"product-type-simple"},"jetpack_sharing_enabled":true,"_links":{"self":[{"href":"https:\/\/lasederia.com.py\/en\/wp-json\/wp\/v2\/product\/893","targetHints":{"allow":["GET"]}}],"collection":[{"href":"https:\/\/lasederia.com.py\/en\/wp-json\/wp\/v2\/product"}],"about":[{"href":"https:\/\/lasederia.com.py\/en\/wp-json\/wp\/v2\/types\/product"}],"replies":[{"embeddable":true,"href":"https:\/\/lasederia.com.py\/en\/wp-json\/wp\/v2\/comments?post=893"}],"wp:featuredmedia":[{"embeddable":true,"href":"https:\/\/lasederia.com.py\/en\/wp-json\/wp\/v2\/media\/895"}],"wp:attachment":[{"href":"https:\/\/lasederia.com.py\/en\/wp-json\/wp\/v2\/media?parent=893"}],"wp:term":[{"taxonomy":"product_brand","embeddable":true,"href":"https:\/\/lasederia.com.py\/en\/wp-json\/wp\/v2\/product_brand?post=893"},{"taxonomy":"product_cat","embeddable":true,"href":"https:\/\/lasederia.com.py\/en\/wp-json\/wp\/v2\/product_cat?post=893"},{"taxonomy":"product_tag","embeddable":true,"href":"https:\/\/lasederia.com.py\/en\/wp-json\/wp\/v2\/product_tag?post=893"}],"curies":[{"name":"wp","href":"https:\/\/api.w.org\/{rel}","templated":true}]}}