{"id":881,"date":"2026-01-10T21:14:39","date_gmt":"2026-01-10T21:14:39","guid":{"rendered":"https:\/\/lasederia.com.py\/?post_type=product&#038;p=881"},"modified":"2026-01-28T20:15:26","modified_gmt":"2026-01-28T20:15:26","slug":"broderie-floral-roseta","status":"publish","type":"product","link":"https:\/\/lasederia.com.py\/en\/product\/broderie-floral-roseta\/","title":{"rendered":"Broderie Floral Roseta"},"content":{"rendered":"<p>Broderie Floral Roseta. Tela broderie de algod\u00f3n con dise\u00f1o floral de gran tama\u00f1o, compuesto por rosetas bordadas y hojas estilizadas que se repiten de forma regular.<\/p>","protected":false},"excerpt":{"rendered":"<p>Broderie Floral Roseta. Tela broderie de algod\u00f3n con dise\u00f1o floral de gran tama\u00f1o, compuesto por rosetas bordadas y hojas estilizadas que se repiten de forma regular.<\/p>","protected":false},"featured_media":883,"comment_status":"open","ping_status":"closed","template":"","meta":[],"product_brand":[],"product_cat":[35],"product_tag":[53,37,38,59,41,39,43,44,42,60,45,54,63,56,57,55,40,50,61,47,51,52,48,46,62,49,58],"class_list":{"0":"post-881","1":"product","2":"type-product","3":"status-publish","4":"has-post-thumbnail","6":"product_cat-broderie-blanco","7":"product_tag-bordado-floral","8":"product_tag-broderie","9":"product_tag-broderie-algodon","10":"product_tag-broderie-asuncion","11":"product_tag-broderie-blanco","12":"product_tag-broderie-bordado","13":"product_tag-broderie-clasico","14":"product_tag-broderie-delicado","15":"product_tag-broderie-floral","16":"product_tag-broderie-paraguay","17":"product_tag-broderie-premium","18":"product_tag-encaje-bordado","19":"product_tag-encajes-paraguay","20":"product_tag-estilo-clasico","21":"product_tag-estilo-delicado","22":"product_tag-estilo-romantico","23":"product_tag-tela-broderie","24":"product_tag-telas-de-verano","25":"product_tag-telas-en-asuncion","26":"product_tag-telas-para-blusas","27":"product_tag-telas-para-confeccion","28":"product_tag-telas-para-diseno","29":"product_tag-telas-para-moda-femenina","30":"product_tag-telas-para-vestidos","31":"product_tag-telas-paraguay","32":"product_tag-telas-romanticas","33":"product_tag-textil-elegante","35":"first","36":"instock","37":"shipping-taxable","38":"purchasable","39":"product-type-simple"},"jetpack_sharing_enabled":true,"_links":{"self":[{"href":"https:\/\/lasederia.com.py\/en\/wp-json\/wp\/v2\/product\/881","targetHints":{"allow":["GET"]}}],"collection":[{"href":"https:\/\/lasederia.com.py\/en\/wp-json\/wp\/v2\/product"}],"about":[{"href":"https:\/\/lasederia.com.py\/en\/wp-json\/wp\/v2\/types\/product"}],"replies":[{"embeddable":true,"href":"https:\/\/lasederia.com.py\/en\/wp-json\/wp\/v2\/comments?post=881"}],"wp:featuredmedia":[{"embeddable":true,"href":"https:\/\/lasederia.com.py\/en\/wp-json\/wp\/v2\/media\/883"}],"wp:attachment":[{"href":"https:\/\/lasederia.com.py\/en\/wp-json\/wp\/v2\/media?parent=881"}],"wp:term":[{"taxonomy":"product_brand","embeddable":true,"href":"https:\/\/lasederia.com.py\/en\/wp-json\/wp\/v2\/product_brand?post=881"},{"taxonomy":"product_cat","embeddable":true,"href":"https:\/\/lasederia.com.py\/en\/wp-json\/wp\/v2\/product_cat?post=881"},{"taxonomy":"product_tag","embeddable":true,"href":"https:\/\/lasederia.com.py\/en\/wp-json\/wp\/v2\/product_tag?post=881"}],"curies":[{"name":"wp","href":"https:\/\/api.w.org\/{rel}","templated":true}]}}