{"id":829,"date":"2026-01-08T15:57:21","date_gmt":"2026-01-08T15:57:21","guid":{"rendered":"https:\/\/lasederia.com.py\/?post_type=product&#038;p=829"},"modified":"2026-01-28T20:20:19","modified_gmt":"2026-01-28T20:20:19","slug":"broderie-botanical-eyelet","status":"publish","type":"product","link":"https:\/\/lasederia.com.py\/en\/product\/broderie-botanical-eyelet\/","title":{"rendered":"Broderie Botanical Eyelet"},"content":{"rendered":"<p>Broderie Botanical Eyelet. Broderie bordado con dise\u00f1o bot\u00e1nico de hojas estilizadas y calados tipo eyelet distribuidos en patr\u00f3n repetido.<\/p>","protected":false},"excerpt":{"rendered":"<p>Broderie Botanical Eyelet. Broderie bordado con dise\u00f1o bot\u00e1nico de hojas estilizadas y calados tipo eyelet distribuidos en patr\u00f3n repetido.<\/p>","protected":false},"featured_media":831,"comment_status":"open","ping_status":"closed","template":"","meta":[],"product_brand":[],"product_cat":[35],"product_tag":[53,37,38,59,41,39,43,44,42,60,45,54,63,56,57,55,40,50,61,47,51,52,48,46,62,49,58],"class_list":{"0":"post-829","1":"product","2":"type-product","3":"status-publish","4":"has-post-thumbnail","6":"product_cat-broderie-blanco","7":"product_tag-bordado-floral","8":"product_tag-broderie","9":"product_tag-broderie-algodon","10":"product_tag-broderie-asuncion","11":"product_tag-broderie-blanco","12":"product_tag-broderie-bordado","13":"product_tag-broderie-clasico","14":"product_tag-broderie-delicado","15":"product_tag-broderie-floral","16":"product_tag-broderie-paraguay","17":"product_tag-broderie-premium","18":"product_tag-encaje-bordado","19":"product_tag-encajes-paraguay","20":"product_tag-estilo-clasico","21":"product_tag-estilo-delicado","22":"product_tag-estilo-romantico","23":"product_tag-tela-broderie","24":"product_tag-telas-de-verano","25":"product_tag-telas-en-asuncion","26":"product_tag-telas-para-blusas","27":"product_tag-telas-para-confeccion","28":"product_tag-telas-para-diseno","29":"product_tag-telas-para-moda-femenina","30":"product_tag-telas-para-vestidos","31":"product_tag-telas-paraguay","32":"product_tag-telas-romanticas","33":"product_tag-textil-elegante","35":"first","36":"instock","37":"shipping-taxable","38":"purchasable","39":"product-type-simple"},"jetpack_sharing_enabled":true,"_links":{"self":[{"href":"https:\/\/lasederia.com.py\/en\/wp-json\/wp\/v2\/product\/829","targetHints":{"allow":["GET"]}}],"collection":[{"href":"https:\/\/lasederia.com.py\/en\/wp-json\/wp\/v2\/product"}],"about":[{"href":"https:\/\/lasederia.com.py\/en\/wp-json\/wp\/v2\/types\/product"}],"replies":[{"embeddable":true,"href":"https:\/\/lasederia.com.py\/en\/wp-json\/wp\/v2\/comments?post=829"}],"wp:featuredmedia":[{"embeddable":true,"href":"https:\/\/lasederia.com.py\/en\/wp-json\/wp\/v2\/media\/831"}],"wp:attachment":[{"href":"https:\/\/lasederia.com.py\/en\/wp-json\/wp\/v2\/media?parent=829"}],"wp:term":[{"taxonomy":"product_brand","embeddable":true,"href":"https:\/\/lasederia.com.py\/en\/wp-json\/wp\/v2\/product_brand?post=829"},{"taxonomy":"product_cat","embeddable":true,"href":"https:\/\/lasederia.com.py\/en\/wp-json\/wp\/v2\/product_cat?post=829"},{"taxonomy":"product_tag","embeddable":true,"href":"https:\/\/lasederia.com.py\/en\/wp-json\/wp\/v2\/product_tag?post=829"}],"curies":[{"name":"wp","href":"https:\/\/api.w.org\/{rel}","templated":true}]}}