{"id":767,"date":"2025-12-29T22:46:02","date_gmt":"2025-12-29T22:46:02","guid":{"rendered":"https:\/\/lasederia.com.py\/?post_type=product&#038;p=767"},"modified":"2026-01-29T19:32:19","modified_gmt":"2026-01-29T19:32:19","slug":"tul-bordado-geometrico-2","status":"publish","type":"product","link":"https:\/\/lasederia.com.py\/en\/product\/tul-bordado-geometrico-2\/","title":{"rendered":"Tul bordado geom\u00e9trico"},"content":{"rendered":"<p>Tul bordado geom\u00e9trico. Tul base bordado geom\u00e9trico org\u00e1nico, trabajado con mostacillas, perlas y lentejuelas en tonos dorados y cobre.<\/p>","protected":false},"excerpt":{"rendered":"<p>Tul bordado geom\u00e9trico. Tul base bordado geom\u00e9trico org\u00e1nico, trabajado con mostacillas, perlas y lentejuelas en tonos dorados y cobre.<\/p>","protected":false},"featured_media":768,"comment_status":"open","ping_status":"closed","template":"","meta":[],"product_brand":[],"product_cat":[31],"product_tag":[76,55,128,126,127,74,61,95,62,94,129,100,103,104,106,107,108,105,101,102,109,112,110,115,113,122,118,120,121,123,119,125,117,124,130,114,116,111],"class_list":{"0":"post-767","1":"product","2":"type-product","3":"status-publish","4":"has-post-thumbnail","6":"product_cat-tul-bordado-colores","7":"product_tag-estilo-elegante","8":"product_tag-estilo-romantico","9":"product_tag-estilo-sofisticado","10":"product_tag-telas-bordadas","11":"product_tag-telas-de-tul","12":"product_tag-telas-elegantes","13":"product_tag-telas-en-asuncion","14":"product_tag-telas-para-alta-costura","15":"product_tag-telas-paraguay","16":"product_tag-telas-premium","17":"product_tag-tul-asuncion","18":"product_tag-tul-bordado","19":"product_tag-tul-bordado-3d","20":"product_tag-tul-bordado-con-flores-3d","21":"product_tag-tul-bordado-con-lentejuelas","22":"product_tag-tul-bordado-con-mostacillas","23":"product_tag-tul-bordado-con-pedreria","24":"product_tag-tul-bordado-con-plumas","25":"product_tag-tul-bordado-floral","26":"product_tag-tul-bordado-geometrico","27":"product_tag-tul-con-aplicaciones","28":"product_tag-tul-de-fantasia","29":"product_tag-tul-decorado","30":"product_tag-tul-delicado","31":"product_tag-tul-elegante","32":"product_tag-tul-para-alta-costura","33":"product_tag-tul-para-blusas","34":"product_tag-tul-para-confeccion","35":"product_tag-tul-para-diseno","36":"product_tag-tul-para-fiesta","37":"product_tag-tul-para-moda-femenina","38":"product_tag-tul-para-ocasiones-especiales","39":"product_tag-tul-para-vestidos","40":"product_tag-tul-para-vestidos-de-noche","41":"product_tag-tul-paraguay","42":"product_tag-tul-premium","43":"product_tag-tul-textil","44":"product_tag-tul-trabajado","46":"first","47":"instock","48":"shipping-taxable","49":"purchasable","50":"product-type-simple"},"jetpack_sharing_enabled":true,"_links":{"self":[{"href":"https:\/\/lasederia.com.py\/en\/wp-json\/wp\/v2\/product\/767","targetHints":{"allow":["GET"]}}],"collection":[{"href":"https:\/\/lasederia.com.py\/en\/wp-json\/wp\/v2\/product"}],"about":[{"href":"https:\/\/lasederia.com.py\/en\/wp-json\/wp\/v2\/types\/product"}],"replies":[{"embeddable":true,"href":"https:\/\/lasederia.com.py\/en\/wp-json\/wp\/v2\/comments?post=767"}],"wp:featuredmedia":[{"embeddable":true,"href":"https:\/\/lasederia.com.py\/en\/wp-json\/wp\/v2\/media\/768"}],"wp:attachment":[{"href":"https:\/\/lasederia.com.py\/en\/wp-json\/wp\/v2\/media?parent=767"}],"wp:term":[{"taxonomy":"product_brand","embeddable":true,"href":"https:\/\/lasederia.com.py\/en\/wp-json\/wp\/v2\/product_brand?post=767"},{"taxonomy":"product_cat","embeddable":true,"href":"https:\/\/lasederia.com.py\/en\/wp-json\/wp\/v2\/product_cat?post=767"},{"taxonomy":"product_tag","embeddable":true,"href":"https:\/\/lasederia.com.py\/en\/wp-json\/wp\/v2\/product_tag?post=767"}],"curies":[{"name":"wp","href":"https:\/\/api.w.org\/{rel}","templated":true}]}}