{"id":1980,"date":"2026-04-26T19:44:42","date_gmt":"2026-04-26T19:44:42","guid":{"rendered":"https:\/\/lasederia.com.py\/?post_type=product&#038;p=1980"},"modified":"2026-04-26T19:44:42","modified_gmt":"2026-04-26T19:44:42","slug":"chanel-tweed-dark-gold","status":"publish","type":"product","link":"https:\/\/lasederia.com.py\/en\/product\/chanel-tweed-dark-gold\/","title":{"rendered":"Chanel Tweed Dark Gold"},"content":{"rendered":"<p>Chanel Tweed Dark Gold. Tweed de alta costura de gran sofisticaci\u00f3n, tejido en boucl\u00e9 denso con base negra entretejida con n\u00f3dulos de hilo beige\/champagne y fin\u00edsimos hilos lurex rose gold\/cobre que recorren toda la superficie aportando destellos c\u00e1lidos y femeninos. La combinaci\u00f3n del negro profundo con el beige natural y el brillo rosado dorado crea una paleta \u00fanica y contempor\u00e1nea de gran elegancia. Al detalle, los hilos lurex revelan un destello rosado iridiscente de gran refinamiento. Ideal para chaquetas de colecci\u00f3n, blazers de noche, faldas midi de lujo, conjuntos de gala y prendas de temporada oto\u00f1o-invierno. Una tela de car\u00e1cter moderno y femenino inigualable.<\/p>","protected":false},"excerpt":{"rendered":"<p>Chanel Tweed Dark Gold. Tweed de alta costura de gran sofisticaci\u00f3n, tejido en boucl\u00e9 denso con base negra entretejida con n\u00f3dulos de hilo beige\/champagne y fin\u00edsimos hilos lurex rose gold\/cobre que recorren toda la superficie aportando destellos c\u00e1lidos y femeninos. La combinaci\u00f3n del negro profundo con el beige natural y el brillo rosado dorado crea una paleta \u00fanica y contempor\u00e1nea de gran elegancia. Al detalle, los hilos lurex revelan un destello rosado iridiscente de gran refinamiento. Ideal para chaquetas de colecci\u00f3n, blazers de noche, faldas midi de lujo, conjuntos de gala y prendas de temporada oto\u00f1o-invierno. Una tela de car\u00e1cter moderno y femenino inigualable.<\/p>","protected":false},"featured_media":1981,"comment_status":"open","ping_status":"closed","template":"","meta":[],"product_brand":[],"product_cat":[1142],"product_tag":[1317,1175,1156,1319,1160,1292,1106,1320,1318,460,1147,291,1315,1268,1108,1316,1128,1310,1143,1313,1311,1221,1148,1314,1321,1322,1312,1247,1297],"class_list":{"0":"post-1980","1":"product","2":"type-product","3":"status-publish","4":"has-post-thumbnail","6":"product_cat-chanel-tweed","7":"product_tag-black-beige-tweed","8":"product_tag-boucle-tweed","9":"product_tag-chanel-tweed","10":"product_tag-copper-tweed","11":"product_tag-couture-tweed","12":"product_tag-dark-tweed","13":"product_tag-evening-fabric","14":"product_tag-luxury-midi-skirt-fabric","15":"product_tag-rose-gold-lurex-tweed","16":"product_tag-tela-de-lujo","17":"product_tag-tela-estilo-chanel","18":"product_tag-tela-importada","19":"product_tag-tela-para-blazer-de-noche","20":"product_tag-tela-para-chaqueta-de-coleccion","21":"product_tag-tela-para-disenador","22":"product_tag-tela-para-falda-midi-lujo","23":"product_tag-tela-para-gala","24":"product_tag-tweed-boucle-negro","25":"product_tag-tweed-chanel","26":"product_tag-tweed-cobre-rosado","27":"product_tag-tweed-con-lurex-rose-gold","28":"product_tag-tweed-contemporaneo","29":"product_tag-tweed-de-alta-costura","30":"product_tag-tweed-femenino-elegante","31":"product_tag-tweed-iridiscente","32":"product_tag-tweed-moderno-femenino","33":"product_tag-tweed-negro-beige","34":"product_tag-tweed-otono-invierno","35":"product_tag-tweed-sofisticado","37":"first","38":"instock","39":"shipping-taxable","40":"purchasable","41":"product-type-simple"},"jetpack_sharing_enabled":true,"_links":{"self":[{"href":"https:\/\/lasederia.com.py\/en\/wp-json\/wp\/v2\/product\/1980","targetHints":{"allow":["GET"]}}],"collection":[{"href":"https:\/\/lasederia.com.py\/en\/wp-json\/wp\/v2\/product"}],"about":[{"href":"https:\/\/lasederia.com.py\/en\/wp-json\/wp\/v2\/types\/product"}],"replies":[{"embeddable":true,"href":"https:\/\/lasederia.com.py\/en\/wp-json\/wp\/v2\/comments?post=1980"}],"wp:featuredmedia":[{"embeddable":true,"href":"https:\/\/lasederia.com.py\/en\/wp-json\/wp\/v2\/media\/1981"}],"wp:attachment":[{"href":"https:\/\/lasederia.com.py\/en\/wp-json\/wp\/v2\/media?parent=1980"}],"wp:term":[{"taxonomy":"product_brand","embeddable":true,"href":"https:\/\/lasederia.com.py\/en\/wp-json\/wp\/v2\/product_brand?post=1980"},{"taxonomy":"product_cat","embeddable":true,"href":"https:\/\/lasederia.com.py\/en\/wp-json\/wp\/v2\/product_cat?post=1980"},{"taxonomy":"product_tag","embeddable":true,"href":"https:\/\/lasederia.com.py\/en\/wp-json\/wp\/v2\/product_tag?post=1980"}],"curies":[{"name":"wp","href":"https:\/\/api.w.org\/{rel}","templated":true}]}}