{"id":1972,"date":"2026-04-26T19:42:39","date_gmt":"2026-04-26T19:42:39","guid":{"rendered":"https:\/\/lasederia.com.py\/?post_type=product&#038;p=1972"},"modified":"2026-04-26T19:42:39","modified_gmt":"2026-04-26T19:42:39","slug":"tweed-chanel-multicolor-lurex","status":"publish","type":"product","link":"https:\/\/lasederia.com.py\/en\/product\/tweed-chanel-multicolor-lurex\/","title":{"rendered":"Tweed Chanel Multicolor Lurex"},"content":{"rendered":"<p>Tweed Chanel Multicolor Lurex. Tweed de alta costura de gran vitalidad crom\u00e1tica, tejido en boucl\u00e9 denso con una mezcla artesanal de hilos en gris oscuro\/antracita como base, salpicado de n\u00f3dulos rojo intenso, blanco roto, beige\/camel y destellos de lurex dorado. La combinaci\u00f3n de colores vibrantes sobre fondo oscuro crea un efecto visual din\u00e1mico y sofisticado, caracter\u00edstico de las colecciones m\u00e1s ic\u00f3nicas del tweed franc\u00e9s. Cada cent\u00edmetro revela nuevos matices y texturas. Con excelente cuerpo y estructura.<\/p>","protected":false},"excerpt":{"rendered":"<p>Tweed Chanel Multicolor Lurex. Tweed de alta costura de gran vitalidad crom\u00e1tica, tejido en boucl\u00e9 denso con una mezcla artesanal de hilos en gris oscuro\/antracita como base, salpicado de n\u00f3dulos rojo intenso, blanco roto, beige\/camel y destellos de lurex dorado. La combinaci\u00f3n de colores vibrantes sobre fondo oscuro crea un efecto visual din\u00e1mico y sofisticado, caracter\u00edstico de las colecciones m\u00e1s ic\u00f3nicas del tweed franc\u00e9s. Cada cent\u00edmetro revela nuevos matices y texturas. Con excelente cuerpo y estructura.<\/p>","protected":false},"featured_media":1973,"comment_status":"open","ping_status":"closed","template":"","meta":[],"product_brand":[],"product_cat":[1142],"product_tag":[1306,1293,1175,1156,1160,1271,1305,1304,1307,460,1147,291,1302,1191,1301,1108,1195,1300,1180,1298,1143,1303,1264,1148,1207,1299,1309,1247,1308],"class_list":{"0":"post-1972","1":"product","2":"type-product","3":"status-publish","4":"has-post-thumbnail","6":"product_cat-chanel-tweed","7":"product_tag-anthracite-tweed","8":"product_tag-autumn-winter-fabric","9":"product_tag-boucle-tweed","10":"product_tag-chanel-tweed","11":"product_tag-couture-tweed","12":"product_tag-gold-lurex-tweed","13":"product_tag-grey-red-tweed","14":"product_tag-multicolor-tweed","15":"product_tag-statement-jacket-fabric","16":"product_tag-tela-de-lujo","17":"product_tag-tela-estilo-chanel","18":"product_tag-tela-importada","19":"product_tag-tela-para-abrigo-disenador","20":"product_tag-tela-para-blazer","21":"product_tag-tela-para-chaqueta-statement","22":"product_tag-tela-para-disenador","23":"product_tag-tela-para-falda-midi","24":"product_tag-tweed-antracita","25":"product_tag-tweed-artesanal","26":"product_tag-tweed-boucle-multicolor","27":"product_tag-tweed-chanel","28":"product_tag-tweed-coleccion","29":"product_tag-tweed-con-lurex-dorado","30":"product_tag-tweed-de-alta-costura","31":"product_tag-tweed-frances","32":"product_tag-tweed-gris-rojo","33":"product_tag-tweed-iconico","34":"product_tag-tweed-otono-invierno","35":"product_tag-tweed-vibrante","37":"first","38":"instock","39":"shipping-taxable","40":"purchasable","41":"product-type-simple"},"jetpack_sharing_enabled":true,"_links":{"self":[{"href":"https:\/\/lasederia.com.py\/en\/wp-json\/wp\/v2\/product\/1972","targetHints":{"allow":["GET"]}}],"collection":[{"href":"https:\/\/lasederia.com.py\/en\/wp-json\/wp\/v2\/product"}],"about":[{"href":"https:\/\/lasederia.com.py\/en\/wp-json\/wp\/v2\/types\/product"}],"replies":[{"embeddable":true,"href":"https:\/\/lasederia.com.py\/en\/wp-json\/wp\/v2\/comments?post=1972"}],"wp:featuredmedia":[{"embeddable":true,"href":"https:\/\/lasederia.com.py\/en\/wp-json\/wp\/v2\/media\/1973"}],"wp:attachment":[{"href":"https:\/\/lasederia.com.py\/en\/wp-json\/wp\/v2\/media?parent=1972"}],"wp:term":[{"taxonomy":"product_brand","embeddable":true,"href":"https:\/\/lasederia.com.py\/en\/wp-json\/wp\/v2\/product_brand?post=1972"},{"taxonomy":"product_cat","embeddable":true,"href":"https:\/\/lasederia.com.py\/en\/wp-json\/wp\/v2\/product_cat?post=1972"},{"taxonomy":"product_tag","embeddable":true,"href":"https:\/\/lasederia.com.py\/en\/wp-json\/wp\/v2\/product_tag?post=1972"}],"curies":[{"name":"wp","href":"https:\/\/api.w.org\/{rel}","templated":true}]}}