{"id":1965,"date":"2026-04-26T19:40:42","date_gmt":"2026-04-26T19:40:42","guid":{"rendered":"https:\/\/lasederia.com.py\/?post_type=product&#038;p=1965"},"modified":"2026-04-26T19:40:43","modified_gmt":"2026-04-26T19:40:43","slug":"chanel-tweed-bronce","status":"publish","type":"product","link":"https:\/\/lasederia.com.py\/en\/product\/chanel-tweed-bronce\/","title":{"rendered":"Chanel Tweed Bronce"},"content":{"rendered":"<p>Chanel Tweed Bronce. Tweed de alta costura con tejido denso y compacto en punto moteado, elaborado con hilo fino negro y marr\u00f3n chocolate\/cobre entretejidos que crean un efecto visual de profundidad y riqueza crom\u00e1tica. La mezcla de ambos tonos genera un color \u00fanico que var\u00eda entre el marr\u00f3n oscuro y el negro seg\u00fan la incidencia de la luz, con destellos sutiles cobrizos y rosados visibles en el detalle. Su estructura s\u00f3lida y elegante lo convierte en una tela de gran versatilidad y car\u00e1cter.<\/p>","protected":false},"excerpt":{"rendered":"<p>Chanel Tweed Bronce. Tweed de alta costura con tejido denso y compacto en punto moteado, elaborado con hilo fino negro y marr\u00f3n chocolate\/cobre entretejidos que crean un efecto visual de profundidad y riqueza crom\u00e1tica. La mezcla de ambos tonos genera un color \u00fanico que var\u00eda entre el marr\u00f3n oscuro y el negro seg\u00fan la incidencia de la luz, con destellos sutiles cobrizos y rosados visibles en el detalle. Su estructura s\u00f3lida y elegante lo convierte en una tela de gran versatilidad y car\u00e1cter.<\/p>","protected":false},"featured_media":1967,"comment_status":"open","ping_status":"closed","template":"","meta":[],"product_brand":[],"product_cat":[1142],"product_tag":[1293,1290,1156,1289,1294,1160,1292,1291,1161,460,1147,291,1216,1243,1191,1149,1108,1195,1150,1288,1143,1287,1296,1261,1148,1286,1192,1295,1247,1297],"class_list":{"0":"post-1965","1":"product","2":"type-product","3":"status-publish","4":"has-post-thumbnail","6":"product_cat-chanel-tweed","7":"product_tag-autumn-winter-fabric","8":"product_tag-black-brown-tweed","9":"product_tag-chanel-tweed","10":"product_tag-chocolate-brown-tweed","11":"product_tag-coat-fabric","12":"product_tag-couture-tweed","13":"product_tag-dark-tweed","14":"product_tag-flecked-tweed","15":"product_tag-jacket-fabric","16":"product_tag-tela-de-lujo","17":"product_tag-tela-estilo-chanel","18":"product_tag-tela-importada","19":"product_tag-tela-oficina-lujo","20":"product_tag-tela-para-abrigo","21":"product_tag-tela-para-blazer","22":"product_tag-tela-para-chaqueta","23":"product_tag-tela-para-disenador","24":"product_tag-tela-para-falda-midi","25":"product_tag-tela-para-traje-sastre","26":"product_tag-tweed-bicolor-oscuro","27":"product_tag-tweed-chanel","28":"product_tag-tweed-chocolate","29":"product_tag-tweed-clasico","30":"product_tag-tweed-compacto","31":"product_tag-tweed-de-alta-costura","32":"product_tag-tweed-marron-negro","33":"product_tag-tweed-moteado","34":"product_tag-tweed-oscuro-elegante","35":"product_tag-tweed-otono-invierno","36":"product_tag-tweed-sofisticado","38":"first","39":"instock","40":"shipping-taxable","41":"purchasable","42":"product-type-simple"},"jetpack_sharing_enabled":true,"_links":{"self":[{"href":"https:\/\/lasederia.com.py\/en\/wp-json\/wp\/v2\/product\/1965","targetHints":{"allow":["GET"]}}],"collection":[{"href":"https:\/\/lasederia.com.py\/en\/wp-json\/wp\/v2\/product"}],"about":[{"href":"https:\/\/lasederia.com.py\/en\/wp-json\/wp\/v2\/types\/product"}],"replies":[{"embeddable":true,"href":"https:\/\/lasederia.com.py\/en\/wp-json\/wp\/v2\/comments?post=1965"}],"wp:featuredmedia":[{"embeddable":true,"href":"https:\/\/lasederia.com.py\/en\/wp-json\/wp\/v2\/media\/1967"}],"wp:attachment":[{"href":"https:\/\/lasederia.com.py\/en\/wp-json\/wp\/v2\/media?parent=1965"}],"wp:term":[{"taxonomy":"product_brand","embeddable":true,"href":"https:\/\/lasederia.com.py\/en\/wp-json\/wp\/v2\/product_brand?post=1965"},{"taxonomy":"product_cat","embeddable":true,"href":"https:\/\/lasederia.com.py\/en\/wp-json\/wp\/v2\/product_cat?post=1965"},{"taxonomy":"product_tag","embeddable":true,"href":"https:\/\/lasederia.com.py\/en\/wp-json\/wp\/v2\/product_tag?post=1965"}],"curies":[{"name":"wp","href":"https:\/\/api.w.org\/{rel}","templated":true}]}}