{"id":1959,"date":"2026-04-26T19:38:20","date_gmt":"2026-04-26T19:38:20","guid":{"rendered":"https:\/\/lasederia.com.py\/?post_type=product&#038;p=1959"},"modified":"2026-04-26T19:38:20","modified_gmt":"2026-04-26T19:38:20","slug":"chanel-tweed-micropaillettes","status":"publish","type":"product","link":"https:\/\/lasederia.com.py\/en\/product\/chanel-tweed-micropaillettes\/","title":{"rendered":"Chanel Tweed Micropaillettes"},"content":{"rendered":"<p>Chanel Tweed Micropaillettes. Tweed de alta costura en tono gris topo\/greige con textura horizontal compacta y refinada, salpicado de micropaillettes plateadas transparentes distribuidas aleatoriamente sobre toda la superficie. El efecto es de una elegancia absolutamente discreta: el brillo aparece y desaparece con el movimiento y la luz, como peque\u00f1as gotas de roc\u00edo sobre la tela. Una propuesta sofisticada que combina la solidez y estructura del tweed cl\u00e1sico con un toque de luminosidad sutil y femenino.<\/p>","protected":false},"excerpt":{"rendered":"<p>Chanel Tweed Micropaillettes. Tweed de alta costura en tono gris topo\/greige con textura horizontal compacta y refinada, salpicado de micropaillettes plateadas transparentes distribuidas aleatoriamente sobre toda la superficie. El efecto es de una elegancia absolutamente discreta: el brillo aparece y desaparece con el movimiento y la luz, como peque\u00f1as gotas de roc\u00edo sobre la tela. Una propuesta sofisticada que combina la solidez y estructura del tweed cl\u00e1sico con un toque de luminosidad sutil y femenino.<\/p>","protected":false},"featured_media":1961,"comment_status":"open","ping_status":"closed","template":"","meta":[],"product_brand":[],"product_cat":[1142],"product_tag":[1156,1160,1161,1280,1283,1281,1282,1279,460,1147,1278,291,1149,1108,1150,1276,1143,1261,1273,1274,1148,1260,1275,1284,1210,1272,1285,1277,1235],"class_list":{"0":"post-1959","1":"product","2":"type-product","3":"status-publish","4":"has-post-thumbnail","6":"product_cat-chanel-tweed","7":"product_tag-chanel-tweed","8":"product_tag-couture-tweed","9":"product_tag-jacket-fabric","10":"product_tag-micro-sequin-tweed","11":"product_tag-office-luxury-fabric","12":"product_tag-scattered-sequin-tweed","13":"product_tag-silver-tweed","14":"product_tag-taupe-grey-tweed","15":"product_tag-tela-de-lujo","16":"product_tag-tela-estilo-chanel","17":"product_tag-tela-gris-plata","18":"product_tag-tela-importada","19":"product_tag-tela-para-chaqueta","20":"product_tag-tela-para-disenador","21":"product_tag-tela-para-traje-sastre","22":"product_tag-tela-para-vestido-midi","23":"product_tag-tweed-chanel","24":"product_tag-tweed-compacto","25":"product_tag-tweed-con-lentejuelas","26":"product_tag-tweed-con-micropaillettes","27":"product_tag-tweed-de-alta-costura","28":"product_tag-tweed-dia-noche","29":"product_tag-tweed-elegante-discreto","30":"product_tag-tweed-femenino","31":"product_tag-tweed-greige","32":"product_tag-tweed-gris-topo","33":"product_tag-tweed-luminoso-sutil","34":"product_tag-tweed-oficina-lujo","35":"product_tag-tweed-plateado","37":"first","38":"instock","39":"shipping-taxable","40":"purchasable","41":"product-type-simple"},"jetpack_sharing_enabled":true,"_links":{"self":[{"href":"https:\/\/lasederia.com.py\/en\/wp-json\/wp\/v2\/product\/1959","targetHints":{"allow":["GET"]}}],"collection":[{"href":"https:\/\/lasederia.com.py\/en\/wp-json\/wp\/v2\/product"}],"about":[{"href":"https:\/\/lasederia.com.py\/en\/wp-json\/wp\/v2\/types\/product"}],"replies":[{"embeddable":true,"href":"https:\/\/lasederia.com.py\/en\/wp-json\/wp\/v2\/comments?post=1959"}],"wp:featuredmedia":[{"embeddable":true,"href":"https:\/\/lasederia.com.py\/en\/wp-json\/wp\/v2\/media\/1961"}],"wp:attachment":[{"href":"https:\/\/lasederia.com.py\/en\/wp-json\/wp\/v2\/media?parent=1959"}],"wp:term":[{"taxonomy":"product_brand","embeddable":true,"href":"https:\/\/lasederia.com.py\/en\/wp-json\/wp\/v2\/product_brand?post=1959"},{"taxonomy":"product_cat","embeddable":true,"href":"https:\/\/lasederia.com.py\/en\/wp-json\/wp\/v2\/product_cat?post=1959"},{"taxonomy":"product_tag","embeddable":true,"href":"https:\/\/lasederia.com.py\/en\/wp-json\/wp\/v2\/product_tag?post=1959"}],"curies":[{"name":"wp","href":"https:\/\/api.w.org\/{rel}","templated":true}]}}