{"id":1953,"date":"2026-04-26T19:36:15","date_gmt":"2026-04-26T19:36:15","guid":{"rendered":"https:\/\/lasederia.com.py\/?post_type=product&#038;p=1953"},"modified":"2026-04-26T19:36:15","modified_gmt":"2026-04-26T19:36:15","slug":"chanel-tweed-boucle-dorado","status":"publish","type":"product","link":"https:\/\/lasederia.com.py\/en\/product\/chanel-tweed-boucle-dorado\/","title":{"rendered":"Chanel Tweed Boucle Dorado"},"content":{"rendered":"<p>Chanel Tweed Boucle Dorado. Tweed de alta costura de gran riqueza textural, tejido en estructura abierta tipo fantas\u00eda con una mezcla artesanal de hilo liso blanco que forma una cuadr\u00edcula estructural, mechones de fibra boucl\u00e9 beige\/champagne con flecos irregulares, e hilo lurex dorado\/plateado entretejido que aporta destellos luminosos en cada movimiento. La combinaci\u00f3n de la trama abierta con los n\u00f3dulos de fibra suelta y el brillo met\u00e1lico crea un tejido tridimensional \u00fanico, de car\u00e1cter claramente couture.<\/p>","protected":false},"excerpt":{"rendered":"<p>Chanel Tweed Boucle Dorado. Tweed de alta costura de gran riqueza textural, tejido en estructura abierta tipo fantas\u00eda con una mezcla artesanal de hilo liso blanco que forma una cuadr\u00edcula estructural, mechones de fibra boucl\u00e9 beige\/champagne con flecos irregulares, e hilo lurex dorado\/plateado entretejido que aporta destellos luminosos en cada movimiento. La combinaci\u00f3n de la trama abierta con los n\u00f3dulos de fibra suelta y el brillo met\u00e1lico crea un tejido tridimensional \u00fanico, de car\u00e1cter claramente couture.<\/p>","protected":false},"featured_media":1954,"comment_status":"open","ping_status":"closed","template":"","meta":[],"product_brand":[],"product_cat":[1142],"product_tag":[789,1156,1160,1269,1271,1159,1234,1255,460,1147,291,1107,1227,1268,1108,1155,1265,1180,1263,1262,1143,1264,1148,1267,1236,1228,1163,1266,1270],"class_list":{"0":"post-1953","1":"product","2":"type-product","3":"status-publish","4":"has-post-thumbnail","6":"product_cat-chanel-tweed","7":"product_tag-bridal-fabric","8":"product_tag-chanel-tweed","9":"product_tag-couture-tweed","10":"product_tag-fantasy-boucle-tweed","11":"product_tag-gold-lurex-tweed","12":"product_tag-open-weave-tweed","13":"product_tag-party-jacket-fabric","14":"product_tag-tela-celebracion","15":"product_tag-tela-de-lujo","16":"product_tag-tela-estilo-chanel","17":"product_tag-tela-importada","18":"product_tag-tela-novia","19":"product_tag-tela-para-blazer-de-fiesta","20":"product_tag-tela-para-chaqueta-de-coleccion","21":"product_tag-tela-para-disenador","22":"product_tag-tela-para-falda-estructurada","23":"product_tag-tweed-abierto","24":"product_tag-tweed-artesanal","25":"product_tag-tweed-blanco-beige-oro","26":"product_tag-tweed-boucle-fantasia","27":"product_tag-tweed-chanel","28":"product_tag-tweed-con-lurex-dorado","29":"product_tag-tweed-de-alta-costura","30":"product_tag-tweed-de-coleccion","31":"product_tag-tweed-luminoso","32":"product_tag-tweed-nupcial","33":"product_tag-tweed-primavera-verano","34":"product_tag-tweed-tridimensional","35":"product_tag-white-beige-gold-tweed","37":"first","38":"instock","39":"shipping-taxable","40":"purchasable","41":"product-type-simple"},"jetpack_sharing_enabled":true,"_links":{"self":[{"href":"https:\/\/lasederia.com.py\/en\/wp-json\/wp\/v2\/product\/1953","targetHints":{"allow":["GET"]}}],"collection":[{"href":"https:\/\/lasederia.com.py\/en\/wp-json\/wp\/v2\/product"}],"about":[{"href":"https:\/\/lasederia.com.py\/en\/wp-json\/wp\/v2\/types\/product"}],"replies":[{"embeddable":true,"href":"https:\/\/lasederia.com.py\/en\/wp-json\/wp\/v2\/comments?post=1953"}],"wp:featuredmedia":[{"embeddable":true,"href":"https:\/\/lasederia.com.py\/en\/wp-json\/wp\/v2\/media\/1954"}],"wp:attachment":[{"href":"https:\/\/lasederia.com.py\/en\/wp-json\/wp\/v2\/media?parent=1953"}],"wp:term":[{"taxonomy":"product_brand","embeddable":true,"href":"https:\/\/lasederia.com.py\/en\/wp-json\/wp\/v2\/product_brand?post=1953"},{"taxonomy":"product_cat","embeddable":true,"href":"https:\/\/lasederia.com.py\/en\/wp-json\/wp\/v2\/product_cat?post=1953"},{"taxonomy":"product_tag","embeddable":true,"href":"https:\/\/lasederia.com.py\/en\/wp-json\/wp\/v2\/product_tag?post=1953"}],"curies":[{"name":"wp","href":"https:\/\/api.w.org\/{rel}","templated":true}]}}