{"id":1944,"date":"2026-04-26T19:33:46","date_gmt":"2026-04-26T19:33:46","guid":{"rendered":"https:\/\/lasederia.com.py\/?post_type=product&#038;p=1944"},"modified":"2026-04-26T19:33:48","modified_gmt":"2026-04-26T19:33:48","slug":"chanel-tweed-lurex","status":"publish","type":"product","link":"https:\/\/lasederia.com.py\/en\/product\/chanel-tweed-lurex\/","title":{"rendered":"Chanel Tweed Lurex"},"content":{"rendered":"<p>Chanel Tweed Lurex. Tweed de alta costura con tejido horizontal denso y compacto, elaborado con hilo natural champagne\/greige entretejido con abundante hilo lurex plateado y dorado que cubre pr\u00e1cticamente toda la superficie, creando un efecto metalizado continuo de gran luminosidad y sofisticaci\u00f3n. A diferencia de los tweeds con brillo puntual, este tejido ofrece una presencia met\u00e1lica total que var\u00eda con la luz, mostrando destellos plateados y dorados simult\u00e1neamente.<\/p>\n<p class=\"font-claude-response-body break-words whitespace-normal leading-[1.7]\">","protected":false},"excerpt":{"rendered":"<p>Chanel Tweed Lurex. Tweed de alta costura con tejido horizontal denso y compacto, elaborado con hilo natural champagne\/greige entretejido con abundante hilo lurex plateado y dorado que cubre pr\u00e1cticamente toda la superficie, creando un efecto metalizado continuo de gran luminosidad y sofisticaci\u00f3n. A diferencia de los tweeds con brillo puntual, este tejido ofrece una presencia met\u00e1lica total que var\u00eda con la luz, mostrando destellos plateados y dorados simult\u00e1neamente.<\/p>","protected":false},"featured_media":1945,"comment_status":"open","ping_status":"closed","template":"","meta":[],"product_brand":[],"product_cat":[1142],"product_tag":[1259,1258,1156,1160,1106,1257,936,1256,1255,460,1147,291,1107,1253,1108,1254,1103,1226,1251,1143,1261,1148,1252,1260,1236,1248,1249,1228,1250],"class_list":{"0":"post-1944","1":"product","2":"type-product","3":"status-publish","4":"has-post-thumbnail","6":"product_cat-chanel-tweed","7":"product_tag-bridal-tweed","8":"product_tag-champagne-tweed","9":"product_tag-chanel-tweed","10":"product_tag-couture-tweed","11":"product_tag-evening-fabric","12":"product_tag-metallic-tweed","13":"product_tag-party-fabric","14":"product_tag-silver-gold-lurex-tweed","15":"product_tag-tela-celebracion","16":"product_tag-tela-de-lujo","17":"product_tag-tela-estilo-chanel","18":"product_tag-tela-importada","19":"product_tag-tela-novia","20":"product_tag-tela-para-chaqueta-de-gala","21":"product_tag-tela-para-disenador","22":"product_tag-tela-para-falda-de-fiesta","23":"product_tag-tela-para-vestido-de-noche","24":"product_tag-tweed-brillante","25":"product_tag-tweed-champagne","26":"product_tag-tweed-chanel","27":"product_tag-tweed-compacto","28":"product_tag-tweed-de-alta-costura","29":"product_tag-tweed-de-fiesta","30":"product_tag-tweed-dia-noche","31":"product_tag-tweed-luminoso","32":"product_tag-tweed-lurex","33":"product_tag-tweed-metalizado","34":"product_tag-tweed-nupcial","35":"product_tag-tweed-plateado-dorado","37":"first","38":"instock","39":"shipping-taxable","40":"purchasable","41":"product-type-simple"},"jetpack_sharing_enabled":true,"_links":{"self":[{"href":"https:\/\/lasederia.com.py\/en\/wp-json\/wp\/v2\/product\/1944","targetHints":{"allow":["GET"]}}],"collection":[{"href":"https:\/\/lasederia.com.py\/en\/wp-json\/wp\/v2\/product"}],"about":[{"href":"https:\/\/lasederia.com.py\/en\/wp-json\/wp\/v2\/types\/product"}],"replies":[{"embeddable":true,"href":"https:\/\/lasederia.com.py\/en\/wp-json\/wp\/v2\/comments?post=1944"}],"wp:featuredmedia":[{"embeddable":true,"href":"https:\/\/lasederia.com.py\/en\/wp-json\/wp\/v2\/media\/1945"}],"wp:attachment":[{"href":"https:\/\/lasederia.com.py\/en\/wp-json\/wp\/v2\/media?parent=1944"}],"wp:term":[{"taxonomy":"product_brand","embeddable":true,"href":"https:\/\/lasederia.com.py\/en\/wp-json\/wp\/v2\/product_brand?post=1944"},{"taxonomy":"product_cat","embeddable":true,"href":"https:\/\/lasederia.com.py\/en\/wp-json\/wp\/v2\/product_cat?post=1944"},{"taxonomy":"product_tag","embeddable":true,"href":"https:\/\/lasederia.com.py\/en\/wp-json\/wp\/v2\/product_tag?post=1944"}],"curies":[{"name":"wp","href":"https:\/\/api.w.org\/{rel}","templated":true}]}}