{"id":1937,"date":"2026-04-26T19:31:26","date_gmt":"2026-04-26T19:31:26","guid":{"rendered":"https:\/\/lasederia.com.py\/?post_type=product&#038;p=1937"},"modified":"2026-04-26T19:31:28","modified_gmt":"2026-04-26T19:31:28","slug":"chanel-tweed-pied-de-poule","status":"publish","type":"product","link":"https:\/\/lasederia.com.py\/en\/product\/chanel-tweed-pied-de-poule\/","title":{"rendered":"Chanel Tweed Pied-de-Poule"},"content":{"rendered":"<p>Chanel Tweed Pied-de-Poule. Tweed de alta costura tejido en patr\u00f3n pied-de-poule (houndstooth) con hilo boucl\u00e9 rizado en dos tonos: blanco roto y dorado mostaza\/ocre, salpicado de n\u00f3dulos blancos irregulares que aportan volumen y car\u00e1cter artesanal. El cl\u00e1sico estampado pied-de-poule reinterpretado en clave boucl\u00e9 le da una personalidad moderna y sofisticada, manteniendo toda la herencia del tweed franc\u00e9s de alta costura. Con excelente cuerpo y estructura.<\/p>","protected":false},"excerpt":{"rendered":"<p>Chanel Tweed Pied-de-Poule. Tweed de alta costura tejido en patr\u00f3n pied-de-poule (houndstooth) con hilo boucl\u00e9 rizado en dos tonos: blanco roto y dorado mostaza\/ocre, salpicado de n\u00f3dulos blancos irregulares que aportan volumen y car\u00e1cter artesanal. El cl\u00e1sico estampado pied-de-poule reinterpretado en clave boucl\u00e9 le da una personalidad moderna y sofisticada, manteniendo toda la herencia del tweed franc\u00e9s de alta costura. Con excelente cuerpo y estructura.<\/p>","protected":false},"featured_media":1938,"comment_status":"open","ping_status":"closed","template":"","meta":[],"product_brand":[],"product_cat":[1142],"product_tag":[1175,1156,1160,1246,1245,1161,1242,460,1241,1147,291,1243,1191,1149,1108,1195,1180,1189,1239,1166,1143,1176,1148,1240,1207,1238,1247,1237,1244],"class_list":{"0":"post-1937","1":"product","2":"type-product","3":"status-publish","4":"has-post-thumbnail","6":"product_cat-chanel-tweed","7":"product_tag-boucle-tweed","8":"product_tag-chanel-tweed","9":"product_tag-couture-tweed","10":"product_tag-gold-ochre-tweed","11":"product_tag-houndstooth-tweed","12":"product_tag-jacket-fabric","13":"product_tag-tela-blanca-texturada","14":"product_tag-tela-de-lujo","15":"product_tag-tela-dorada-mostaza","16":"product_tag-tela-estilo-chanel","17":"product_tag-tela-importada","18":"product_tag-tela-para-abrigo","19":"product_tag-tela-para-blazer","20":"product_tag-tela-para-chaqueta","21":"product_tag-tela-para-disenador","22":"product_tag-tela-para-falda-midi","23":"product_tag-tweed-artesanal","24":"product_tag-tweed-bicolor","25":"product_tag-tweed-blanco-mostaza","26":"product_tag-tweed-boucle","27":"product_tag-tweed-chanel","28":"product_tag-tweed-clasico-moderno","29":"product_tag-tweed-de-alta-costura","30":"product_tag-tweed-dorado-ocre","31":"product_tag-tweed-frances","32":"product_tag-tweed-houndstooth","33":"product_tag-tweed-otono-invierno","34":"product_tag-tweed-pied-de-poule","35":"product_tag-white-mustard-tweed","37":"first","38":"instock","39":"shipping-taxable","40":"purchasable","41":"product-type-simple"},"jetpack_sharing_enabled":true,"_links":{"self":[{"href":"https:\/\/lasederia.com.py\/en\/wp-json\/wp\/v2\/product\/1937","targetHints":{"allow":["GET"]}}],"collection":[{"href":"https:\/\/lasederia.com.py\/en\/wp-json\/wp\/v2\/product"}],"about":[{"href":"https:\/\/lasederia.com.py\/en\/wp-json\/wp\/v2\/types\/product"}],"replies":[{"embeddable":true,"href":"https:\/\/lasederia.com.py\/en\/wp-json\/wp\/v2\/comments?post=1937"}],"wp:featuredmedia":[{"embeddable":true,"href":"https:\/\/lasederia.com.py\/en\/wp-json\/wp\/v2\/media\/1938"}],"wp:attachment":[{"href":"https:\/\/lasederia.com.py\/en\/wp-json\/wp\/v2\/media?parent=1937"}],"wp:term":[{"taxonomy":"product_brand","embeddable":true,"href":"https:\/\/lasederia.com.py\/en\/wp-json\/wp\/v2\/product_brand?post=1937"},{"taxonomy":"product_cat","embeddable":true,"href":"https:\/\/lasederia.com.py\/en\/wp-json\/wp\/v2\/product_cat?post=1937"},{"taxonomy":"product_tag","embeddable":true,"href":"https:\/\/lasederia.com.py\/en\/wp-json\/wp\/v2\/product_tag?post=1937"}],"curies":[{"name":"wp","href":"https:\/\/api.w.org\/{rel}","templated":true}]}}