{"id":1931,"date":"2026-04-26T19:28:51","date_gmt":"2026-04-26T19:28:51","guid":{"rendered":"https:\/\/lasederia.com.py\/?post_type=product&#038;p=1931"},"modified":"2026-04-26T19:29:14","modified_gmt":"2026-04-26T19:29:14","slug":"chanel-tweed-champagne","status":"publish","type":"product","link":"https:\/\/lasederia.com.py\/en\/product\/chanel-tweed-champagne\/","title":{"rendered":"Chanel Tweed Champagne"},"content":{"rendered":"<p>Chanel Tweed Champagne. Tweed de alta costura tejido en estructura tipo cesta (basket weave) con una lujosa mezcla de hilos boucl\u00e9 blanco roto, hilo retorcido champagne\/dorado p\u00e1lido y finos hilos lurex plateado que aportan destellos met\u00e1licos sutiles y sofisticados. La combinaci\u00f3n de estas tres texturas y tonos crea un tejido de gran profundidad visual y car\u00e1cter luminoso, perfecto para prendas de celebraci\u00f3n y colecci\u00f3n.<\/p>","protected":false},"excerpt":{"rendered":"<p>Chanel Tweed Champagne. Tweed de alta costura tejido en estructura tipo cesta (basket weave) con una lujosa mezcla de hilos boucl\u00e9 blanco roto, hilo retorcido champagne\/dorado p\u00e1lido y finos hilos lurex plateado que aportan destellos met\u00e1licos sutiles y sofisticados. La combinaci\u00f3n de estas tres texturas y tonos crea un tejido de gran profundidad visual y car\u00e1cter luminoso, perfecto para prendas de celebraci\u00f3n y colecci\u00f3n.<\/p>","protected":false},"featured_media":1932,"comment_status":"open","ping_status":"closed","template":"","meta":[],"product_brand":[],"product_cat":[1142],"product_tag":[1233,1175,789,1156,1160,1234,1232,460,1147,291,1229,1227,1149,1108,1155,1230,1224,1222,1166,1226,1225,1143,1223,1148,1236,1228,1235,1163,1231],"class_list":{"0":"post-1931","1":"product","2":"type-product","3":"status-publish","4":"has-post-thumbnail","6":"product_cat-chanel-tweed","7":"product_tag-basket-weave-tweed","8":"product_tag-boucle-tweed","9":"product_tag-bridal-fabric","10":"product_tag-chanel-tweed","11":"product_tag-couture-tweed","12":"product_tag-party-jacket-fabric","13":"product_tag-silver-lurex-tweed","14":"product_tag-tela-de-lujo","15":"product_tag-tela-estilo-chanel","16":"product_tag-tela-importada","17":"product_tag-tela-novia-civil","18":"product_tag-tela-para-blazer-de-fiesta","19":"product_tag-tela-para-chaqueta","20":"product_tag-tela-para-disenador","21":"product_tag-tela-para-falda-estructurada","22":"product_tag-tela-resort-lujo","23":"product_tag-tweed-basket-weave","24":"product_tag-tweed-blanco-champagne","25":"product_tag-tweed-boucle","26":"product_tag-tweed-brillante","27":"product_tag-tweed-cesta","28":"product_tag-tweed-chanel","29":"product_tag-tweed-con-lurex-plateado","30":"product_tag-tweed-de-alta-costura","31":"product_tag-tweed-luminoso","32":"product_tag-tweed-nupcial","33":"product_tag-tweed-plateado","34":"product_tag-tweed-primavera-verano","35":"product_tag-white-champagne-tweed","37":"first","38":"instock","39":"shipping-taxable","40":"purchasable","41":"product-type-simple"},"jetpack_sharing_enabled":true,"_links":{"self":[{"href":"https:\/\/lasederia.com.py\/en\/wp-json\/wp\/v2\/product\/1931","targetHints":{"allow":["GET"]}}],"collection":[{"href":"https:\/\/lasederia.com.py\/en\/wp-json\/wp\/v2\/product"}],"about":[{"href":"https:\/\/lasederia.com.py\/en\/wp-json\/wp\/v2\/types\/product"}],"replies":[{"embeddable":true,"href":"https:\/\/lasederia.com.py\/en\/wp-json\/wp\/v2\/comments?post=1931"}],"wp:featuredmedia":[{"embeddable":true,"href":"https:\/\/lasederia.com.py\/en\/wp-json\/wp\/v2\/media\/1932"}],"wp:attachment":[{"href":"https:\/\/lasederia.com.py\/en\/wp-json\/wp\/v2\/media?parent=1931"}],"wp:term":[{"taxonomy":"product_brand","embeddable":true,"href":"https:\/\/lasederia.com.py\/en\/wp-json\/wp\/v2\/product_brand?post=1931"},{"taxonomy":"product_cat","embeddable":true,"href":"https:\/\/lasederia.com.py\/en\/wp-json\/wp\/v2\/product_cat?post=1931"},{"taxonomy":"product_tag","embeddable":true,"href":"https:\/\/lasederia.com.py\/en\/wp-json\/wp\/v2\/product_tag?post=1931"}],"curies":[{"name":"wp","href":"https:\/\/api.w.org\/{rel}","templated":true}]}}