{"id":1914,"date":"2026-04-26T19:20:40","date_gmt":"2026-04-26T19:20:40","guid":{"rendered":"https:\/\/lasederia.com.py\/?post_type=product&#038;p=1914"},"modified":"2026-04-26T19:20:41","modified_gmt":"2026-04-26T19:20:41","slug":"chanel-tweed-motas","status":"publish","type":"product","link":"https:\/\/lasederia.com.py\/en\/product\/chanel-tweed-motas\/","title":{"rendered":"Chanel Tweed Motas"},"content":{"rendered":"<p>Chanel Tweed Motas. Tweed de alta costura tejido en cuadrille abierto con hilo boucl\u00e9 rizado en dos tonos: blanco roto y arena\/camel natural, creando un efecto moteado org\u00e1nico de gran calidez y sofisticaci\u00f3n. La estructura de rejilla semiabierta con n\u00f3dulos de hilo rizado distribuidos uniformemente le aporta volumen, textura tridimensional y una ligereza sorprendente. De inspiraci\u00f3n claramente francesa, evoca las colecciones resort y primavera-verano de las grandes maisons.<\/p>","protected":false},"excerpt":{"rendered":"<p>Chanel Tweed Motas. Tweed de alta costura tejido en cuadrille abierto con hilo boucl\u00e9 rizado en dos tonos: blanco roto y arena\/camel natural, creando un efecto moteado org\u00e1nico de gran calidez y sofisticaci\u00f3n. La estructura de rejilla semiabierta con n\u00f3dulos de hilo rizado distribuidos uniformemente le aporta volumen, textura tridimensional y una ligereza sorprendente. De inspiraci\u00f3n claramente francesa, evoca las colecciones resort y primavera-verano de las grandes maisons.<\/p>","protected":false},"featured_media":1915,"comment_status":"open","ping_status":"closed","template":"","meta":[],"product_brand":[],"product_cat":[1142],"product_tag":[1175,1156,1160,1161,1198,1199,1193,1194,460,1147,291,1191,1149,1108,1195,594,1189,1188,1166,1143,1146,1148,1192,1190,1200,1163,1169,1197,1196],"class_list":{"0":"post-1914","1":"product","2":"type-product","3":"status-publish","4":"has-post-thumbnail","6":"product_cat-chanel-tweed","7":"product_tag-boucle-tweed","8":"product_tag-chanel-tweed","9":"product_tag-couture-tweed","10":"product_tag-jacket-fabric","11":"product_tag-natural-tweed","12":"product_tag-open-grid-tweed","13":"product_tag-tela-arena-camel","14":"product_tag-tela-blanca-natural","15":"product_tag-tela-de-lujo","16":"product_tag-tela-estilo-chanel","17":"product_tag-tela-importada","18":"product_tag-tela-para-blazer","19":"product_tag-tela-para-chaqueta","20":"product_tag-tela-para-disenador","21":"product_tag-tela-para-falda-midi","22":"product_tag-tela-resort","23":"product_tag-tweed-bicolor","24":"product_tag-tweed-blanco-arena","25":"product_tag-tweed-boucle","26":"product_tag-tweed-chanel","27":"product_tag-tweed-cuadrille","28":"product_tag-tweed-de-alta-costura","29":"product_tag-tweed-moteado","30":"product_tag-tweed-natural","31":"product_tag-tweed-organico","32":"product_tag-tweed-primavera-verano","33":"product_tag-tweed-texturado","34":"product_tag-two-tone-tweed","35":"product_tag-white-sand-tweed","37":"first","38":"instock","39":"shipping-taxable","40":"purchasable","41":"product-type-simple"},"jetpack_sharing_enabled":true,"_links":{"self":[{"href":"https:\/\/lasederia.com.py\/en\/wp-json\/wp\/v2\/product\/1914","targetHints":{"allow":["GET"]}}],"collection":[{"href":"https:\/\/lasederia.com.py\/en\/wp-json\/wp\/v2\/product"}],"about":[{"href":"https:\/\/lasederia.com.py\/en\/wp-json\/wp\/v2\/types\/product"}],"replies":[{"embeddable":true,"href":"https:\/\/lasederia.com.py\/en\/wp-json\/wp\/v2\/comments?post=1914"}],"wp:featuredmedia":[{"embeddable":true,"href":"https:\/\/lasederia.com.py\/en\/wp-json\/wp\/v2\/media\/1915"}],"wp:attachment":[{"href":"https:\/\/lasederia.com.py\/en\/wp-json\/wp\/v2\/media?parent=1914"}],"wp:term":[{"taxonomy":"product_brand","embeddable":true,"href":"https:\/\/lasederia.com.py\/en\/wp-json\/wp\/v2\/product_brand?post=1914"},{"taxonomy":"product_cat","embeddable":true,"href":"https:\/\/lasederia.com.py\/en\/wp-json\/wp\/v2\/product_cat?post=1914"},{"taxonomy":"product_tag","embeddable":true,"href":"https:\/\/lasederia.com.py\/en\/wp-json\/wp\/v2\/product_tag?post=1914"}],"curies":[{"name":"wp","href":"https:\/\/api.w.org\/{rel}","templated":true}]}}