{"id":1908,"date":"2026-04-26T19:17:04","date_gmt":"2026-04-26T19:17:04","guid":{"rendered":"https:\/\/lasederia.com.py\/?post_type=product&#038;p=1908"},"modified":"2026-04-26T19:17:05","modified_gmt":"2026-04-26T19:17:05","slug":"chanel-tweed-cuadrille","status":"publish","type":"product","link":"https:\/\/lasederia.com.py\/en\/product\/chanel-tweed-cuadrille\/","title":{"rendered":"Chanel Tweed Cuadrill\u00e9"},"content":{"rendered":"<p>Chanel Tweed Cuadrill\u00e9. Tweed de alta costura de gran riqueza textural, tejido en cuadrille con una mezcla artesanal de hilos boucl\u00e9 rizado blanco, cintas satinadas vainilla\/champagne y hilo liso crema, creando un patr\u00f3n de cuadros tridimensional de exquisita profundidad. La alternancia de texturas mate, rizada y brillante le otorga un car\u00e1cter lujoso y artesanal \u00fanico, caracter\u00edstico de las grandes maisons francesas.<\/p>","protected":false},"excerpt":{"rendered":"<p>Chanel Tweed Cuadrill\u00e9. Tweed de alta costura de gran riqueza textural, tejido en cuadrille con una mezcla artesanal de hilos boucl\u00e9 rizado blanco, cintas satinadas vainilla\/champagne y hilo liso crema, creando un patr\u00f3n de cuadros tridimensional de exquisita profundidad. La alternancia de texturas mate, rizada y brillante le otorga un car\u00e1cter lujoso y artesanal \u00fanico, caracter\u00edstico de las grandes maisons francesas.<\/p>","protected":false},"featured_media":1909,"comment_status":"open","ping_status":"closed","template":"","meta":[],"product_brand":[],"product_cat":[1142],"product_tag":[1175,789,1164,1156,1160,1185,1161,1184,1181,460,1147,291,1149,1108,1155,1182,1150,594,1165,1180,1177,1166,1143,1178,1146,1186,1148,1187,1179,1183],"class_list":{"0":"post-1908","1":"product","2":"type-product","3":"status-publish","4":"has-post-thumbnail","6":"product_cat-chanel-tweed","7":"product_tag-boucle-tweed","8":"product_tag-bridal-fabric","9":"product_tag-chanel","10":"product_tag-chanel-tweed","11":"product_tag-couture-tweed","12":"product_tag-grid-tweed","13":"product_tag-jacket-fabric","14":"product_tag-satin-ribbon-tweed","15":"product_tag-tela-blanca-champagne","16":"product_tag-tela-de-lujo","17":"product_tag-tela-estilo-chanel","18":"product_tag-tela-importada","19":"product_tag-tela-para-chaqueta","20":"product_tag-tela-para-disenador","21":"product_tag-tela-para-falda-estructurada","22":"product_tag-tela-para-novia-civil","23":"product_tag-tela-para-traje-sastre","24":"product_tag-tela-resort","25":"product_tag-tweed","26":"product_tag-tweed-artesanal","27":"product_tag-tweed-blanco-vainilla","28":"product_tag-tweed-boucle","29":"product_tag-tweed-chanel","30":"product_tag-tweed-con-cinta-satinada","31":"product_tag-tweed-cuadrille","32":"product_tag-tweed-cuadros","33":"product_tag-tweed-de-alta-costura","34":"product_tag-tweed-primavera","35":"product_tag-tweed-texturado-3d","36":"product_tag-white-vanilla-tweed","38":"first","39":"instock","40":"shipping-taxable","41":"purchasable","42":"product-type-simple"},"jetpack_sharing_enabled":true,"_links":{"self":[{"href":"https:\/\/lasederia.com.py\/en\/wp-json\/wp\/v2\/product\/1908","targetHints":{"allow":["GET"]}}],"collection":[{"href":"https:\/\/lasederia.com.py\/en\/wp-json\/wp\/v2\/product"}],"about":[{"href":"https:\/\/lasederia.com.py\/en\/wp-json\/wp\/v2\/types\/product"}],"replies":[{"embeddable":true,"href":"https:\/\/lasederia.com.py\/en\/wp-json\/wp\/v2\/comments?post=1908"}],"wp:featuredmedia":[{"embeddable":true,"href":"https:\/\/lasederia.com.py\/en\/wp-json\/wp\/v2\/media\/1909"}],"wp:attachment":[{"href":"https:\/\/lasederia.com.py\/en\/wp-json\/wp\/v2\/media?parent=1908"}],"wp:term":[{"taxonomy":"product_brand","embeddable":true,"href":"https:\/\/lasederia.com.py\/en\/wp-json\/wp\/v2\/product_brand?post=1908"},{"taxonomy":"product_cat","embeddable":true,"href":"https:\/\/lasederia.com.py\/en\/wp-json\/wp\/v2\/product_cat?post=1908"},{"taxonomy":"product_tag","embeddable":true,"href":"https:\/\/lasederia.com.py\/en\/wp-json\/wp\/v2\/product_tag?post=1908"}],"curies":[{"name":"wp","href":"https:\/\/api.w.org\/{rel}","templated":true}]}}