{"id":1889,"date":"2026-04-26T19:04:44","date_gmt":"2026-04-26T19:04:44","guid":{"rendered":"https:\/\/lasederia.com.py\/?post_type=product&#038;p=1889"},"modified":"2026-04-26T19:04:44","modified_gmt":"2026-04-26T19:04:44","slug":"tul-bordado-botanico-negro","status":"publish","type":"product","link":"https:\/\/lasederia.com.py\/en\/product\/tul-bordado-botanico-negro\/","title":{"rendered":"Tul Bordado Bot\u00e1nico Negro"},"content":{"rendered":"<p>Tul Bordado Bot\u00e1nico Negro. Tul de alta costura con bordado artesanal denso en motivo bot\u00e1nico de helechos y hojas ondulantes. Elaborado con mostacillas tubulares negras jet, mostacillas redondas negras, lentejuelas negras y bordado en hilo negro, creando un juego de texturas mate y satinadas de gran sofisticaci\u00f3n. El dise\u00f1o fluido y org\u00e1nico cubre generosamente la tela, con terminaci\u00f3n en orilla trenzada negra.<\/p>","protected":false},"excerpt":{"rendered":"<p>Tul Bordado Bot\u00e1nico Negro. Tul de alta costura con bordado artesanal denso en motivo bot\u00e1nico de helechos y hojas ondulantes. Elaborado con mostacillas tubulares negras jet, mostacillas redondas negras, lentejuelas negras y bordado en hilo negro, creando un juego de texturas mate y satinadas de gran sofisticaci\u00f3n. El dise\u00f1o fluido y org\u00e1nico cubre generosamente la tela, con terminaci\u00f3n en orilla trenzada negra.<\/p>","protected":false},"featured_media":1890,"comment_status":"open","ping_status":"closed","template":"","meta":[],"product_brand":[],"product_cat":[31],"product_tag":[933,968,1113,1141,1000,492,895,1139,914,1140,1136,622,1119,460,756,1138,1108,1103,100,991,1137,447,1104,113,1111,1135],"class_list":{"0":"post-1889","1":"product","2":"type-product","3":"status-publish","4":"has-post-thumbnail","6":"product_cat-tul-bordado-colores","7":"product_tag-beaded-tulle","8":"product_tag-black-tulle","9":"product_tag-bordado-artesanal","10":"product_tag-bordado-botanico","11":"product_tag-botanical-tulle","12":"product_tag-couture-fabric","13":"product_tag-embroidered-tulle","14":"product_tag-fern-tulle","15":"product_tag-ivory-tulle","16":"product_tag-mostacilla-negra-jet","17":"product_tag-motivo-helecho","18":"product_tag-tela-alta-costura","19":"product_tag-tela-bordada-a-mano","20":"product_tag-tela-de-lujo","21":"product_tag-tela-floral-negra","22":"product_tag-tela-para-coctel","23":"product_tag-tela-para-disenador","24":"product_tag-tela-para-vestido-de-noche","25":"product_tag-tul-bordado","26":"product_tag-tul-botanico","27":"product_tag-tul-con-lentejuelas-negras","28":"product_tag-tul-con-mostacillas","29":"product_tag-tul-couture","30":"product_tag-tul-elegante","31":"product_tag-tul-importado","32":"product_tag-tul-negro-ivory","34":"first","35":"instock","36":"shipping-taxable","37":"purchasable","38":"product-type-simple"},"jetpack_sharing_enabled":true,"_links":{"self":[{"href":"https:\/\/lasederia.com.py\/en\/wp-json\/wp\/v2\/product\/1889","targetHints":{"allow":["GET"]}}],"collection":[{"href":"https:\/\/lasederia.com.py\/en\/wp-json\/wp\/v2\/product"}],"about":[{"href":"https:\/\/lasederia.com.py\/en\/wp-json\/wp\/v2\/types\/product"}],"replies":[{"embeddable":true,"href":"https:\/\/lasederia.com.py\/en\/wp-json\/wp\/v2\/comments?post=1889"}],"wp:featuredmedia":[{"embeddable":true,"href":"https:\/\/lasederia.com.py\/en\/wp-json\/wp\/v2\/media\/1890"}],"wp:attachment":[{"href":"https:\/\/lasederia.com.py\/en\/wp-json\/wp\/v2\/media?parent=1889"}],"wp:term":[{"taxonomy":"product_brand","embeddable":true,"href":"https:\/\/lasederia.com.py\/en\/wp-json\/wp\/v2\/product_brand?post=1889"},{"taxonomy":"product_cat","embeddable":true,"href":"https:\/\/lasederia.com.py\/en\/wp-json\/wp\/v2\/product_cat?post=1889"},{"taxonomy":"product_tag","embeddable":true,"href":"https:\/\/lasederia.com.py\/en\/wp-json\/wp\/v2\/product_tag?post=1889"}],"curies":[{"name":"wp","href":"https:\/\/api.w.org\/{rel}","templated":true}]}}