{"id":1881,"date":"2026-04-26T19:01:14","date_gmt":"2026-04-26T19:01:14","guid":{"rendered":"https:\/\/lasederia.com.py\/?post_type=product&#038;p=1881"},"modified":"2026-04-26T19:01:15","modified_gmt":"2026-04-26T19:01:15","slug":"tul-bordado-espejos-dorados","status":"publish","type":"product","link":"https:\/\/lasederia.com.py\/en\/product\/tul-bordado-espejos-dorados\/","title":{"rendered":"Tul Bordado Espejos Dorados"},"content":{"rendered":"<p>Tul Bordado Espejos Dorados. Tul de alta costura con bordado artesanal de lujo en motivo de hojas y flores. Elaborado con espejos acr\u00edlicos dorados en formas geom\u00e9tricas variadas (rect\u00e1ngulos, tri\u00e1ngulos, rombos, barras), cadena met\u00e1lica dorada retorcida que delinea cada motivo, y strass cristal en distintos tama\u00f1os y cortes (gota, oval, cuadrado). El efecto mosaico dorado crea un brillo extraordinario y una textura tridimensional \u00fanica.<\/p>","protected":false},"excerpt":{"rendered":"<p>Tul Bordado Espejos Dorados. Tul de alta costura con bordado artesanal de lujo en motivo de hojas y flores. Elaborado con espejos acr\u00edlicos dorados en formas geom\u00e9tricas variadas (rect\u00e1ngulos, tri\u00e1ngulos, rombos, barras), cadena met\u00e1lica dorada retorcida que delinea cada motivo, y strass cristal en distintos tama\u00f1os y cortes (gota, oval, cuadrado). El efecto mosaico dorado crea un brillo extraordinario y una textura tridimensional \u00fanica.<\/p>","protected":false},"featured_media":1882,"comment_status":"open","ping_status":"closed","template":"","meta":[],"product_brand":[],"product_cat":[29],"product_tag":[1113,789,1134,492,1130,895,1132,958,1129,1125,1001,1131,1133,622,1119,460,1126,1108,1128,539,100,1124,1127,1122,1123,1104,952,1111,470],"class_list":{"0":"post-1881","1":"product","2":"type-product","3":"status-publish","4":"has-post-thumbnail","6":"product_cat-tul-bordado-exclusivo","7":"product_tag-bordado-artesanal","8":"product_tag-bridal-fabric","9":"product_tag-cadena-dorada","10":"product_tag-couture-fabric","11":"product_tag-crystal-tulle","12":"product_tag-embroidered-tulle","13":"product_tag-espejos-geometricos","14":"product_tag-gold-tulle","15":"product_tag-mirror-tulle","16":"product_tag-motivo-hoja","17":"product_tag-rhinestone-tulle","18":"product_tag-sequin-mirror-fabric","19":"product_tag-strass-cristal","20":"product_tag-tela-alta-costura","21":"product_tag-tela-bordada-a-mano","22":"product_tag-tela-de-lujo","23":"product_tag-tela-mosaico-dorado","24":"product_tag-tela-para-disenador","25":"product_tag-tela-para-gala","26":"product_tag-tela-para-vestido-de-novia","27":"product_tag-tul-bordado","28":"product_tag-tul-con-cadena","29":"product_tag-tul-con-cristales","30":"product_tag-tul-con-espejos","31":"product_tag-tul-con-strass","32":"product_tag-tul-couture","33":"product_tag-tul-dorado","34":"product_tag-tul-importado","35":"product_tag-tul-ivory","37":"first","38":"instock","39":"shipping-taxable","40":"purchasable","41":"product-type-simple"},"jetpack_sharing_enabled":true,"_links":{"self":[{"href":"https:\/\/lasederia.com.py\/en\/wp-json\/wp\/v2\/product\/1881","targetHints":{"allow":["GET"]}}],"collection":[{"href":"https:\/\/lasederia.com.py\/en\/wp-json\/wp\/v2\/product"}],"about":[{"href":"https:\/\/lasederia.com.py\/en\/wp-json\/wp\/v2\/types\/product"}],"replies":[{"embeddable":true,"href":"https:\/\/lasederia.com.py\/en\/wp-json\/wp\/v2\/comments?post=1881"}],"wp:featuredmedia":[{"embeddable":true,"href":"https:\/\/lasederia.com.py\/en\/wp-json\/wp\/v2\/media\/1882"}],"wp:attachment":[{"href":"https:\/\/lasederia.com.py\/en\/wp-json\/wp\/v2\/media?parent=1881"}],"wp:term":[{"taxonomy":"product_brand","embeddable":true,"href":"https:\/\/lasederia.com.py\/en\/wp-json\/wp\/v2\/product_brand?post=1881"},{"taxonomy":"product_cat","embeddable":true,"href":"https:\/\/lasederia.com.py\/en\/wp-json\/wp\/v2\/product_cat?post=1881"},{"taxonomy":"product_tag","embeddable":true,"href":"https:\/\/lasederia.com.py\/en\/wp-json\/wp\/v2\/product_tag?post=1881"}],"curies":[{"name":"wp","href":"https:\/\/api.w.org\/{rel}","templated":true}]}}