{"id":1874,"date":"2026-04-26T18:54:52","date_gmt":"2026-04-26T18:54:52","guid":{"rendered":"https:\/\/lasederia.com.py\/?post_type=product&#038;p=1874"},"modified":"2026-04-26T18:54:52","modified_gmt":"2026-04-26T18:54:52","slug":"tul-bordado-azul","status":"publish","type":"product","link":"https:\/\/lasederia.com.py\/en\/product\/tul-bordado-azul\/","title":{"rendered":"Tul Bordado Azul"},"content":{"rendered":"<p>Tul Bordado Azul. Tul de alta costura con suntuoso bordado artesanal en motivo de pluma de pavo real. Elaborado con mostacillas tubulares grafito y lentejuelas azul navy, perlas semiesf\u00e9ricas azul marino y bordado en hilo de seda azul petr\u00f3leo. El dise\u00f1o ogival repetido crea un efecto damasco lujoso y sofisticado terminado con orilla tejida en la parte inferior.<\/p>","protected":false},"excerpt":{"rendered":"<p>Tul Bordado Azul. Tul de alta costura con suntuoso bordado artesanal en motivo de pluma de pavo real. Elaborado con mostacillas tubulares grafito y lentejuelas azul navy, perlas semiesf\u00e9ricas azul marino y bordado en hilo de seda azul petr\u00f3leo. El dise\u00f1o ogival repetido crea un efecto damasco lujoso y sofisticado terminado con orilla tejida en la parte inferior.<\/p>","protected":false},"featured_media":1875,"comment_status":"open","ping_status":"closed","template":"","meta":[],"product_brand":[],"product_cat":[31],"product_tag":[933,1113,789,492,895,1121,1114,1118,1117,897,622,1119,1115,460,1108,642,1103,1112,100,1116,448,447,483,1104,1111,981,1120],"class_list":{"0":"post-1874","1":"product","2":"type-product","3":"status-publish","4":"has-post-thumbnail","6":"product_cat-tul-bordado-colores","7":"product_tag-beaded-tulle","8":"product_tag-bordado-artesanal","9":"product_tag-bridal-fabric","10":"product_tag-couture-fabric","11":"product_tag-embroidered-tulle","12":"product_tag-mostacilla-grafito","13":"product_tag-motivo-pavo-real","14":"product_tag-navy-tulle","15":"product_tag-peacock-tulle","16":"product_tag-sequin-tulle","17":"product_tag-tela-alta-costura","18":"product_tag-tela-bordada-a-mano","19":"product_tag-tela-damasco-bordada","20":"product_tag-tela-de-lujo","21":"product_tag-tela-para-disenador","22":"product_tag-tela-para-novia","23":"product_tag-tela-para-vestido-de-noche","24":"product_tag-tul-azul-navy","25":"product_tag-tul-bordado","26":"product_tag-tul-bordado-azul","27":"product_tag-tul-con-lentejuelas","28":"product_tag-tul-con-mostacillas","29":"product_tag-tul-con-perlas","30":"product_tag-tul-couture","31":"product_tag-tul-importado","32":"product_tag-tul-nude","33":"product_tag-tul-ogival","35":"first","36":"instock","37":"shipping-taxable","38":"purchasable","39":"product-type-simple"},"jetpack_sharing_enabled":true,"_links":{"self":[{"href":"https:\/\/lasederia.com.py\/en\/wp-json\/wp\/v2\/product\/1874","targetHints":{"allow":["GET"]}}],"collection":[{"href":"https:\/\/lasederia.com.py\/en\/wp-json\/wp\/v2\/product"}],"about":[{"href":"https:\/\/lasederia.com.py\/en\/wp-json\/wp\/v2\/types\/product"}],"replies":[{"embeddable":true,"href":"https:\/\/lasederia.com.py\/en\/wp-json\/wp\/v2\/comments?post=1874"}],"wp:featuredmedia":[{"embeddable":true,"href":"https:\/\/lasederia.com.py\/en\/wp-json\/wp\/v2\/media\/1875"}],"wp:attachment":[{"href":"https:\/\/lasederia.com.py\/en\/wp-json\/wp\/v2\/media?parent=1874"}],"wp:term":[{"taxonomy":"product_brand","embeddable":true,"href":"https:\/\/lasederia.com.py\/en\/wp-json\/wp\/v2\/product_brand?post=1874"},{"taxonomy":"product_cat","embeddable":true,"href":"https:\/\/lasederia.com.py\/en\/wp-json\/wp\/v2\/product_cat?post=1874"},{"taxonomy":"product_tag","embeddable":true,"href":"https:\/\/lasederia.com.py\/en\/wp-json\/wp\/v2\/product_tag?post=1874"}],"curies":[{"name":"wp","href":"https:\/\/api.w.org\/{rel}","templated":true}]}}