{"id":1859,"date":"2026-04-14T04:38:08","date_gmt":"2026-04-14T04:38:08","guid":{"rendered":"https:\/\/lasederia.com.py\/?post_type=product&#038;p=1859"},"modified":"2026-04-14T04:38:09","modified_gmt":"2026-04-14T04:38:09","slug":"encaje-geometrico-art-deco","status":"publish","type":"product","link":"https:\/\/lasederia.com.py\/en\/product\/encaje-geometrico-art-deco\/","title":{"rendered":"Encaje Geom\u00e9trico Art D\u00e9co"},"content":{"rendered":"<p>Encaje Geom\u00e9trico Art D\u00e9co. Dise\u00f1o geom\u00e9trico de medallones ojivales y abanicos conc\u00e9ntricos de inspiraci\u00f3n Art D\u00e9co. La estructura del encaje est\u00e1 formada por l\u00edneas paralelas fin\u00edsimas dispuestas en abanico que crean vol\u00famenes ovalados y romboidales de gran precisi\u00f3n, con remates en fest\u00f3n de puntas en ambos bordes. Sobre esta base geom\u00e9trica se aplican flores peque\u00f1as bordadas con canutillos transl\u00facidos y microlentejuelas nacaradas que aportan destellos discretos y elegantes distribuidos con ritmo uniforme a lo largo de toda la pieza. El detalle macro revela una calidad de tejido con tramado fino y abierto muy caracter\u00edstico del encaje nupcial de categor\u00eda.<\/p>","protected":false},"excerpt":{"rendered":"<p>Encaje Geom\u00e9trico Art D\u00e9co. Dise\u00f1o geom\u00e9trico de medallones ojivales y abanicos conc\u00e9ntricos de inspiraci\u00f3n Art D\u00e9co. La estructura del encaje est\u00e1 formada por l\u00edneas paralelas fin\u00edsimas dispuestas en abanico que crean vol\u00famenes ovalados y romboidales de gran precisi\u00f3n, con remates en fest\u00f3n de puntas en ambos bordes. Sobre esta base geom\u00e9trica se aplican flores peque\u00f1as bordadas con canutillos transl\u00facidos y microlentejuelas nacaradas que aportan destellos discretos y elegantes distribuidos con ritmo uniforme a lo largo de toda la pieza. El detalle macro revela una calidad de tejido con tramado fino y abierto muy caracter\u00edstico del encaje nupcial de categor\u00eda.<\/p>","protected":false},"featured_media":1861,"comment_status":"open","ping_status":"closed","template":"","meta":[],"product_brand":[],"product_cat":[885,19],"product_tag":[1094,1096,632,635,634,1089,641,1077,81,1078,1079,1080,1081,1076,1090,1083,1075,1091,1084,1087,1085,1082,1086,1097,1095,1099,636,1093,1098,1088,639,1092],"class_list":{"0":"post-1859","1":"product","2":"type-product","3":"status-publish","4":"has-post-thumbnail","6":"product_cat-encaje-blanco","7":"product_cat-the-bridal-edit","8":"product_tag-art-deco-lace","9":"product_tag-beaded-lace","10":"product_tag-bridal-lace","11":"product_tag-couture-lace","12":"product_tag-embroidered-lace","13":"product_tag-encaje-abanico","14":"product_tag-encaje-alta-costura","15":"product_tag-encaje-art-deco","16":"product_tag-encaje-blanco","17":"product_tag-encaje-con-canutillos","18":"product_tag-encaje-con-flores-bordadas","19":"product_tag-encaje-con-lentejuelas","20":"product_tag-encaje-feston","21":"product_tag-encaje-geometrico","22":"product_tag-encaje-medallon","23":"product_tag-encaje-nupcial","24":"product_tag-encaje-off-white","25":"product_tag-encaje-ojival","26":"product_tag-encaje-para-vestido-de-novia","27":"product_tag-encaje-por-metro","28":"product_tag-encaje-primera-comunion","29":"product_tag-encaje-puntas","30":"product_tag-encaje-quinceanera","31":"product_tag-first-communion-lace","32":"product_tag-geometric-lace","33":"product_tag-lace-by-the-yard","34":"product_tag-lace-fabric","35":"product_tag-off-white-lace","36":"product_tag-scallop-lace","37":"product_tag-tela-encaje","38":"product_tag-wedding-lace","39":"product_tag-white-lace","41":"first","42":"instock","43":"shipping-taxable","44":"purchasable","45":"product-type-simple"},"jetpack_sharing_enabled":true,"_links":{"self":[{"href":"https:\/\/lasederia.com.py\/en\/wp-json\/wp\/v2\/product\/1859","targetHints":{"allow":["GET"]}}],"collection":[{"href":"https:\/\/lasederia.com.py\/en\/wp-json\/wp\/v2\/product"}],"about":[{"href":"https:\/\/lasederia.com.py\/en\/wp-json\/wp\/v2\/types\/product"}],"replies":[{"embeddable":true,"href":"https:\/\/lasederia.com.py\/en\/wp-json\/wp\/v2\/comments?post=1859"}],"wp:featuredmedia":[{"embeddable":true,"href":"https:\/\/lasederia.com.py\/en\/wp-json\/wp\/v2\/media\/1861"}],"wp:attachment":[{"href":"https:\/\/lasederia.com.py\/en\/wp-json\/wp\/v2\/media?parent=1859"}],"wp:term":[{"taxonomy":"product_brand","embeddable":true,"href":"https:\/\/lasederia.com.py\/en\/wp-json\/wp\/v2\/product_brand?post=1859"},{"taxonomy":"product_cat","embeddable":true,"href":"https:\/\/lasederia.com.py\/en\/wp-json\/wp\/v2\/product_cat?post=1859"},{"taxonomy":"product_tag","embeddable":true,"href":"https:\/\/lasederia.com.py\/en\/wp-json\/wp\/v2\/product_tag?post=1859"}],"curies":[{"name":"wp","href":"https:\/\/api.w.org\/{rel}","templated":true}]}}