{"id":1853,"date":"2026-04-14T04:33:26","date_gmt":"2026-04-14T04:33:26","guid":{"rendered":"https:\/\/lasederia.com.py\/?post_type=product&#038;p=1853"},"modified":"2026-04-14T04:33:26","modified_gmt":"2026-04-14T04:33:26","slug":"brocato-floral-magnolia","status":"publish","type":"product","link":"https:\/\/lasederia.com.py\/en\/product\/brocato-floral-magnolia\/","title":{"rendered":"Brocato Floral Magnolia"},"content":{"rendered":"<p>Brocato Floral Magnolia. Dise\u00f1o de flores magnolia de gran escala en blanco iridiscente nacarado. Las flores y hojas est\u00e1n trabajadas en alto relieve tridimensional con textura arrugada y efecto cloqu\u00e9 que les otorga un volumen y presencia excepcionales. Cada p\u00e9talo muestra una superficie texturada con nervaduras y pliegues naturales que capturan la luz de forma diferente seg\u00fan el \u00e1ngulo, creando un juego de brillos y sombras muy sofisticado. El contraste entre el fondo nude liso y las flores blancas en relieve genera una elegancia tonal de gran impacto visual.<\/p>","protected":false},"excerpt":{"rendered":"<p>Brocato Floral Magnolia. Dise\u00f1o de flores magnolia de gran escala en blanco iridiscente nacarado. Las flores y hojas est\u00e1n trabajadas en alto relieve tridimensional con textura arrugada y efecto cloqu\u00e9 que les otorga un volumen y presencia excepcionales. Cada p\u00e9talo muestra una superficie texturada con nervaduras y pliegues naturales que capturan la luz de forma diferente seg\u00fan el \u00e1ngulo, creando un juego de brillos y sombras muy sofisticado. El contraste entre el fondo nude liso y las flores blancas en relieve genera una elegancia tonal de gran impacto visual.<\/p>","protected":false},"featured_media":1854,"comment_status":"open","ping_status":"closed","template":"","meta":[],"product_brand":[],"product_cat":[30],"product_tag":[1069,1072,1065,1053,1059,1049,1055,1058,1052,1048,1054,1051,1050,1056,1057,1070,1073,804,950,1068,1067,1071,1074,1063,1060,1062,1061,913,539,1064,795,1066],"class_list":{"0":"post-1853","1":"product","2":"type-product","3":"status-publish","4":"has-post-thumbnail","6":"product_cat-tules-blancos","7":"product_tag-3d-floral-brocade","8":"product_tag-bridal-brocade","9":"product_tag-brocade-fabric","10":"product_tag-brocato-3d","11":"product_tag-brocato-alta-costura","12":"product_tag-brocato-blanco","13":"product_tag-brocato-cloque","14":"product_tag-brocato-de-gala","15":"product_tag-brocato-en-relieve","16":"product_tag-brocato-floral","17":"product_tag-brocato-flores-grandes","18":"product_tag-brocato-magnolia","19":"product_tag-brocato-nude","20":"product_tag-brocato-nupcial","21":"product_tag-brocato-para-vestido-de-novia","22":"product_tag-cloque-fabric","23":"product_tag-fabric-by-the-yard","24":"product_tag-floral-fabric","25":"product_tag-haute-couture-fabric","26":"product_tag-magnolia-brocade","27":"product_tag-nude-brocade","28":"product_tag-relief-fabric","29":"product_tag-structured-bridal-fabric","30":"product_tag-tela-blanca-nude","31":"product_tag-tela-brocada","32":"product_tag-tela-de-gala","33":"product_tag-tela-floral-en-relieve","34":"product_tag-tela-nupcial","35":"product_tag-tela-para-vestido-de-novia","36":"product_tag-tela-por-metro","37":"product_tag-wedding-fabric","38":"product_tag-white-brocade","40":"first","41":"instock","42":"shipping-taxable","43":"purchasable","44":"product-type-simple"},"jetpack_sharing_enabled":true,"_links":{"self":[{"href":"https:\/\/lasederia.com.py\/en\/wp-json\/wp\/v2\/product\/1853","targetHints":{"allow":["GET"]}}],"collection":[{"href":"https:\/\/lasederia.com.py\/en\/wp-json\/wp\/v2\/product"}],"about":[{"href":"https:\/\/lasederia.com.py\/en\/wp-json\/wp\/v2\/types\/product"}],"replies":[{"embeddable":true,"href":"https:\/\/lasederia.com.py\/en\/wp-json\/wp\/v2\/comments?post=1853"}],"wp:featuredmedia":[{"embeddable":true,"href":"https:\/\/lasederia.com.py\/en\/wp-json\/wp\/v2\/media\/1854"}],"wp:attachment":[{"href":"https:\/\/lasederia.com.py\/en\/wp-json\/wp\/v2\/media?parent=1853"}],"wp:term":[{"taxonomy":"product_brand","embeddable":true,"href":"https:\/\/lasederia.com.py\/en\/wp-json\/wp\/v2\/product_brand?post=1853"},{"taxonomy":"product_cat","embeddable":true,"href":"https:\/\/lasederia.com.py\/en\/wp-json\/wp\/v2\/product_cat?post=1853"},{"taxonomy":"product_tag","embeddable":true,"href":"https:\/\/lasederia.com.py\/en\/wp-json\/wp\/v2\/product_tag?post=1853"}],"curies":[{"name":"wp","href":"https:\/\/api.w.org\/{rel}","templated":true}]}}