{"id":1843,"date":"2026-04-14T04:30:42","date_gmt":"2026-04-14T04:30:42","guid":{"rendered":"https:\/\/lasederia.com.py\/?post_type=product&#038;p=1843"},"modified":"2026-04-14T04:38:31","modified_gmt":"2026-04-14T04:38:31","slug":"tul-bordado-floral-gotico","status":"publish","type":"product","link":"https:\/\/lasederia.com.py\/en\/product\/tul-bordado-floral-gotico\/","title":{"rendered":"Tul Bordado Floral G\u00f3tico"},"content":{"rendered":"<p>Tul Bordado Floral G\u00f3tico. Majestuoso tul de ilusi\u00f3n con un sofisticado bordado de repeat vertical que combina dos elementos complementarios: columnas de motivos florales con racimos de flores peque\u00f1as, volutas barrocas y canutillos nacarados, flanqueadas por l\u00edneas llameantes de hilo blanco satinado que ascienden con movimiento org\u00e1nico y dram\u00e1tico. El detalle macro de la cenefa revela una ejecuci\u00f3n de alta precisi\u00f3n con cordoncillo tridimensional blanco, canutillos facetados transl\u00facidos, microlentejuelas y peque\u00f1as piedras tipo chatons que aportan destellos puntuales muy elegantes. El conjunto transmite una dualidad \u00fanica entre la delicadeza floral y la energ\u00eda de las llamas, creando una tela de car\u00e1cter editorial y altamente fotog\u00e9nica.<\/p>","protected":false},"excerpt":{"rendered":"<p>Tul Bordado Floral G\u00f3tico. Majestuoso tul de ilusi\u00f3n con un sofisticado bordado de repeat vertical que combina dos elementos complementarios: columnas de motivos florales con racimos de flores peque\u00f1as, volutas barrocas y canutillos nacarados, flanqueadas por l\u00edneas llameantes de hilo blanco satinado que ascienden con movimiento org\u00e1nico y dram\u00e1tico. El detalle macro de la cenefa revela una ejecuci\u00f3n de alta precisi\u00f3n con cordoncillo tridimensional blanco, canutillos facetados transl\u00facidos, microlentejuelas y peque\u00f1as piedras tipo chatons que aportan destellos puntuales muy elegantes. El conjunto transmite una dualidad \u00fanica entre la delicadeza floral y la energ\u00eda de las llamas, creando una tela de car\u00e1cter editorial y altamente fotog\u00e9nica.<\/p>","protected":false},"featured_media":1845,"comment_status":"open","ping_status":"closed","template":"","meta":[],"product_brand":[],"product_cat":[19,30],"product_tag":[1047,916,898,1002,1046,895,893,1045,1044,974,975,1001,897,945,453,905,1023,912,100,449,448,992,1041,892,1042,1043,990,1039,894,1040,981,910,890,901,908,919,795,1015],"class_list":{"0":"post-1843","1":"product","2":"type-product","3":"status-publish","4":"has-post-thumbnail","6":"product_cat-the-bridal-edit","7":"product_cat-tules-blancos","8":"product_tag-avant-garde-fashion-fabric","9":"product_tag-baroque-tulle","10":"product_tag-bridal-tulle","11":"product_tag-bugle-bead-tulle","12":"product_tag-dramatic-bridal-tulle","13":"product_tag-embroidered-tulle","14":"product_tag-encaje-tul","15":"product_tag-flame-tulle","16":"product_tag-gothic-floral-tulle","17":"product_tag-haute-couture-tulle","18":"product_tag-nude-tulle","19":"product_tag-rhinestone-tulle","20":"product_tag-sequin-tulle","21":"product_tag-tela-bordada-de-lujo","22":"product_tag-tul-alta-costura","23":"product_tag-tul-barroco","24":"product_tag-tul-beige","25":"product_tag-tul-blanco","26":"product_tag-tul-bordado","27":"product_tag-tul-con-canutillos","28":"product_tag-tul-con-lentejuelas","29":"product_tag-tul-con-piedras","30":"product_tag-tul-con-rhinestone","31":"product_tag-tul-de-gala","32":"product_tag-tul-dramatico","33":"product_tag-tul-editorial","34":"product_tag-tul-floral","35":"product_tag-tul-gotico","36":"product_tag-tul-ilusion","37":"product_tag-tul-llamas","38":"product_tag-tul-nude","39":"product_tag-tul-nupcial","40":"product_tag-tul-para-vestido-de-novia","41":"product_tag-tul-por-metro","42":"product_tag-tul-volutas","43":"product_tag-tulle-by-the-yard","44":"product_tag-wedding-fabric","45":"product_tag-white-tulle","47":"first","48":"instock","49":"shipping-taxable","50":"purchasable","51":"product-type-simple"},"jetpack_sharing_enabled":true,"_links":{"self":[{"href":"https:\/\/lasederia.com.py\/en\/wp-json\/wp\/v2\/product\/1843","targetHints":{"allow":["GET"]}}],"collection":[{"href":"https:\/\/lasederia.com.py\/en\/wp-json\/wp\/v2\/product"}],"about":[{"href":"https:\/\/lasederia.com.py\/en\/wp-json\/wp\/v2\/types\/product"}],"replies":[{"embeddable":true,"href":"https:\/\/lasederia.com.py\/en\/wp-json\/wp\/v2\/comments?post=1843"}],"wp:featuredmedia":[{"embeddable":true,"href":"https:\/\/lasederia.com.py\/en\/wp-json\/wp\/v2\/media\/1845"}],"wp:attachment":[{"href":"https:\/\/lasederia.com.py\/en\/wp-json\/wp\/v2\/media?parent=1843"}],"wp:term":[{"taxonomy":"product_brand","embeddable":true,"href":"https:\/\/lasederia.com.py\/en\/wp-json\/wp\/v2\/product_brand?post=1843"},{"taxonomy":"product_cat","embeddable":true,"href":"https:\/\/lasederia.com.py\/en\/wp-json\/wp\/v2\/product_cat?post=1843"},{"taxonomy":"product_tag","embeddable":true,"href":"https:\/\/lasederia.com.py\/en\/wp-json\/wp\/v2\/product_tag?post=1843"}],"curies":[{"name":"wp","href":"https:\/\/api.w.org\/{rel}","templated":true}]}}