{"id":1836,"date":"2026-04-14T04:27:18","date_gmt":"2026-04-14T04:27:18","guid":{"rendered":"https:\/\/lasederia.com.py\/?post_type=product&#038;p=1836"},"modified":"2026-04-14T04:38:44","modified_gmt":"2026-04-14T04:38:44","slug":"tul-bordado-con-flores-3d-en-organza","status":"publish","type":"product","link":"https:\/\/lasederia.com.py\/en\/product\/tul-bordado-con-flores-3d-en-organza\/","title":{"rendered":"Tul Bordado con Flores 3D en Organza"},"content":{"rendered":"<p>Tul Bordado con Flores 3D en Organza. Tul de ilusi\u00f3n con un rom\u00e1ntico bordado de flores tridimensionales confeccionadas en organza blanca, distribuidas a lo largo de tallos verticales ondulantes bordados con canutillos nacarados transl\u00facidos y microlentejuelas plateadas. Las flores en organza tienen volumen real y textura p\u00e9talo a p\u00e9talo, lo que les otorga una presencia tridimensional \u00fanica y un movimiento suave al caer la tela. La combinaci\u00f3n del fondo nude transparente con el blanco puro de las flores crea un contraste delicado y muy fotog\u00e9nico. Tela de doble lectura: vista de lejos transmite ligereza y elegancia nupcial; vista de cerca revela una artesan\u00eda textil excepcional.<\/p>","protected":false},"excerpt":{"rendered":"<p>Tul Bordado con Flores 3D en Organza. Tul de ilusi\u00f3n con un rom\u00e1ntico bordado de flores tridimensionales confeccionadas en organza blanca, distribuidas a lo largo de tallos verticales ondulantes bordados con canutillos nacarados transl\u00facidos y microlentejuelas plateadas. Las flores en organza tienen volumen real y textura p\u00e9talo a p\u00e9talo, lo que les otorga una presencia tridimensional \u00fanica y un movimiento suave al caer la tela. La combinaci\u00f3n del fondo nude transparente con el blanco puro de las flores crea un contraste delicado y muy fotog\u00e9nico. Tela de doble lectura: vista de lejos transmite ligereza y elegancia nupcial; vista de cerca revela una artesan\u00eda textil excepcional.<\/p>","protected":false},"featured_media":1837,"comment_status":"open","ping_status":"closed","template":"","meta":[],"product_brand":[],"product_cat":[19,30],"product_tag":[1004,898,1002,1038,895,893,1029,1037,975,1036,1028,897,1035,453,912,100,904,449,1031,448,892,1032,1033,894,1034,981,910,890,901,911,891,472,919,1015],"class_list":{"0":"post-1836","1":"product","2":"type-product","3":"status-publish","4":"has-post-thumbnail","6":"product_cat-the-bridal-edit","7":"product_cat-tules-blancos","8":"product_tag-3d-flower-tulle","9":"product_tag-bridal-tulle","10":"product_tag-bugle-bead-tulle","11":"product_tag-dimensional-flower-tulle","12":"product_tag-embroidered-tulle","13":"product_tag-encaje-tul","14":"product_tag-first-communion-fabric","15":"product_tag-garden-wedding-fabric","16":"product_tag-nude-tulle","17":"product_tag-organza-flower-tulle","18":"product_tag-romantic-tulle","19":"product_tag-sequin-tulle","20":"product_tag-tela-bordada-artesanal","21":"product_tag-tul-alta-costura","22":"product_tag-tul-blanco","23":"product_tag-tul-bordado","24":"product_tag-tul-champagne","25":"product_tag-tul-con-canutillos","26":"product_tag-tul-con-flores-3d","27":"product_tag-tul-con-lentejuelas","28":"product_tag-tul-de-gala","29":"product_tag-tul-flores-organza","30":"product_tag-tul-flores-petalos","31":"product_tag-tul-ilusion","32":"product_tag-tul-jardin","33":"product_tag-tul-nude","34":"product_tag-tul-nupcial","35":"product_tag-tul-para-vestido-de-novia","36":"product_tag-tul-por-metro","37":"product_tag-tul-primera-comunion","38":"product_tag-tul-quinceanera","39":"product_tag-tul-romantico","40":"product_tag-tulle-by-the-yard","41":"product_tag-white-tulle","43":"first","44":"instock","45":"shipping-taxable","46":"purchasable","47":"product-type-simple"},"jetpack_sharing_enabled":true,"_links":{"self":[{"href":"https:\/\/lasederia.com.py\/en\/wp-json\/wp\/v2\/product\/1836","targetHints":{"allow":["GET"]}}],"collection":[{"href":"https:\/\/lasederia.com.py\/en\/wp-json\/wp\/v2\/product"}],"about":[{"href":"https:\/\/lasederia.com.py\/en\/wp-json\/wp\/v2\/types\/product"}],"replies":[{"embeddable":true,"href":"https:\/\/lasederia.com.py\/en\/wp-json\/wp\/v2\/comments?post=1836"}],"wp:featuredmedia":[{"embeddable":true,"href":"https:\/\/lasederia.com.py\/en\/wp-json\/wp\/v2\/media\/1837"}],"wp:attachment":[{"href":"https:\/\/lasederia.com.py\/en\/wp-json\/wp\/v2\/media?parent=1836"}],"wp:term":[{"taxonomy":"product_brand","embeddable":true,"href":"https:\/\/lasederia.com.py\/en\/wp-json\/wp\/v2\/product_brand?post=1836"},{"taxonomy":"product_cat","embeddable":true,"href":"https:\/\/lasederia.com.py\/en\/wp-json\/wp\/v2\/product_cat?post=1836"},{"taxonomy":"product_tag","embeddable":true,"href":"https:\/\/lasederia.com.py\/en\/wp-json\/wp\/v2\/product_tag?post=1836"}],"curies":[{"name":"wp","href":"https:\/\/api.w.org\/{rel}","templated":true}]}}