{"id":1828,"date":"2026-04-14T04:23:52","date_gmt":"2026-04-14T04:23:52","guid":{"rendered":"https:\/\/lasederia.com.py\/?post_type=product&#038;p=1828"},"modified":"2026-04-14T04:38:54","modified_gmt":"2026-04-14T04:38:54","slug":"tul-bordado-floral-romantico","status":"publish","type":"product","link":"https:\/\/lasederia.com.py\/en\/product\/tul-bordado-floral-romantico\/","title":{"rendered":"Tul Bordado Floral Rom\u00e1ntico"},"content":{"rendered":"<p>Tul Bordado Floral Rom\u00e1ntico. Delicado y rom\u00e1ntico tul de ilusi\u00f3n en tono nude con un elegante bordado floral de hojas y tallos ondulantes en blanco perla iridiscente. El dise\u00f1o presenta medallones verticales formados por ramas con hojas detalladas bordadas en cordoncillo blanco, que se entrelazan con l\u00edneas curvas de micromostacillas y lentejuelas transl\u00facidas dispuestas en arcos y abanicos convergentes. La imagen macro revela una ejecuci\u00f3n t\u00e9cnica de gran delicadeza: hojas con nervaduras definidas en cordoncillo tridimensional, canutillos nacarados y lentejuelas planas que aportan un brillo suave y nacarado. El efecto tonal blanco crea una sofisticaci\u00f3n muy nupcial de gran versatilidad.<\/p>","protected":false},"excerpt":{"rendered":"<p>Tul Bordado Floral Rom\u00e1ntico. Delicado y rom\u00e1ntico tul de ilusi\u00f3n en tono nude con un elegante bordado floral de hojas y tallos ondulantes en blanco perla iridiscente. El dise\u00f1o presenta medallones verticales formados por ramas con hojas detalladas bordadas en cordoncillo blanco, que se entrelazan con l\u00edneas curvas de micromostacillas y lentejuelas transl\u00facidas dispuestas en arcos y abanicos convergentes. La imagen macro revela una ejecuci\u00f3n t\u00e9cnica de gran delicadeza: hojas con nervaduras definidas en cordoncillo tridimensional, canutillos nacarados y lentejuelas planas que aportan un brillo suave y nacarado. El efecto tonal blanco crea una sofisticaci\u00f3n muy nupcial de gran versatilidad.<\/p>","protected":false},"featured_media":1830,"comment_status":"open","ping_status":"closed","template":"","meta":[],"product_brand":[],"product_cat":[19,30],"product_tag":[933,898,1030,895,893,1029,999,1018,1027,975,1026,1028,897,902,453,1023,1025,1022,100,1024,449,448,447,892,990,977,894,1010,981,910,890,901,911,891,472,919,795],"class_list":{"0":"post-1828","1":"product","2":"type-product","3":"status-publish","4":"has-post-thumbnail","6":"product_cat-the-bridal-edit","7":"product_cat-tules-blancos","8":"product_tag-beaded-tulle","9":"product_tag-bridal-tulle","10":"product_tag-classic-bridal-tulle","11":"product_tag-embroidered-tulle","12":"product_tag-encaje-tul","13":"product_tag-first-communion-fabric","14":"product_tag-floral-tulle","15":"product_tag-iridescent-tulle","16":"product_tag-leaf-tulle","17":"product_tag-nude-tulle","18":"product_tag-pearl-white-tulle","19":"product_tag-romantic-tulle","20":"product_tag-sequin-tulle","21":"product_tag-tela-bordada","22":"product_tag-tul-alta-costura","23":"product_tag-tul-beige","24":"product_tag-tul-blanco-iridiscente","25":"product_tag-tul-blanco-perla","26":"product_tag-tul-bordado","27":"product_tag-tul-clasico","28":"product_tag-tul-con-canutillos","29":"product_tag-tul-con-lentejuelas","30":"product_tag-tul-con-mostacillas","31":"product_tag-tul-de-gala","32":"product_tag-tul-floral","33":"product_tag-tul-hojas","34":"product_tag-tul-ilusion","35":"product_tag-tul-nacarado","36":"product_tag-tul-nude","37":"product_tag-tul-nupcial","38":"product_tag-tul-para-vestido-de-novia","39":"product_tag-tul-por-metro","40":"product_tag-tul-primera-comunion","41":"product_tag-tul-quinceanera","42":"product_tag-tul-romantico","43":"product_tag-tulle-by-the-yard","44":"product_tag-wedding-fabric","46":"first","47":"instock","48":"shipping-taxable","49":"purchasable","50":"product-type-simple"},"jetpack_sharing_enabled":true,"_links":{"self":[{"href":"https:\/\/lasederia.com.py\/en\/wp-json\/wp\/v2\/product\/1828","targetHints":{"allow":["GET"]}}],"collection":[{"href":"https:\/\/lasederia.com.py\/en\/wp-json\/wp\/v2\/product"}],"about":[{"href":"https:\/\/lasederia.com.py\/en\/wp-json\/wp\/v2\/types\/product"}],"replies":[{"embeddable":true,"href":"https:\/\/lasederia.com.py\/en\/wp-json\/wp\/v2\/comments?post=1828"}],"wp:featuredmedia":[{"embeddable":true,"href":"https:\/\/lasederia.com.py\/en\/wp-json\/wp\/v2\/media\/1830"}],"wp:attachment":[{"href":"https:\/\/lasederia.com.py\/en\/wp-json\/wp\/v2\/media?parent=1828"}],"wp:term":[{"taxonomy":"product_brand","embeddable":true,"href":"https:\/\/lasederia.com.py\/en\/wp-json\/wp\/v2\/product_brand?post=1828"},{"taxonomy":"product_cat","embeddable":true,"href":"https:\/\/lasederia.com.py\/en\/wp-json\/wp\/v2\/product_cat?post=1828"},{"taxonomy":"product_tag","embeddable":true,"href":"https:\/\/lasederia.com.py\/en\/wp-json\/wp\/v2\/product_tag?post=1828"}],"curies":[{"name":"wp","href":"https:\/\/api.w.org\/{rel}","templated":true}]}}