{"id":1820,"date":"2026-04-14T04:21:01","date_gmt":"2026-04-14T04:21:01","guid":{"rendered":"https:\/\/lasederia.com.py\/?post_type=product&#038;p=1820"},"modified":"2026-04-14T04:39:06","modified_gmt":"2026-04-14T04:39:06","slug":"tul-bordado-geometrico-abstracto","status":"publish","type":"product","link":"https:\/\/lasederia.com.py\/en\/product\/tul-bordado-geometrico-abstracto\/","title":{"rendered":"Tul Bordado Geom\u00e9trico Abstracto"},"content":{"rendered":"<p>Tul Bordado Geom\u00e9trico Abstracto. Refinado tul de ilusi\u00f3n en tono blanco tiza\/off white con un sofisticado bordado geom\u00e9trico abstracto de l\u00edneas diagonales entrelazadas que forman rect\u00e1ngulos y rombos irregulares en disposici\u00f3n din\u00e1mica. El dise\u00f1o est\u00e1 ejecutado con canutillos transl\u00facidos nacarados, micromostacillas y lentejuelas planas iridiscentes en tonos blancos y plateados que se funden con el fondo creando un efecto monocrom\u00e1tico de gran elegancia y sutileza. La textura var\u00eda entre zonas m\u00e1s densas y \u00e1reas de mayor transparencia, generando profundidad visual y un brillo discreto muy sofisticado. Sin cenefa definida, el patr\u00f3n cubre toda la tela en repeat continuo.<\/p>","protected":false},"excerpt":{"rendered":"<p>Tul Bordado Geom\u00e9trico Abstracto. Refinado tul de ilusi\u00f3n en tono blanco tiza\/off white con un sofisticado bordado geom\u00e9trico abstracto de l\u00edneas diagonales entrelazadas que forman rect\u00e1ngulos y rombos irregulares en disposici\u00f3n din\u00e1mica. El dise\u00f1o est\u00e1 ejecutado con canutillos transl\u00facidos nacarados, micromostacillas y lentejuelas planas iridiscentes en tonos blancos y plateados que se funden con el fondo creando un efecto monocrom\u00e1tico de gran elegancia y sutileza. La textura var\u00eda entre zonas m\u00e1s densas y \u00e1reas de mayor transparencia, generando profundidad visual y un brillo discreto muy sofisticado. Sin cenefa definida, el patr\u00f3n cubre toda la tela en repeat continuo.<\/p>","protected":false},"featured_media":1822,"comment_status":"open","ping_status":"closed","template":"","meta":[],"product_brand":[],"product_cat":[19,30],"product_tag":[1017,1021,1002,1016,1020,895,893,970,1018,1019,1014,897,902,1009,453,912,100,966,449,448,447,1013,892,924,894,1012,927,1011,1010,910,1007,890,901,1008,919,795,1015],"class_list":{"0":"post-1820","1":"product","2":"type-product","3":"status-publish","4":"has-post-thumbnail","6":"product_cat-the-bridal-edit","7":"product_cat-tules-blancos","8":"product_tag-abstract-tulle","9":"product_tag-all-over-embroidered-tulle","10":"product_tag-bugle-bead-tulle","11":"product_tag-chalk-tulle","12":"product_tag-contemporary-fashion-fabric","13":"product_tag-embroidered-tulle","14":"product_tag-encaje-tul","15":"product_tag-geometric-tulle","16":"product_tag-iridescent-tulle","17":"product_tag-minimalist-bridal-tulle","18":"product_tag-off-white-tulle","19":"product_tag-sequin-tulle","20":"product_tag-tela-bordada","21":"product_tag-tul-abstracto","22":"product_tag-tul-alta-costura","23":"product_tag-tul-blanco","24":"product_tag-tul-bordado","25":"product_tag-tul-coctel","26":"product_tag-tul-con-canutillos","27":"product_tag-tul-con-lentejuelas","28":"product_tag-tul-con-mostacillas","29":"product_tag-tul-contemporaneo","30":"product_tag-tul-de-gala","31":"product_tag-tul-geometrico","32":"product_tag-tul-ilusion","33":"product_tag-tul-minimalista","34":"product_tag-tul-moda","35":"product_tag-tul-monocromatico","36":"product_tag-tul-nacarado","37":"product_tag-tul-nupcial","38":"product_tag-tul-off-white","39":"product_tag-tul-para-vestido-de-novia","40":"product_tag-tul-por-metro","41":"product_tag-tul-tiza","42":"product_tag-tulle-by-the-yard","43":"product_tag-wedding-fabric","44":"product_tag-white-tulle","46":"first","47":"instock","48":"shipping-taxable","49":"purchasable","50":"product-type-simple"},"jetpack_sharing_enabled":true,"_links":{"self":[{"href":"https:\/\/lasederia.com.py\/en\/wp-json\/wp\/v2\/product\/1820","targetHints":{"allow":["GET"]}}],"collection":[{"href":"https:\/\/lasederia.com.py\/en\/wp-json\/wp\/v2\/product"}],"about":[{"href":"https:\/\/lasederia.com.py\/en\/wp-json\/wp\/v2\/types\/product"}],"replies":[{"embeddable":true,"href":"https:\/\/lasederia.com.py\/en\/wp-json\/wp\/v2\/comments?post=1820"}],"wp:featuredmedia":[{"embeddable":true,"href":"https:\/\/lasederia.com.py\/en\/wp-json\/wp\/v2\/media\/1822"}],"wp:attachment":[{"href":"https:\/\/lasederia.com.py\/en\/wp-json\/wp\/v2\/media?parent=1820"}],"wp:term":[{"taxonomy":"product_brand","embeddable":true,"href":"https:\/\/lasederia.com.py\/en\/wp-json\/wp\/v2\/product_brand?post=1820"},{"taxonomy":"product_cat","embeddable":true,"href":"https:\/\/lasederia.com.py\/en\/wp-json\/wp\/v2\/product_cat?post=1820"},{"taxonomy":"product_tag","embeddable":true,"href":"https:\/\/lasederia.com.py\/en\/wp-json\/wp\/v2\/product_tag?post=1820"}],"curies":[{"name":"wp","href":"https:\/\/api.w.org\/{rel}","templated":true}]}}