{"id":1808,"date":"2026-04-14T04:17:10","date_gmt":"2026-04-14T04:17:10","guid":{"rendered":"https:\/\/lasederia.com.py\/?post_type=product&#038;p=1808"},"modified":"2026-04-14T04:18:34","modified_gmt":"2026-04-14T04:18:34","slug":"tul-bordado-floral-jardin-botanico","status":"publish","type":"product","link":"https:\/\/lasederia.com.py\/en\/product\/tul-bordado-floral-jardin-botanico\/","title":{"rendered":"Tul Bordado Floral Jard\u00edn Bot\u00e1nico"},"content":{"rendered":"<p>Tul Bordado Floral Jard\u00edn Bot\u00e1nico. Tul de ilusi\u00f3n en base nude\/champagne con un extraordinario bordado floral bot\u00e1nico de gran riqueza t\u00e9cnica. El dise\u00f1o presenta tallos verticales tipo cipr\u00e9s o lavanda, densamente bordados con canutillos facetados, microlentejuelas y glitter fino que cubren el fondo de manera uniforme y luminosa. En la base de cada tallo florecen medallones de flores tridimensionales elaboradas con canutillos dorados, mostacillas perla y piedras tipo chatons transparentes en el centro que capturan y reflejan la luz con gran intensidad. El detalle macro revela una textura extraordinariamente rica con perlas semiredondas, canutillos bicolor y elementos brillantes superpuestos en m\u00faltiples capas.<\/p>","protected":false},"excerpt":{"rendered":"<p>Tul Bordado Floral Jard\u00edn Bot\u00e1nico. Tul de ilusi\u00f3n en base nude\/champagne con un extraordinario bordado floral bot\u00e1nico de gran riqueza t\u00e9cnica. El dise\u00f1o presenta tallos verticales tipo cipr\u00e9s o lavanda, densamente bordados con canutillos facetados, microlentejuelas y glitter fino que cubren el fondo de manera uniforme y luminosa. En la base de cada tallo florecen medallones de flores tridimensionales elaboradas con canutillos dorados, mostacillas perla y piedras tipo chatons transparentes en el centro que capturan y reflejan la luz con gran intensidad. El detalle macro revela una textura extraordinariamente rica con perlas semiredondas, canutillos bicolor y elementos brillantes superpuestos en m\u00faltiples capas.<\/p>","protected":false},"featured_media":1809,"comment_status":"open","ping_status":"closed","template":"","meta":[],"product_brand":[],"product_cat":[31],"product_tag":[1004,1000,1002,915,1006,895,893,999,960,950,1005,975,1003,1001,998,945,453,100,991,904,995,449,448,483,992,892,990,993,994,955,894,996,981,910,890,901,997,989,919,795],"class_list":{"0":"post-1808","1":"product","2":"type-product","3":"status-publish","4":"has-post-thumbnail","6":"product_cat-tules-de-colores","7":"product_tag-3d-flower-tulle","8":"product_tag-botanical-tulle","9":"product_tag-bugle-bead-tulle","10":"product_tag-champagne-tulle","11":"product_tag-couture-tulle","12":"product_tag-embroidered-tulle","13":"product_tag-encaje-tul","14":"product_tag-floral-tulle","15":"product_tag-glitter-tulle","16":"product_tag-haute-couture-fabric","17":"product_tag-luxury-bridal-tulle","18":"product_tag-nude-tulle","19":"product_tag-pearl-tulle","20":"product_tag-rhinestone-tulle","21":"product_tag-taupe-tulle","22":"product_tag-tela-bordada-de-lujo","23":"product_tag-tul-alta-costura","24":"product_tag-tul-bordado","25":"product_tag-tul-botanico","26":"product_tag-tul-champagne","27":"product_tag-tul-cipres","28":"product_tag-tul-con-canutillos","29":"product_tag-tul-con-lentejuelas","30":"product_tag-tul-con-perlas","31":"product_tag-tul-con-piedras","32":"product_tag-tul-de-gala","33":"product_tag-tul-floral","34":"product_tag-tul-flores-3d","35":"product_tag-tul-flores-con-rhinestone","36":"product_tag-tul-glitter","37":"product_tag-tul-ilusion","38":"product_tag-tul-lavanda","39":"product_tag-tul-nude","40":"product_tag-tul-nupcial","41":"product_tag-tul-para-vestido-de-novia","42":"product_tag-tul-por-metro","43":"product_tag-tul-quinceanera-premium","44":"product_tag-tul-taupe","45":"product_tag-tulle-by-the-yard","46":"product_tag-wedding-fabric","48":"first","49":"instock","50":"shipping-taxable","51":"purchasable","52":"product-type-simple"},"jetpack_sharing_enabled":true,"_links":{"self":[{"href":"https:\/\/lasederia.com.py\/en\/wp-json\/wp\/v2\/product\/1808","targetHints":{"allow":["GET"]}}],"collection":[{"href":"https:\/\/lasederia.com.py\/en\/wp-json\/wp\/v2\/product"}],"about":[{"href":"https:\/\/lasederia.com.py\/en\/wp-json\/wp\/v2\/types\/product"}],"replies":[{"embeddable":true,"href":"https:\/\/lasederia.com.py\/en\/wp-json\/wp\/v2\/comments?post=1808"}],"wp:featuredmedia":[{"embeddable":true,"href":"https:\/\/lasederia.com.py\/en\/wp-json\/wp\/v2\/media\/1809"}],"wp:attachment":[{"href":"https:\/\/lasederia.com.py\/en\/wp-json\/wp\/v2\/media?parent=1808"}],"wp:term":[{"taxonomy":"product_brand","embeddable":true,"href":"https:\/\/lasederia.com.py\/en\/wp-json\/wp\/v2\/product_brand?post=1808"},{"taxonomy":"product_cat","embeddable":true,"href":"https:\/\/lasederia.com.py\/en\/wp-json\/wp\/v2\/product_cat?post=1808"},{"taxonomy":"product_tag","embeddable":true,"href":"https:\/\/lasederia.com.py\/en\/wp-json\/wp\/v2\/product_tag?post=1808"}],"curies":[{"name":"wp","href":"https:\/\/api.w.org\/{rel}","templated":true}]}}