{"id":1800,"date":"2026-04-14T04:13:59","date_gmt":"2026-04-14T04:13:59","guid":{"rendered":"https:\/\/lasederia.com.py\/?post_type=product&#038;p=1800"},"modified":"2026-04-14T04:13:59","modified_gmt":"2026-04-14T04:13:59","slug":"tul-bordado-ondas-fluidas-con-lentejuelas","status":"publish","type":"product","link":"https:\/\/lasederia.com.py\/en\/product\/tul-bordado-ondas-fluidas-con-lentejuelas\/","title":{"rendered":"Tul Bordado Ondas Fluidas con Lentejuelas"},"content":{"rendered":"<p>Tul Bordado Ondas Fluidas con Lentejuelas. Elegante tul de ilusi\u00f3n en base nude\/beige con un hipn\u00f3tico bordado de ondas fluidas en tono rose gold champagne. Las l\u00edneas sinuosas y conc\u00e9ntricas est\u00e1n ejecutadas con una combinaci\u00f3n de micromostacillas y lentejuelas planas iridiscentes de distintos tama\u00f1os, alternando l\u00edneas m\u00e1s finas con l\u00edneas centrales de mayor densidad que crean un efecto de relieve y movimiento continuo. El patr\u00f3n evoca corrientes de agua, viento o cabello en movimiento, otorgando a la tela una sensaci\u00f3n din\u00e1mica y muy fotog\u00e9nica. Sin cenefa definida, el dise\u00f1o cubre toda la tela en repeat continuo.<\/p>","protected":false},"excerpt":{"rendered":"<p>Tul Bordado Ondas Fluidas con Lentejuelas. Elegante tul de ilusi\u00f3n en base nude\/beige con un hipn\u00f3tico bordado de ondas fluidas en tono rose gold champagne. Las l\u00edneas sinuosas y conc\u00e9ntricas est\u00e1n ejecutadas con una combinaci\u00f3n de micromostacillas y lentejuelas planas iridiscentes de distintos tama\u00f1os, alternando l\u00edneas m\u00e1s finas con l\u00edneas centrales de mayor densidad que crean un efecto de relieve y movimiento continuo. El patr\u00f3n evoca corrientes de agua, viento o cabello en movimiento, otorgando a la tela una sensaci\u00f3n din\u00e1mica y muy fotog\u00e9nica. Sin cenefa definida, el dise\u00f1o cubre toda la tela en repeat continuo.<\/p>","protected":false},"featured_media":1801,"comment_status":"open","ping_status":"closed","template":"","meta":[],"product_brand":[],"product_cat":[31],"product_tag":[988,933,898,915,895,893,987,950,949,975,946,897,945,453,100,904,448,447,892,984,894,985,981,910,982,983,890,901,891,938,919,986,795],"class_list":{"0":"post-1800","1":"product","2":"type-product","3":"status-publish","4":"has-post-thumbnail","6":"product_cat-tules-de-colores","7":"product_tag-all-over-sequin-tulle","8":"product_tag-beaded-tulle","9":"product_tag-bridal-tulle","10":"product_tag-champagne-tulle","11":"product_tag-embroidered-tulle","12":"product_tag-encaje-tul","13":"product_tag-flowing-wave-tulle","14":"product_tag-haute-couture-fabric","15":"product_tag-luxury-tulle","16":"product_tag-nude-tulle","17":"product_tag-rose-gold-tulle","18":"product_tag-sequin-tulle","19":"product_tag-tela-bordada-de-lujo","20":"product_tag-tul-alta-costura","21":"product_tag-tul-bordado","22":"product_tag-tul-champagne","23":"product_tag-tul-con-lentejuelas","24":"product_tag-tul-con-mostacillas","25":"product_tag-tul-de-gala","26":"product_tag-tul-fluido","27":"product_tag-tul-ilusion","28":"product_tag-tul-movimiento","29":"product_tag-tul-nude","30":"product_tag-tul-nupcial","31":"product_tag-tul-ondas","32":"product_tag-tul-ondulado","33":"product_tag-tul-para-vestido-de-novia","34":"product_tag-tul-por-metro","35":"product_tag-tul-quinceanera","36":"product_tag-tul-rose-gold","37":"product_tag-tulle-by-the-yard","38":"product_tag-wave-tulle","39":"product_tag-wedding-fabric","41":"first","42":"instock","43":"shipping-taxable","44":"purchasable","45":"product-type-simple"},"jetpack_sharing_enabled":true,"_links":{"self":[{"href":"https:\/\/lasederia.com.py\/en\/wp-json\/wp\/v2\/product\/1800","targetHints":{"allow":["GET"]}}],"collection":[{"href":"https:\/\/lasederia.com.py\/en\/wp-json\/wp\/v2\/product"}],"about":[{"href":"https:\/\/lasederia.com.py\/en\/wp-json\/wp\/v2\/types\/product"}],"replies":[{"embeddable":true,"href":"https:\/\/lasederia.com.py\/en\/wp-json\/wp\/v2\/comments?post=1800"}],"wp:featuredmedia":[{"embeddable":true,"href":"https:\/\/lasederia.com.py\/en\/wp-json\/wp\/v2\/media\/1801"}],"wp:attachment":[{"href":"https:\/\/lasederia.com.py\/en\/wp-json\/wp\/v2\/media?parent=1800"}],"wp:term":[{"taxonomy":"product_brand","embeddable":true,"href":"https:\/\/lasederia.com.py\/en\/wp-json\/wp\/v2\/product_brand?post=1800"},{"taxonomy":"product_cat","embeddable":true,"href":"https:\/\/lasederia.com.py\/en\/wp-json\/wp\/v2\/product_cat?post=1800"},{"taxonomy":"product_tag","embeddable":true,"href":"https:\/\/lasederia.com.py\/en\/wp-json\/wp\/v2\/product_tag?post=1800"}],"curies":[{"name":"wp","href":"https:\/\/api.w.org\/{rel}","templated":true}]}}