{"id":1785,"date":"2026-04-14T04:08:29","date_gmt":"2026-04-14T04:08:29","guid":{"rendered":"https:\/\/lasederia.com.py\/?post_type=product&#038;p=1785"},"modified":"2026-04-14T04:08:29","modified_gmt":"2026-04-14T04:08:29","slug":"tul-bordado-art-deco-geometrico","status":"publish","type":"product","link":"https:\/\/lasederia.com.py\/en\/product\/tul-bordado-art-deco-geometrico\/","title":{"rendered":"Tul Bordado Art D\u00e9co Geom\u00e9trico"},"content":{"rendered":"<p>Tul Bordado Art D\u00e9co Geom\u00e9trico. Bordado geom\u00e9trico en negro de inspiraci\u00f3n Art D\u00e9co. El dise\u00f1o presenta flechas, rombos alargados y formas angulares en espejo que se densifican progresivamente desde l\u00edneas finas en la parte superior hasta medallones estrellados de gran escala en la cenefa inferior. Todo el bordado est\u00e1 ejecutado con micromostacillas negras, lentejuelas mate y brillantes que generan distintas profundidades de tono y textura. Remata en orilla superior con flecos de mostacillas en forma de ramas y fest\u00f3n inferior estructurado.<\/p>","protected":false},"excerpt":{"rendered":"<p>Tul Bordado Art D\u00e9co Geom\u00e9trico. Bordado geom\u00e9trico en negro de inspiraci\u00f3n Art D\u00e9co. El dise\u00f1o presenta flechas, rombos alargados y formas angulares en espejo que se densifican progresivamente desde l\u00edneas finas en la parte superior hasta medallones estrellados de gran escala en la cenefa inferior. Todo el bordado est\u00e1 ejecutado con micromostacillas negras, lentejuelas mate y brillantes que generan distintas profundidades de tono y textura. Remata en orilla superior con flecos de mostacillas en forma de ramas y fest\u00f3n inferior estructurado.<\/p>","protected":false},"featured_media":1787,"comment_status":"open","ping_status":"closed","template":"","meta":[],"product_brand":[],"product_cat":[31],"product_tag":[969,933,971,968,935,973,895,893,951,972,970,974,975,897,902,453,451,100,966,448,447,892,889,963,944,924,894,927,962,967,965,901,964,919],"class_list":{"0":"post-1785","1":"product","2":"type-product","3":"status-publish","4":"has-post-thumbnail","6":"product_cat-tul-bordado-colores","7":"product_tag-art-deco-tulle","8":"product_tag-beaded-tulle","9":"product_tag-black-sequin-fabric","10":"product_tag-black-tulle","11":"product_tag-cocktail-dress-fabric","12":"product_tag-editorial-fashion-fabric","13":"product_tag-embroidered-tulle","14":"product_tag-encaje-tul","15":"product_tag-fringe-border-tulle","16":"product_tag-gala-tulle","17":"product_tag-geometric-tulle","18":"product_tag-haute-couture-tulle","19":"product_tag-nude-tulle","20":"product_tag-sequin-tulle","21":"product_tag-tela-bordada","22":"product_tag-tul-alta-costura","23":"product_tag-tul-art-deco","24":"product_tag-tul-bordado","25":"product_tag-tul-coctel","26":"product_tag-tul-con-lentejuelas","27":"product_tag-tul-con-mostacillas","28":"product_tag-tul-de-gala","29":"product_tag-tul-feston","30":"product_tag-tul-flechas","31":"product_tag-tul-flecos","32":"product_tag-tul-geometrico","33":"product_tag-tul-ilusion","34":"product_tag-tul-moda","35":"product_tag-tul-negro","36":"product_tag-tul-negro-nude","37":"product_tag-tul-para-vestido-de-noche","38":"product_tag-tul-por-metro","39":"product_tag-tul-rombos","40":"product_tag-tulle-by-the-yard","42":"first","43":"instock","44":"shipping-taxable","45":"purchasable","46":"product-type-simple"},"jetpack_sharing_enabled":true,"_links":{"self":[{"href":"https:\/\/lasederia.com.py\/en\/wp-json\/wp\/v2\/product\/1785","targetHints":{"allow":["GET"]}}],"collection":[{"href":"https:\/\/lasederia.com.py\/en\/wp-json\/wp\/v2\/product"}],"about":[{"href":"https:\/\/lasederia.com.py\/en\/wp-json\/wp\/v2\/types\/product"}],"replies":[{"embeddable":true,"href":"https:\/\/lasederia.com.py\/en\/wp-json\/wp\/v2\/comments?post=1785"}],"wp:featuredmedia":[{"embeddable":true,"href":"https:\/\/lasederia.com.py\/en\/wp-json\/wp\/v2\/media\/1787"}],"wp:attachment":[{"href":"https:\/\/lasederia.com.py\/en\/wp-json\/wp\/v2\/media?parent=1785"}],"wp:term":[{"taxonomy":"product_brand","embeddable":true,"href":"https:\/\/lasederia.com.py\/en\/wp-json\/wp\/v2\/product_brand?post=1785"},{"taxonomy":"product_cat","embeddable":true,"href":"https:\/\/lasederia.com.py\/en\/wp-json\/wp\/v2\/product_cat?post=1785"},{"taxonomy":"product_tag","embeddable":true,"href":"https:\/\/lasederia.com.py\/en\/wp-json\/wp\/v2\/product_tag?post=1785"}],"curies":[{"name":"wp","href":"https:\/\/api.w.org\/{rel}","templated":true}]}}