{"id":1777,"date":"2026-04-14T04:05:48","date_gmt":"2026-04-14T04:05:48","guid":{"rendered":"https:\/\/lasederia.com.py\/?post_type=product&#038;p=1777"},"modified":"2026-04-14T04:05:48","modified_gmt":"2026-04-14T04:05:48","slug":"tul-bordado-dorado","status":"publish","type":"product","link":"https:\/\/lasederia.com.py\/en\/product\/tul-bordado-dorado\/","title":{"rendered":"Tul Bordado Dorado"},"content":{"rendered":"<p>Tul Bordado Dorado. Tul de ilusi\u00f3n en base blanca con un rom\u00e1ntico bordado que evita motivos geom\u00e9tricos para evocar espigas y hierbas silvestres en movimiento. Las l\u00edneas org\u00e1nicas y ramificadas est\u00e1n ejecutadas con micromostacillas y lentejuelas dorado champagne de alta densidad, creando un degrad\u00e9 natural que va desde tallos finos en la parte superior hasta una base densa y luminosa en la cenefa inferior. El efecto visual es elegante y natural.<\/p>","protected":false},"excerpt":{"rendered":"<p>Tul Bordado Dorado. Tul de ilusi\u00f3n en base blanca con un rom\u00e1ntico bordado que evita motivos geom\u00e9tricos para evocar espigas y hierbas silvestres en movimiento. Las l\u00edneas org\u00e1nicas y ramificadas est\u00e1n ejecutadas con micromostacillas y lentejuelas dorado champagne de alta densidad, creando un degrad\u00e9 natural que va desde tallos finos en la parte superior hasta una base densa y luminosa en la cenefa inferior. El efecto visual es elegante y natural.<\/p>","protected":false},"featured_media":1779,"comment_status":"open","ping_status":"closed","template":"","meta":[],"product_brand":[],"product_cat":[31],"product_tag":[933,961,789,915,895,893,960,958,959,902,956,100,904,447,892,957,952,953,955,954,894,910,890,901,891,472,919,795],"class_list":{"0":"post-1777","1":"product","2":"type-product","3":"status-publish","4":"has-post-thumbnail","6":"product_cat-tul-bordado-colores","7":"product_tag-beaded-tulle","8":"product_tag-boho-bridal-tulle","9":"product_tag-bridal-fabric","10":"product_tag-champagne-tulle","11":"product_tag-embroidered-tulle","12":"product_tag-encaje-tul","13":"product_tag-glitter-tulle","14":"product_tag-gold-tulle","15":"product_tag-grass-tulle","16":"product_tag-tela-bordada","17":"product_tag-tul-boho","18":"product_tag-tul-bordado","19":"product_tag-tul-champagne","20":"product_tag-tul-con-mostacillas","21":"product_tag-tul-de-gala","22":"product_tag-tul-degrade","23":"product_tag-tul-dorado","24":"product_tag-tul-espigas","25":"product_tag-tul-glitter","26":"product_tag-tul-hierbas","27":"product_tag-tul-ilusion","28":"product_tag-tul-nupcial","29":"product_tag-tul-para-vestido-de-novia","30":"product_tag-tul-por-metro","31":"product_tag-tul-quinceanera","32":"product_tag-tul-romantico","33":"product_tag-tulle-by-the-yard","34":"product_tag-wedding-fabric","36":"first","37":"instock","38":"shipping-taxable","39":"purchasable","40":"product-type-simple"},"jetpack_sharing_enabled":true,"_links":{"self":[{"href":"https:\/\/lasederia.com.py\/en\/wp-json\/wp\/v2\/product\/1777","targetHints":{"allow":["GET"]}}],"collection":[{"href":"https:\/\/lasederia.com.py\/en\/wp-json\/wp\/v2\/product"}],"about":[{"href":"https:\/\/lasederia.com.py\/en\/wp-json\/wp\/v2\/types\/product"}],"replies":[{"embeddable":true,"href":"https:\/\/lasederia.com.py\/en\/wp-json\/wp\/v2\/comments?post=1777"}],"wp:featuredmedia":[{"embeddable":true,"href":"https:\/\/lasederia.com.py\/en\/wp-json\/wp\/v2\/media\/1779"}],"wp:attachment":[{"href":"https:\/\/lasederia.com.py\/en\/wp-json\/wp\/v2\/media?parent=1777"}],"wp:term":[{"taxonomy":"product_brand","embeddable":true,"href":"https:\/\/lasederia.com.py\/en\/wp-json\/wp\/v2\/product_brand?post=1777"},{"taxonomy":"product_cat","embeddable":true,"href":"https:\/\/lasederia.com.py\/en\/wp-json\/wp\/v2\/product_cat?post=1777"},{"taxonomy":"product_tag","embeddable":true,"href":"https:\/\/lasederia.com.py\/en\/wp-json\/wp\/v2\/product_tag?post=1777"}],"curies":[{"name":"wp","href":"https:\/\/api.w.org\/{rel}","templated":true}]}}