{"id":1761,"date":"2026-04-14T03:57:52","date_gmt":"2026-04-14T03:57:52","guid":{"rendered":"https:\/\/lasederia.com.py\/?post_type=product&#038;p=1761"},"modified":"2026-04-14T03:57:53","modified_gmt":"2026-04-14T03:57:53","slug":"tul-bordado-efecto-tweed","status":"publish","type":"product","link":"https:\/\/lasederia.com.py\/en\/product\/tul-bordado-efecto-tweed\/","title":{"rendered":"Tul Bordado Efecto Tweed"},"content":{"rendered":"<p>Tul Bordado Efecto Tweed. Sofisticado tul de ilusi\u00f3n con un llamativo bordado bicolor en rojo y rosa que recrea el efecto visual del tweed de alta costura. El dise\u00f1o combina hilos entrelazados en distintas intensidades de rojo y rosa con mostacillas, perlas peque\u00f1as y lentejuelas iridiscentes dispersas que aportan textura tridimensional y destellos luminosos. Remata en cenefa geom\u00e9trica de hex\u00e1gonos bordados con abalorios, creando un fest\u00f3n estructurado y elegante.<\/p>","protected":false},"excerpt":{"rendered":"<p>Tul Bordado Efecto Tweed. Sofisticado tul de ilusi\u00f3n con un llamativo bordado bicolor en rojo y rosa que recrea el efecto visual del tweed de alta costura. El dise\u00f1o combina hilos entrelazados en distintas intensidades de rojo y rosa con mostacillas, perlas peque\u00f1as y lentejuelas iridiscentes dispersas que aportan textura tridimensional y destellos luminosos. Remata en cenefa geom\u00e9trica de hex\u00e1gonos bordados con abalorios, creando un fest\u00f3n estructurado y elegante.<\/p>","protected":false},"featured_media":1764,"comment_status":"open","ping_status":"closed","template":"","meta":[],"product_brand":[],"product_cat":[31],"product_tag":[933,935,492,895,893,934,930,936,931,937,897,902,928,453,923,100,448,447,483,925,922,889,920,924,894,927,926,901,921,929,919,932],"class_list":{"0":"post-1761","1":"product","2":"type-product","3":"status-publish","4":"has-post-thumbnail","6":"product_cat-tules-de-colores","7":"product_tag-beaded-tulle","8":"product_tag-cocktail-dress-fabric","9":"product_tag-couture-fabric","10":"product_tag-embroidered-tulle","11":"product_tag-encaje-tul","12":"product_tag-fashion-tulle","13":"product_tag-fuchsia-tulle","14":"product_tag-party-fabric","15":"product_tag-pink-tulle","16":"product_tag-scallop-border-tulle","17":"product_tag-sequin-tulle","18":"product_tag-tela-bordada","19":"product_tag-tela-de-fiesta","20":"product_tag-tul-alta-costura","21":"product_tag-tul-bicolor","22":"product_tag-tul-bordado","23":"product_tag-tul-con-lentejuelas","24":"product_tag-tul-con-mostacillas","25":"product_tag-tul-con-perlas","26":"product_tag-tul-de-fiesta","27":"product_tag-tul-efecto-tweed","28":"product_tag-tul-feston","29":"product_tag-tul-fucsia","30":"product_tag-tul-geometrico","31":"product_tag-tul-ilusion","32":"product_tag-tul-moda","33":"product_tag-tul-para-vestido-de-coctel","34":"product_tag-tul-por-metro","35":"product_tag-tul-rosa","36":"product_tag-tul-rosa-fucsia","37":"product_tag-tulle-by-the-yard","38":"product_tag-tweed-effect-tulle","40":"first","41":"instock","42":"shipping-taxable","43":"purchasable","44":"product-type-simple"},"jetpack_sharing_enabled":true,"_links":{"self":[{"href":"https:\/\/lasederia.com.py\/en\/wp-json\/wp\/v2\/product\/1761","targetHints":{"allow":["GET"]}}],"collection":[{"href":"https:\/\/lasederia.com.py\/en\/wp-json\/wp\/v2\/product"}],"about":[{"href":"https:\/\/lasederia.com.py\/en\/wp-json\/wp\/v2\/types\/product"}],"replies":[{"embeddable":true,"href":"https:\/\/lasederia.com.py\/en\/wp-json\/wp\/v2\/comments?post=1761"}],"wp:featuredmedia":[{"embeddable":true,"href":"https:\/\/lasederia.com.py\/en\/wp-json\/wp\/v2\/media\/1764"}],"wp:attachment":[{"href":"https:\/\/lasederia.com.py\/en\/wp-json\/wp\/v2\/media?parent=1761"}],"wp:term":[{"taxonomy":"product_brand","embeddable":true,"href":"https:\/\/lasederia.com.py\/en\/wp-json\/wp\/v2\/product_brand?post=1761"},{"taxonomy":"product_cat","embeddable":true,"href":"https:\/\/lasederia.com.py\/en\/wp-json\/wp\/v2\/product_cat?post=1761"},{"taxonomy":"product_tag","embeddable":true,"href":"https:\/\/lasederia.com.py\/en\/wp-json\/wp\/v2\/product_tag?post=1761"}],"curies":[{"name":"wp","href":"https:\/\/api.w.org\/{rel}","templated":true}]}}