{"id":1754,"date":"2026-04-14T03:51:00","date_gmt":"2026-04-14T03:51:00","guid":{"rendered":"https:\/\/lasederia.com.py\/?post_type=product&#038;p=1754"},"modified":"2026-04-14T03:51:00","modified_gmt":"2026-04-14T03:51:00","slug":"tul-bordado-barroca-en-lentejuelas","status":"publish","type":"product","link":"https:\/\/lasederia.com.py\/en\/product\/tul-bordado-barroca-en-lentejuelas\/","title":{"rendered":"Tul Bordado Barroca en Lentejuelas"},"content":{"rendered":"<p>Tul Bordado Barroca en Lentejuelas. Tul de ilusi\u00f3n en tono champagne\/ivory con doble dise\u00f1o: el cuerpo principal presenta un bordado de microlentejuelas y peque\u00f1as flores dispuestas en cuadr\u00edcula de rombos que otorgan una luminosidad uniforme y sutil. La cenefa inferior exhibe un elegante motivo barroco de arabescos y volutas en lentejuelas de mayor tama\u00f1o con acabado brillante, rematada en fest\u00f3n scallop.<\/p>","protected":false},"excerpt":{"rendered":"<p>Tul Bordado Barroca en Lentejuelas. Tul de ilusi\u00f3n en tono champagne\/ivory con doble dise\u00f1o: el cuerpo principal presenta un bordado de microlentejuelas y peque\u00f1as flores dispuestas en cuadr\u00edcula de rombos que otorgan una luminosidad uniforme y sutil. La cenefa inferior exhibe un elegante motivo barroco de arabescos y volutas en lentejuelas de mayor tama\u00f1o con acabado brillante, rematada en fest\u00f3n scallop.<\/p>","protected":false},"featured_media":1756,"comment_status":"open","ping_status":"closed","template":"","meta":[],"product_brand":[],"product_cat":[31],"product_tag":[916,917,789,898,915,895,893,914,918,897,913,453,907,905,912,100,906,904,448,889,894,470,910,890,901,911,891,909,908,919,795],"class_list":{"0":"post-1754","1":"product","2":"type-product","3":"status-publish","4":"has-post-thumbnail","6":"product_cat-tules-de-colores","7":"product_tag-baroque-tulle","8":"product_tag-border-tulle","9":"product_tag-bridal-fabric","10":"product_tag-bridal-tulle","11":"product_tag-champagne-tulle","12":"product_tag-embroidered-tulle","13":"product_tag-encaje-tul","14":"product_tag-ivory-tulle","15":"product_tag-scallop-tulle","16":"product_tag-sequin-tulle","17":"product_tag-tela-nupcial","18":"product_tag-tul-alta-costura","19":"product_tag-tul-arabescos","20":"product_tag-tul-barroco","21":"product_tag-tul-blanco","22":"product_tag-tul-bordado","23":"product_tag-tul-cenefa","24":"product_tag-tul-champagne","25":"product_tag-tul-con-lentejuelas","26":"product_tag-tul-feston","27":"product_tag-tul-ilusion","28":"product_tag-tul-ivory","29":"product_tag-tul-nupcial","30":"product_tag-tul-para-vestido-de-novia","31":"product_tag-tul-por-metro","32":"product_tag-tul-primera-comunion","33":"product_tag-tul-quinceanera","34":"product_tag-tul-scallop","35":"product_tag-tul-volutas","36":"product_tag-tulle-by-the-yard","37":"product_tag-wedding-fabric","39":"first","40":"instock","41":"shipping-taxable","42":"purchasable","43":"product-type-simple"},"jetpack_sharing_enabled":true,"_links":{"self":[{"href":"https:\/\/lasederia.com.py\/en\/wp-json\/wp\/v2\/product\/1754","targetHints":{"allow":["GET"]}}],"collection":[{"href":"https:\/\/lasederia.com.py\/en\/wp-json\/wp\/v2\/product"}],"about":[{"href":"https:\/\/lasederia.com.py\/en\/wp-json\/wp\/v2\/types\/product"}],"replies":[{"embeddable":true,"href":"https:\/\/lasederia.com.py\/en\/wp-json\/wp\/v2\/comments?post=1754"}],"wp:featuredmedia":[{"embeddable":true,"href":"https:\/\/lasederia.com.py\/en\/wp-json\/wp\/v2\/media\/1756"}],"wp:attachment":[{"href":"https:\/\/lasederia.com.py\/en\/wp-json\/wp\/v2\/media?parent=1754"}],"wp:term":[{"taxonomy":"product_brand","embeddable":true,"href":"https:\/\/lasederia.com.py\/en\/wp-json\/wp\/v2\/product_brand?post=1754"},{"taxonomy":"product_cat","embeddable":true,"href":"https:\/\/lasederia.com.py\/en\/wp-json\/wp\/v2\/product_cat?post=1754"},{"taxonomy":"product_tag","embeddable":true,"href":"https:\/\/lasederia.com.py\/en\/wp-json\/wp\/v2\/product_tag?post=1754"}],"curies":[{"name":"wp","href":"https:\/\/api.w.org\/{rel}","templated":true}]}}