{"id":1716,"date":"2026-03-23T02:11:40","date_gmt":"2026-03-23T02:11:40","guid":{"rendered":"https:\/\/lasederia.com.py\/?post_type=product&#038;p=1716"},"modified":"2026-03-25T18:49:12","modified_gmt":"2026-03-25T18:49:12","slug":"tul-bordado-midnight-crystal","status":"publish","type":"product","link":"https:\/\/lasederia.com.py\/en\/product\/tul-bordado-midnight-crystal\/","title":{"rendered":"Tul Bordado Midnight Crystal"},"content":{"rendered":"<p>Tul Bordado Midnight Crystal. Tul exclusivo bordado con pedrer\u00eda en tonos negro, plata y cristal, formando patrones geom\u00e9tricos circulares con alto relieve. La combinaci\u00f3n de cristales facetados, canutillos y cuentas crea un efecto de brillo profundo y sofisticado.<\/p>","protected":false},"excerpt":{"rendered":"<p>Tul Bordado Midnight Crystal. Tul exclusivo bordado con pedrer\u00eda en tonos negro, plata y cristal, formando patrones geom\u00e9tricos circulares con alto relieve. La combinaci\u00f3n de cristales facetados, canutillos y cuentas crea un efecto de brillo profundo y sofisticado.<\/p>","protected":false},"featured_media":1718,"comment_status":"open","ping_status":"closed","template":"","meta":[],"product_brand":[],"product_cat":[29],"product_tag":[791,870,793,796,878,874,876,880,881,879,826,845,833,872,817,806,868,869],"class_list":{"0":"post-1716","1":"product","2":"type-product","3":"status-publish","4":"has-post-thumbnail","6":"product_cat-tules-exclusivos","7":"product_tag-alta-costura","8":"product_tag-bordado","9":"product_tag-brillante","10":"product_tag-couture","11":"product_tag-cristales","12":"product_tag-evening","13":"product_tag-exclusivo","14":"product_tag-gala","15":"product_tag-geometrico","16":"product_tag-gunmetal","17":"product_tag-lujo","18":"product_tag-negro","19":"product_tag-noche","20":"product_tag-pedreria","21":"product_tag-plata","22":"product_tag-textura","23":"product_tag-tul","24":"product_tag-tulle","26":"first","27":"instock","28":"shipping-taxable","29":"purchasable","30":"product-type-simple"},"jetpack_sharing_enabled":true,"_links":{"self":[{"href":"https:\/\/lasederia.com.py\/en\/wp-json\/wp\/v2\/product\/1716","targetHints":{"allow":["GET"]}}],"collection":[{"href":"https:\/\/lasederia.com.py\/en\/wp-json\/wp\/v2\/product"}],"about":[{"href":"https:\/\/lasederia.com.py\/en\/wp-json\/wp\/v2\/types\/product"}],"replies":[{"embeddable":true,"href":"https:\/\/lasederia.com.py\/en\/wp-json\/wp\/v2\/comments?post=1716"}],"wp:featuredmedia":[{"embeddable":true,"href":"https:\/\/lasederia.com.py\/en\/wp-json\/wp\/v2\/media\/1718"}],"wp:attachment":[{"href":"https:\/\/lasederia.com.py\/en\/wp-json\/wp\/v2\/media?parent=1716"}],"wp:term":[{"taxonomy":"product_brand","embeddable":true,"href":"https:\/\/lasederia.com.py\/en\/wp-json\/wp\/v2\/product_brand?post=1716"},{"taxonomy":"product_cat","embeddable":true,"href":"https:\/\/lasederia.com.py\/en\/wp-json\/wp\/v2\/product_cat?post=1716"},{"taxonomy":"product_tag","embeddable":true,"href":"https:\/\/lasederia.com.py\/en\/wp-json\/wp\/v2\/product_tag?post=1716"}],"curies":[{"name":"wp","href":"https:\/\/api.w.org\/{rel}","templated":true}]}}