{"id":1707,"date":"2026-03-23T02:05:12","date_gmt":"2026-03-23T02:05:12","guid":{"rendered":"https:\/\/lasederia.com.py\/?post_type=product&#038;p=1707"},"modified":"2026-03-25T18:51:35","modified_gmt":"2026-03-25T18:51:35","slug":"gasa-laminada-rose","status":"publish","type":"product","link":"https:\/\/lasederia.com.py\/en\/product\/gasa-laminada-rose\/","title":{"rendered":"Gasa Laminada Ros\u00e9"},"content":{"rendered":"<p>Gasa Laminada Ros\u00e9. Gasa laminada en tono ros\u00e9 con un brillo perlado que fusiona suavidad y luminosidad. Su acabado iridiscente refleja matices entre champagne y rosa empolvado, creando un efecto elegante y moderno.<\/p>","protected":false},"excerpt":{"rendered":"<p>Gasa Laminada Ros\u00e9. Gasa laminada en tono ros\u00e9 con un brillo perlado que fusiona suavidad y luminosidad. Su acabado iridiscente refleja matices entre champagne y rosa empolvado, creando un efecto elegante y moderno.<\/p>","protected":false},"featured_media":1708,"comment_status":"open","ping_status":"closed","template":"","meta":[],"product_brand":[],"product_cat":[854],"product_tag":[793,788,860,148,794,855,861,864,865,837,857,829,828,866,851,838],"class_list":{"0":"post-1707","1":"product","2":"type-product","3":"status-publish","4":"has-post-thumbnail","6":"product_cat-gasa-laminada","7":"product_tag-brillante","8":"product_tag-champagne","9":"product_tag-chiffon","10":"product_tag-elegante","11":"product_tag-fiesta","12":"product_tag-gasa","13":"product_tag-gasa-laminada","14":"product_tag-glow","15":"product_tag-iridiscente","16":"product_tag-liviano","17":"product_tag-perlado","18":"product_tag-rosa","19":"product_tag-rose","20":"product_tag-soft-luxury","21":"product_tag-tendencia","22":"product_tag-transparente","24":"first","25":"instock","26":"shipping-taxable","27":"purchasable","28":"product-type-simple"},"jetpack_sharing_enabled":true,"_links":{"self":[{"href":"https:\/\/lasederia.com.py\/en\/wp-json\/wp\/v2\/product\/1707","targetHints":{"allow":["GET"]}}],"collection":[{"href":"https:\/\/lasederia.com.py\/en\/wp-json\/wp\/v2\/product"}],"about":[{"href":"https:\/\/lasederia.com.py\/en\/wp-json\/wp\/v2\/types\/product"}],"replies":[{"embeddable":true,"href":"https:\/\/lasederia.com.py\/en\/wp-json\/wp\/v2\/comments?post=1707"}],"wp:featuredmedia":[{"embeddable":true,"href":"https:\/\/lasederia.com.py\/en\/wp-json\/wp\/v2\/media\/1708"}],"wp:attachment":[{"href":"https:\/\/lasederia.com.py\/en\/wp-json\/wp\/v2\/media?parent=1707"}],"wp:term":[{"taxonomy":"product_brand","embeddable":true,"href":"https:\/\/lasederia.com.py\/en\/wp-json\/wp\/v2\/product_brand?post=1707"},{"taxonomy":"product_cat","embeddable":true,"href":"https:\/\/lasederia.com.py\/en\/wp-json\/wp\/v2\/product_cat?post=1707"},{"taxonomy":"product_tag","embeddable":true,"href":"https:\/\/lasederia.com.py\/en\/wp-json\/wp\/v2\/product_tag?post=1707"}],"curies":[{"name":"wp","href":"https:\/\/api.w.org\/{rel}","templated":true}]}}