{"id":1702,"date":"2026-03-23T02:03:00","date_gmt":"2026-03-23T02:03:00","guid":{"rendered":"https:\/\/lasederia.com.py\/?post_type=product&#038;p=1702"},"modified":"2026-03-25T18:53:23","modified_gmt":"2026-03-25T18:53:23","slug":"gasa-laminada-gold","status":"publish","type":"product","link":"https:\/\/lasederia.com.py\/en\/product\/gasa-laminada-gold\/","title":{"rendered":"Gasa Laminada Gold"},"content":{"rendered":"<p>Gasa Laminada Gold. Gasa laminada en tono dorado c\u00e1lido con un brillo envolvente que potencia la luz en cada pliegue. Su acabado metalizado genera un efecto luminoso y elegante, mientras su base liviana y transl\u00facida mantiene una ca\u00edda suave y et\u00e9rea.<\/p>","protected":false},"excerpt":{"rendered":"<p>Gasa Laminada Gold. Gasa laminada en tono dorado c\u00e1lido con un brillo envolvente que potencia la luz en cada pliegue. Su acabado metalizado genera un efecto luminoso y elegante, mientras su base liviana y transl\u00facida mantiene una ca\u00edda suave y et\u00e9rea.<\/p>","protected":false},"featured_media":1705,"comment_status":"open","ping_status":"closed","template":"","meta":[],"product_brand":[],"product_cat":[854],"product_tag":[793,860,352,148,794,840,855,861,864,811,837,826,810,833,851,838],"class_list":{"0":"post-1702","1":"product","2":"type-product","3":"status-publish","4":"has-post-thumbnail","6":"product_cat-gasa-laminada","7":"product_tag-brillante","8":"product_tag-chiffon","9":"product_tag-dorado","10":"product_tag-elegante","11":"product_tag-fiesta","12":"product_tag-fluido","13":"product_tag-gasa","14":"product_tag-gasa-laminada","15":"product_tag-glow","16":"product_tag-gold","17":"product_tag-liviano","18":"product_tag-lujo","19":"product_tag-metalico","20":"product_tag-noche","21":"product_tag-tendencia","22":"product_tag-transparente","24":"first","25":"instock","26":"shipping-taxable","27":"purchasable","28":"product-type-simple"},"jetpack_sharing_enabled":true,"_links":{"self":[{"href":"https:\/\/lasederia.com.py\/en\/wp-json\/wp\/v2\/product\/1702","targetHints":{"allow":["GET"]}}],"collection":[{"href":"https:\/\/lasederia.com.py\/en\/wp-json\/wp\/v2\/product"}],"about":[{"href":"https:\/\/lasederia.com.py\/en\/wp-json\/wp\/v2\/types\/product"}],"replies":[{"embeddable":true,"href":"https:\/\/lasederia.com.py\/en\/wp-json\/wp\/v2\/comments?post=1702"}],"wp:featuredmedia":[{"embeddable":true,"href":"https:\/\/lasederia.com.py\/en\/wp-json\/wp\/v2\/media\/1705"}],"wp:attachment":[{"href":"https:\/\/lasederia.com.py\/en\/wp-json\/wp\/v2\/media?parent=1702"}],"wp:term":[{"taxonomy":"product_brand","embeddable":true,"href":"https:\/\/lasederia.com.py\/en\/wp-json\/wp\/v2\/product_brand?post=1702"},{"taxonomy":"product_cat","embeddable":true,"href":"https:\/\/lasederia.com.py\/en\/wp-json\/wp\/v2\/product_cat?post=1702"},{"taxonomy":"product_tag","embeddable":true,"href":"https:\/\/lasederia.com.py\/en\/wp-json\/wp\/v2\/product_tag?post=1702"}],"curies":[{"name":"wp","href":"https:\/\/api.w.org\/{rel}","templated":true}]}}