{"id":1698,"date":"2026-03-23T02:00:47","date_gmt":"2026-03-23T02:00:47","guid":{"rendered":"https:\/\/lasederia.com.py\/?post_type=product&#038;p=1698"},"modified":"2026-03-25T18:52:42","modified_gmt":"2026-03-25T18:52:42","slug":"gasa-laminada-bronce","status":"publish","type":"product","link":"https:\/\/lasederia.com.py\/en\/product\/gasa-laminada-bronce\/","title":{"rendered":"Gasa Laminada Bronce"},"content":{"rendered":"<p>Gasa Laminada Bronce. Gasa laminada en tono marr\u00f3n bronce con un acabado met\u00e1lico brillante que aporta luz y movimiento. Su textura liviana y transl\u00facida genera una ca\u00edda et\u00e9rea, mientras el laminado le da ese efecto \u201cl\u00edquido\u201d sofisticado.<\/p>","protected":false},"excerpt":{"rendered":"<p>Gasa Laminada Bronce. Gasa laminada en tono marr\u00f3n bronce con un acabado met\u00e1lico brillante que aporta luz y movimiento. Su textura liviana y transl\u00facida genera una ca\u00edda et\u00e9rea, mientras el laminado le da ese efecto \u201cl\u00edquido\u201d sofisticado.<\/p>","protected":false},"featured_media":1699,"comment_status":"open","ping_status":"closed","template":"","meta":[],"product_brand":[],"product_cat":[854],"product_tag":[793,862,860,148,794,840,855,861,837,826,863,810,833,851,838],"class_list":{"0":"post-1698","1":"product","2":"type-product","3":"status-publish","4":"has-post-thumbnail","6":"product_cat-gasa-laminada","7":"product_tag-brillante","8":"product_tag-bronce","9":"product_tag-chiffon","10":"product_tag-elegante","11":"product_tag-fiesta","12":"product_tag-fluido","13":"product_tag-gasa","14":"product_tag-gasa-laminada","15":"product_tag-liviano","16":"product_tag-lujo","17":"product_tag-marron","18":"product_tag-metalico","19":"product_tag-noche","20":"product_tag-tendencia","21":"product_tag-transparente","23":"first","24":"instock","25":"shipping-taxable","26":"purchasable","27":"product-type-simple"},"jetpack_sharing_enabled":true,"_links":{"self":[{"href":"https:\/\/lasederia.com.py\/en\/wp-json\/wp\/v2\/product\/1698","targetHints":{"allow":["GET"]}}],"collection":[{"href":"https:\/\/lasederia.com.py\/en\/wp-json\/wp\/v2\/product"}],"about":[{"href":"https:\/\/lasederia.com.py\/en\/wp-json\/wp\/v2\/types\/product"}],"replies":[{"embeddable":true,"href":"https:\/\/lasederia.com.py\/en\/wp-json\/wp\/v2\/comments?post=1698"}],"wp:featuredmedia":[{"embeddable":true,"href":"https:\/\/lasederia.com.py\/en\/wp-json\/wp\/v2\/media\/1699"}],"wp:attachment":[{"href":"https:\/\/lasederia.com.py\/en\/wp-json\/wp\/v2\/media?parent=1698"}],"wp:term":[{"taxonomy":"product_brand","embeddable":true,"href":"https:\/\/lasederia.com.py\/en\/wp-json\/wp\/v2\/product_brand?post=1698"},{"taxonomy":"product_cat","embeddable":true,"href":"https:\/\/lasederia.com.py\/en\/wp-json\/wp\/v2\/product_cat?post=1698"},{"taxonomy":"product_tag","embeddable":true,"href":"https:\/\/lasederia.com.py\/en\/wp-json\/wp\/v2\/product_tag?post=1698"}],"curies":[{"name":"wp","href":"https:\/\/api.w.org\/{rel}","templated":true}]}}