{"id":1687,"date":"2026-03-23T01:42:42","date_gmt":"2026-03-23T01:42:42","guid":{"rendered":"https:\/\/lasederia.com.py\/?post_type=product&#038;p=1687"},"modified":"2026-03-25T18:54:31","modified_gmt":"2026-03-25T18:54:31","slug":"organza-floral-metalico","status":"publish","type":"product","link":"https:\/\/lasederia.com.py\/en\/product\/organza-floral-metalico\/","title":{"rendered":"Organza Floral Met\u00e1lico"},"content":{"rendered":"<p>Organza Floral Met\u00e1lico. Dise\u00f1o floral de gran escala en tonos plateados y dorados, que crea un contraste elegante y sofisticado. El acabado ligeramente met\u00e1lico aporta profundidad y luminosidad, mientras que el dise\u00f1o org\u00e1nico le da movimiento y car\u00e1cter.<\/p>","protected":false},"excerpt":{"rendered":"<p>Organza Floral Met\u00e1lico. Dise\u00f1o floral de gran escala en tonos plateados y dorados, que crea un contraste elegante y sofisticado. El acabado ligeramente met\u00e1lico aporta profundidad y luminosidad, mientras que el dise\u00f1o org\u00e1nico le da movimiento y car\u00e1cter.<\/p>","protected":false},"featured_media":1689,"comment_status":"open","ping_status":"closed","template":"","meta":[],"product_brand":[],"product_cat":[834],"product_tag":[791,226,352,148,790,801,384,798,850,826,810,812,833,835,846,786,805,799,822,792,841],"class_list":{"0":"post-1687","1":"product","2":"type-product","3":"status-publish","4":"has-post-thumbnail","6":"product_cat-organza-laminada","7":"product_tag-alta-costura","8":"product_tag-diseno-organico","9":"product_tag-dorado","10":"product_tag-elegante","11":"product_tag-evening-wear","12":"product_tag-floral","13":"product_tag-flores-grandes","14":"product_tag-glam","15":"product_tag-jacquard","16":"product_tag-lujo","17":"product_tag-metalico","18":"product_tag-moderno","19":"product_tag-noche","20":"product_tag-organza","21":"product_tag-oscuro","22":"product_tag-plateado","23":"product_tag-romantico","24":"product_tag-sofisticado","25":"product_tag-statement","26":"product_tag-texturizado","27":"product_tag-vestido","29":"first","30":"instock","31":"shipping-taxable","32":"purchasable","33":"product-type-simple"},"jetpack_sharing_enabled":true,"_links":{"self":[{"href":"https:\/\/lasederia.com.py\/en\/wp-json\/wp\/v2\/product\/1687","targetHints":{"allow":["GET"]}}],"collection":[{"href":"https:\/\/lasederia.com.py\/en\/wp-json\/wp\/v2\/product"}],"about":[{"href":"https:\/\/lasederia.com.py\/en\/wp-json\/wp\/v2\/types\/product"}],"replies":[{"embeddable":true,"href":"https:\/\/lasederia.com.py\/en\/wp-json\/wp\/v2\/comments?post=1687"}],"wp:featuredmedia":[{"embeddable":true,"href":"https:\/\/lasederia.com.py\/en\/wp-json\/wp\/v2\/media\/1689"}],"wp:attachment":[{"href":"https:\/\/lasederia.com.py\/en\/wp-json\/wp\/v2\/media?parent=1687"}],"wp:term":[{"taxonomy":"product_brand","embeddable":true,"href":"https:\/\/lasederia.com.py\/en\/wp-json\/wp\/v2\/product_brand?post=1687"},{"taxonomy":"product_cat","embeddable":true,"href":"https:\/\/lasederia.com.py\/en\/wp-json\/wp\/v2\/product_cat?post=1687"},{"taxonomy":"product_tag","embeddable":true,"href":"https:\/\/lasederia.com.py\/en\/wp-json\/wp\/v2\/product_tag?post=1687"}],"curies":[{"name":"wp","href":"https:\/\/api.w.org\/{rel}","templated":true}]}}