{"id":1682,"date":"2026-03-23T01:40:10","date_gmt":"2026-03-23T01:40:10","guid":{"rendered":"https:\/\/lasederia.com.py\/?post_type=product&#038;p=1682"},"modified":"2026-03-25T18:54:55","modified_gmt":"2026-03-25T18:54:55","slug":"organza-animal-print","status":"publish","type":"product","link":"https:\/\/lasederia.com.py\/en\/product\/organza-animal-print\/","title":{"rendered":"Organza Animal Print"},"content":{"rendered":"<p>Organza Animal Print. Dise\u00f1o abstracto con inspiraci\u00f3n animal, que combina tonos oscuros con destellos met\u00e1licos en dorado. Su textura irregular y contrastes marcados crean un efecto visual intenso y sofisticado, ideal para prendas con car\u00e1cter.<\/p>","protected":false},"excerpt":{"rendered":"<p>Organza Animal Print. Dise\u00f1o abstracto con inspiraci\u00f3n animal, que combina tonos oscuros con destellos met\u00e1licos en dorado. Su textura irregular y contrastes marcados crean un efecto visual intenso y sofisticado, ideal para prendas con car\u00e1cter.<\/p>","protected":false},"featured_media":1684,"comment_status":"open","ping_status":"closed","template":"","meta":[],"product_brand":[],"product_cat":[834],"product_tag":[809,791,325,852,814,849,352,847,848,798,850,810,812,845,833,835,846,799,822,851,806],"class_list":{"0":"post-1682","1":"product","2":"type-product","3":"status-publish","4":"has-post-thumbnail","6":"product_cat-organza-laminada","7":"product_tag-abstracto","8":"product_tag-alta-costura","9":"product_tag-animal-print","10":"product_tag-audaz","11":"product_tag-brillo","12":"product_tag-diseno-fuerte","13":"product_tag-dorado","14":"product_tag-edgy","15":"product_tag-fashion","16":"product_tag-glam","17":"product_tag-jacquard","18":"product_tag-metalico","19":"product_tag-moderno","20":"product_tag-negro","21":"product_tag-noche","22":"product_tag-organza","23":"product_tag-oscuro","24":"product_tag-sofisticado","25":"product_tag-statement","26":"product_tag-tendencia","27":"product_tag-textura","29":"first","30":"instock","31":"shipping-taxable","32":"purchasable","33":"product-type-simple"},"jetpack_sharing_enabled":true,"_links":{"self":[{"href":"https:\/\/lasederia.com.py\/en\/wp-json\/wp\/v2\/product\/1682","targetHints":{"allow":["GET"]}}],"collection":[{"href":"https:\/\/lasederia.com.py\/en\/wp-json\/wp\/v2\/product"}],"about":[{"href":"https:\/\/lasederia.com.py\/en\/wp-json\/wp\/v2\/types\/product"}],"replies":[{"embeddable":true,"href":"https:\/\/lasederia.com.py\/en\/wp-json\/wp\/v2\/comments?post=1682"}],"wp:featuredmedia":[{"embeddable":true,"href":"https:\/\/lasederia.com.py\/en\/wp-json\/wp\/v2\/media\/1684"}],"wp:attachment":[{"href":"https:\/\/lasederia.com.py\/en\/wp-json\/wp\/v2\/media?parent=1682"}],"wp:term":[{"taxonomy":"product_brand","embeddable":true,"href":"https:\/\/lasederia.com.py\/en\/wp-json\/wp\/v2\/product_brand?post=1682"},{"taxonomy":"product_cat","embeddable":true,"href":"https:\/\/lasederia.com.py\/en\/wp-json\/wp\/v2\/product_cat?post=1682"},{"taxonomy":"product_tag","embeddable":true,"href":"https:\/\/lasederia.com.py\/en\/wp-json\/wp\/v2\/product_tag?post=1682"}],"curies":[{"name":"wp","href":"https:\/\/api.w.org\/{rel}","templated":true}]}}