{"id":1676,"date":"2026-03-23T01:37:26","date_gmt":"2026-03-23T01:37:26","guid":{"rendered":"https:\/\/lasederia.com.py\/?post_type=product&#038;p=1676"},"modified":"2026-03-26T21:02:19","modified_gmt":"2026-03-26T21:02:19","slug":"organza-print","status":"publish","type":"product","link":"https:\/\/lasederia.com.py\/en\/product\/organza-print\/","title":{"rendered":"Organza Print"},"content":{"rendered":"<p>Organza Print. Organza liviana con un dise\u00f1o abstracto en tonos tierra, dorado y gris, que crea un efecto visual similar a una lluvia o textura mineral en movimiento. Su transparencia y ca\u00edda suave aportan ligereza, mientras que el patr\u00f3n aporta profundidad y car\u00e1cter.<\/p>","protected":false},"excerpt":{"rendered":"<p>Organza Print. Organza liviana con un dise\u00f1o abstracto en tonos tierra, dorado y gris, que crea un efecto visual similar a una lluvia o textura mineral en movimiento. Su transparencia y ca\u00edda suave aportan ligereza, mientras que el patr\u00f3n aporta profundidad y car\u00e1cter.<\/p>","protected":false},"featured_media":1678,"comment_status":"open","ping_status":"closed","template":"","meta":[],"product_brand":[],"product_cat":[834],"product_tag":[809,844,843,226,352,148,839,840,172,837,812,835,842,799,230,806,338,836,838,841],"class_list":{"0":"post-1676","1":"product","2":"type-product","3":"status-publish","4":"has-post-thumbnail","6":"product_cat-organza-laminada","7":"product_tag-abstracto","8":"product_tag-artistico","9":"product_tag-capas","10":"product_tag-diseno-organico","11":"product_tag-dorado","12":"product_tag-elegante","13":"product_tag-etereo","14":"product_tag-fluido","15":"product_tag-gris","16":"product_tag-liviano","17":"product_tag-moderno","18":"product_tag-organza","19":"product_tag-overlay","20":"product_tag-sofisticado","21":"product_tag-tela-liviana","22":"product_tag-textura","23":"product_tag-tonos-tierra","24":"product_tag-translucido","25":"product_tag-transparente","26":"product_tag-vestido","28":"first","29":"instock","30":"shipping-taxable","31":"purchasable","32":"product-type-simple"},"jetpack_sharing_enabled":true,"_links":{"self":[{"href":"https:\/\/lasederia.com.py\/en\/wp-json\/wp\/v2\/product\/1676","targetHints":{"allow":["GET"]}}],"collection":[{"href":"https:\/\/lasederia.com.py\/en\/wp-json\/wp\/v2\/product"}],"about":[{"href":"https:\/\/lasederia.com.py\/en\/wp-json\/wp\/v2\/types\/product"}],"replies":[{"embeddable":true,"href":"https:\/\/lasederia.com.py\/en\/wp-json\/wp\/v2\/comments?post=1676"}],"wp:featuredmedia":[{"embeddable":true,"href":"https:\/\/lasederia.com.py\/en\/wp-json\/wp\/v2\/media\/1678"}],"wp:attachment":[{"href":"https:\/\/lasederia.com.py\/en\/wp-json\/wp\/v2\/media?parent=1676"}],"wp:term":[{"taxonomy":"product_brand","embeddable":true,"href":"https:\/\/lasederia.com.py\/en\/wp-json\/wp\/v2\/product_brand?post=1676"},{"taxonomy":"product_cat","embeddable":true,"href":"https:\/\/lasederia.com.py\/en\/wp-json\/wp\/v2\/product_cat?post=1676"},{"taxonomy":"product_tag","embeddable":true,"href":"https:\/\/lasederia.com.py\/en\/wp-json\/wp\/v2\/product_tag?post=1676"}],"curies":[{"name":"wp","href":"https:\/\/api.w.org\/{rel}","templated":true}]}}