{"id":1666,"date":"2026-03-23T01:30:09","date_gmt":"2026-03-23T01:30:09","guid":{"rendered":"https:\/\/lasederia.com.py\/?post_type=product&#038;p=1666"},"modified":"2026-04-06T18:37:46","modified_gmt":"2026-04-06T18:37:46","slug":"brocato-oro-nocturno","status":"publish","type":"product","link":"https:\/\/lasederia.com.py\/en\/product\/brocato-oro-nocturno\/","title":{"rendered":"Brocato Oro Nocturno"},"content":{"rendered":"<p>Brocato Oro Nocturno. Brocato de base oscura con un dise\u00f1o en degrad\u00e9 que combina tonos dorado y plateado en una composici\u00f3n tipo cascada. Su contraste intenso y su textura en relieve crean un efecto visual impactante y sofisticado<\/p>","protected":false},"excerpt":{"rendered":"<p>Brocato Oro Nocturno. Brocato de base oscura con un dise\u00f1o en degrad\u00e9 que combina tonos dorado y plateado en una composici\u00f3n tipo cascada. Su contraste intenso y su textura en relieve crean un efecto visual impactante y sofisticado<\/p>","protected":false},"featured_media":1668,"comment_status":"open","ping_status":"closed","template":"","meta":[],"product_brand":[],"product_cat":[867],"product_tag":[791,785,784,800,831,226,352,148,790,832,798,810,812,833,786,149,807,799,822,460,806],"class_list":{"0":"post-1666","1":"product","2":"type-product","3":"status-publish","4":"has-post-thumbnail","6":"product_cat-brocato-laminado","7":"product_tag-alta-costura","8":"product_tag-brocade","9":"product_tag-brocado","10":"product_tag-brocato","11":"product_tag-degrade","12":"product_tag-diseno-organico","13":"product_tag-dorado","14":"product_tag-elegante","15":"product_tag-evening-wear","16":"product_tag-fondo-oscuro","17":"product_tag-glam","18":"product_tag-metalico","19":"product_tag-moderno","20":"product_tag-noche","21":"product_tag-plateado","22":"product_tag-premium","23":"product_tag-relieve","24":"product_tag-sofisticado","25":"product_tag-statement","26":"product_tag-tela-de-lujo","27":"product_tag-textura","29":"first","30":"instock","31":"shipping-taxable","32":"purchasable","33":"product-type-simple"},"jetpack_sharing_enabled":true,"_links":{"self":[{"href":"https:\/\/lasederia.com.py\/en\/wp-json\/wp\/v2\/product\/1666","targetHints":{"allow":["GET"]}}],"collection":[{"href":"https:\/\/lasederia.com.py\/en\/wp-json\/wp\/v2\/product"}],"about":[{"href":"https:\/\/lasederia.com.py\/en\/wp-json\/wp\/v2\/types\/product"}],"replies":[{"embeddable":true,"href":"https:\/\/lasederia.com.py\/en\/wp-json\/wp\/v2\/comments?post=1666"}],"wp:featuredmedia":[{"embeddable":true,"href":"https:\/\/lasederia.com.py\/en\/wp-json\/wp\/v2\/media\/1668"}],"wp:attachment":[{"href":"https:\/\/lasederia.com.py\/en\/wp-json\/wp\/v2\/media?parent=1666"}],"wp:term":[{"taxonomy":"product_brand","embeddable":true,"href":"https:\/\/lasederia.com.py\/en\/wp-json\/wp\/v2\/product_brand?post=1666"},{"taxonomy":"product_cat","embeddable":true,"href":"https:\/\/lasederia.com.py\/en\/wp-json\/wp\/v2\/product_cat?post=1666"},{"taxonomy":"product_tag","embeddable":true,"href":"https:\/\/lasederia.com.py\/en\/wp-json\/wp\/v2\/product_tag?post=1666"}],"curies":[{"name":"wp","href":"https:\/\/api.w.org\/{rel}","templated":true}]}}