{"id":1660,"date":"2026-03-23T01:27:11","date_gmt":"2026-03-23T01:27:11","guid":{"rendered":"https:\/\/lasederia.com.py\/?post_type=product&#038;p=1660"},"modified":"2026-04-06T18:37:53","modified_gmt":"2026-04-06T18:37:53","slug":"brocato-cascada-rose","status":"publish","type":"product","link":"https:\/\/lasederia.com.py\/en\/product\/brocato-cascada-rose\/","title":{"rendered":"Brocato Cascada Ros\u00e9"},"content":{"rendered":"<p>Brocato Cascada Ros\u00e9. Brocato con un dise\u00f1o en degrad\u00e9 que combina tonos plata y ros\u00e9 en una composici\u00f3n org\u00e1nica tipo cascada. Su textura en relieve y su acabado met\u00e1lico generan un efecto din\u00e1mico y sofisticado<\/p>","protected":false},"excerpt":{"rendered":"<p>Brocato Cascada Ros\u00e9. Brocato con un dise\u00f1o en degrad\u00e9 que combina tonos plata y ros\u00e9 en una composici\u00f3n org\u00e1nica tipo cascada. Su textura en relieve y su acabado met\u00e1lico generan un efecto din\u00e1mico y sofisticado<\/p>","protected":false},"featured_media":1663,"comment_status":"open","ping_status":"closed","template":"","meta":[],"product_brand":[],"product_cat":[867],"product_tag":[809,791,785,784,800,831,226,352,148,815,798,810,812,786,149,807,828,799,822,460,806],"class_list":{"0":"post-1660","1":"product","2":"type-product","3":"status-publish","4":"has-post-thumbnail","6":"product_cat-brocato-laminado","7":"product_tag-abstracto","8":"product_tag-alta-costura","9":"product_tag-brocade","10":"product_tag-brocado","11":"product_tag-brocato","12":"product_tag-degrade","13":"product_tag-diseno-organico","14":"product_tag-dorado","15":"product_tag-elegante","16":"product_tag-fashion-fabric","17":"product_tag-glam","18":"product_tag-metalico","19":"product_tag-moderno","20":"product_tag-plateado","21":"product_tag-premium","22":"product_tag-relieve","23":"product_tag-rose","24":"product_tag-sofisticado","25":"product_tag-statement","26":"product_tag-tela-de-lujo","27":"product_tag-textura","29":"first","30":"instock","31":"shipping-taxable","32":"purchasable","33":"product-type-simple"},"jetpack_sharing_enabled":true,"_links":{"self":[{"href":"https:\/\/lasederia.com.py\/en\/wp-json\/wp\/v2\/product\/1660","targetHints":{"allow":["GET"]}}],"collection":[{"href":"https:\/\/lasederia.com.py\/en\/wp-json\/wp\/v2\/product"}],"about":[{"href":"https:\/\/lasederia.com.py\/en\/wp-json\/wp\/v2\/types\/product"}],"replies":[{"embeddable":true,"href":"https:\/\/lasederia.com.py\/en\/wp-json\/wp\/v2\/comments?post=1660"}],"wp:featuredmedia":[{"embeddable":true,"href":"https:\/\/lasederia.com.py\/en\/wp-json\/wp\/v2\/media\/1663"}],"wp:attachment":[{"href":"https:\/\/lasederia.com.py\/en\/wp-json\/wp\/v2\/media?parent=1660"}],"wp:term":[{"taxonomy":"product_brand","embeddable":true,"href":"https:\/\/lasederia.com.py\/en\/wp-json\/wp\/v2\/product_brand?post=1660"},{"taxonomy":"product_cat","embeddable":true,"href":"https:\/\/lasederia.com.py\/en\/wp-json\/wp\/v2\/product_cat?post=1660"},{"taxonomy":"product_tag","embeddable":true,"href":"https:\/\/lasederia.com.py\/en\/wp-json\/wp\/v2\/product_tag?post=1660"}],"curies":[{"name":"wp","href":"https:\/\/api.w.org\/{rel}","templated":true}]}}