{"id":1654,"date":"2026-03-23T01:24:05","date_gmt":"2026-03-23T01:24:05","guid":{"rendered":"https:\/\/lasederia.com.py\/?post_type=product&#038;p=1654"},"modified":"2026-04-06T18:37:59","modified_gmt":"2026-04-06T18:37:59","slug":"brocato-rose","status":"publish","type":"product","link":"https:\/\/lasederia.com.py\/en\/product\/brocato-rose\/","title":{"rendered":"Brocato Ros\u00e9"},"content":{"rendered":"<p>Brocato Ros\u00e9. Brocato con un dise\u00f1o abstracto en tonos plata y ros\u00e9 suave, que se despliega en formas org\u00e1nicas con efecto et\u00e9reo. Su textura en relieve y su brillo sutil generan una est\u00e9tica delicada y contempor\u00e1nea<\/p>","protected":false},"excerpt":{"rendered":"<p>Brocato Ros\u00e9. Brocato con un dise\u00f1o abstracto en tonos plata y ros\u00e9 suave, que se despliega en formas org\u00e1nicas con efecto et\u00e9reo. Su textura en relieve y su brillo sutil generan una est\u00e9tica delicada y contempor\u00e1nea<\/p>","protected":false},"featured_media":1656,"comment_status":"open","ping_status":"closed","template":"","meta":[],"product_brand":[],"product_cat":[867],"product_tag":[809,791,785,784,800,820,148,790,815,830,798,810,812,786,149,807,829,828,799,460,806],"class_list":{"0":"post-1654","1":"product","2":"type-product","3":"status-publish","4":"has-post-thumbnail","6":"product_cat-brocato-laminado","7":"product_tag-abstracto","8":"product_tag-alta-costura","9":"product_tag-brocade","10":"product_tag-brocado","11":"product_tag-brocato","12":"product_tag-delicado","13":"product_tag-elegante","14":"product_tag-evening-wear","15":"product_tag-fashion-fabric","16":"product_tag-femenino","17":"product_tag-glam","18":"product_tag-metalico","19":"product_tag-moderno","20":"product_tag-plateado","21":"product_tag-premium","22":"product_tag-relieve","23":"product_tag-rosa","24":"product_tag-rose","25":"product_tag-sofisticado","26":"product_tag-tela-de-lujo","27":"product_tag-textura","29":"first","30":"instock","31":"shipping-taxable","32":"purchasable","33":"product-type-simple"},"jetpack_sharing_enabled":true,"_links":{"self":[{"href":"https:\/\/lasederia.com.py\/en\/wp-json\/wp\/v2\/product\/1654","targetHints":{"allow":["GET"]}}],"collection":[{"href":"https:\/\/lasederia.com.py\/en\/wp-json\/wp\/v2\/product"}],"about":[{"href":"https:\/\/lasederia.com.py\/en\/wp-json\/wp\/v2\/types\/product"}],"replies":[{"embeddable":true,"href":"https:\/\/lasederia.com.py\/en\/wp-json\/wp\/v2\/comments?post=1654"}],"wp:featuredmedia":[{"embeddable":true,"href":"https:\/\/lasederia.com.py\/en\/wp-json\/wp\/v2\/media\/1656"}],"wp:attachment":[{"href":"https:\/\/lasederia.com.py\/en\/wp-json\/wp\/v2\/media?parent=1654"}],"wp:term":[{"taxonomy":"product_brand","embeddable":true,"href":"https:\/\/lasederia.com.py\/en\/wp-json\/wp\/v2\/product_brand?post=1654"},{"taxonomy":"product_cat","embeddable":true,"href":"https:\/\/lasederia.com.py\/en\/wp-json\/wp\/v2\/product_cat?post=1654"},{"taxonomy":"product_tag","embeddable":true,"href":"https:\/\/lasederia.com.py\/en\/wp-json\/wp\/v2\/product_tag?post=1654"}],"curies":[{"name":"wp","href":"https:\/\/api.w.org\/{rel}","templated":true}]}}