{"id":1648,"date":"2026-03-23T01:21:42","date_gmt":"2026-03-23T01:21:42","guid":{"rendered":"https:\/\/lasederia.com.py\/?post_type=product&#038;p=1648"},"modified":"2026-04-06T18:38:05","modified_gmt":"2026-04-06T18:38:05","slug":"brocato-peonia-real","status":"publish","type":"product","link":"https:\/\/lasederia.com.py\/en\/product\/brocato-peonia-real\/","title":{"rendered":"Brocato Peon\u00eda Real"},"content":{"rendered":"<p>Brocato Peon\u00eda Real. Brocato con un dise\u00f1o floral de gran escala en tonos dorado y plateado, que destaca por su volumen, definici\u00f3n y brillo sofisticado. Las flores de inspiraci\u00f3n cl\u00e1sica aportan elegancia y presencia<\/p>","protected":false},"excerpt":{"rendered":"<p>Brocato Peon\u00eda Real. Brocato con un dise\u00f1o floral de gran escala en tonos dorado y plateado, que destaca por su volumen, definici\u00f3n y brillo sofisticado. Las flores de inspiraci\u00f3n cl\u00e1sica aportan elegancia y presencia<\/p>","protected":false},"featured_media":1650,"comment_status":"open","ping_status":"closed","template":"","meta":[],"product_brand":[],"product_cat":[867],"product_tag":[791,789,785,784,800,796,352,148,790,801,384,798,787,826,827,786,149,805,799,460,795],"class_list":{"0":"post-1648","1":"product","2":"type-product","3":"status-publish","4":"has-post-thumbnail","6":"product_cat-brocato-laminado","7":"product_tag-alta-costura","8":"product_tag-bridal-fabric","9":"product_tag-brocade","10":"product_tag-brocado","11":"product_tag-brocato","12":"product_tag-couture","13":"product_tag-dorado","14":"product_tag-elegante","15":"product_tag-evening-wear","16":"product_tag-floral","17":"product_tag-flores-grandes","18":"product_tag-glam","19":"product_tag-ivory","20":"product_tag-lujo","21":"product_tag-peonia","22":"product_tag-plateado","23":"product_tag-premium","24":"product_tag-romantico","25":"product_tag-sofisticado","26":"product_tag-tela-de-lujo","27":"product_tag-wedding-fabric","29":"first","30":"instock","31":"shipping-taxable","32":"purchasable","33":"product-type-simple"},"jetpack_sharing_enabled":true,"_links":{"self":[{"href":"https:\/\/lasederia.com.py\/en\/wp-json\/wp\/v2\/product\/1648","targetHints":{"allow":["GET"]}}],"collection":[{"href":"https:\/\/lasederia.com.py\/en\/wp-json\/wp\/v2\/product"}],"about":[{"href":"https:\/\/lasederia.com.py\/en\/wp-json\/wp\/v2\/types\/product"}],"replies":[{"embeddable":true,"href":"https:\/\/lasederia.com.py\/en\/wp-json\/wp\/v2\/comments?post=1648"}],"wp:featuredmedia":[{"embeddable":true,"href":"https:\/\/lasederia.com.py\/en\/wp-json\/wp\/v2\/media\/1650"}],"wp:attachment":[{"href":"https:\/\/lasederia.com.py\/en\/wp-json\/wp\/v2\/media?parent=1648"}],"wp:term":[{"taxonomy":"product_brand","embeddable":true,"href":"https:\/\/lasederia.com.py\/en\/wp-json\/wp\/v2\/product_brand?post=1648"},{"taxonomy":"product_cat","embeddable":true,"href":"https:\/\/lasederia.com.py\/en\/wp-json\/wp\/v2\/product_cat?post=1648"},{"taxonomy":"product_tag","embeddable":true,"href":"https:\/\/lasederia.com.py\/en\/wp-json\/wp\/v2\/product_tag?post=1648"}],"curies":[{"name":"wp","href":"https:\/\/api.w.org\/{rel}","templated":true}]}}