{"id":1643,"date":"2026-03-23T01:18:48","date_gmt":"2026-03-23T01:18:48","guid":{"rendered":"https:\/\/lasederia.com.py\/?post_type=product&#038;p=1643"},"modified":"2026-04-06T18:38:12","modified_gmt":"2026-04-06T18:38:12","slug":"brocato-jardin-plateado","status":"publish","type":"product","link":"https:\/\/lasederia.com.py\/en\/product\/brocato-jardin-plateado\/","title":{"rendered":"Brocato Jard\u00edn Plateado"},"content":{"rendered":"<p>Brocato Jard\u00edn Plateado. Brocato con un dise\u00f1o bot\u00e1nico abstracto en tonos plateados, dispuesto en una repetici\u00f3n estructurada que aporta orden y sofisticaci\u00f3n. Su textura en relieve y su acabado met\u00e1lico generan un efecto elegante y contempor\u00e1neo.<\/p>","protected":false},"excerpt":{"rendered":"<p>Brocato Jard\u00edn Plateado. Brocato con un dise\u00f1o bot\u00e1nico abstracto en tonos plateados, dispuesto en una repetici\u00f3n estructurada que aporta orden y sofisticaci\u00f3n. Su textura en relieve y su acabado met\u00e1lico generan un efecto elegante y contempor\u00e1neo.<\/p>","protected":false},"featured_media":1645,"comment_status":"open","ping_status":"closed","template":"","meta":[],"product_brand":[],"product_cat":[867],"product_tag":[809,791,802,785,784,800,824,825,148,815,801,798,810,812,817,786,149,807,799,460,806],"class_list":{"0":"post-1643","1":"product","2":"type-product","3":"status-publish","4":"has-post-thumbnail","6":"product_cat-brocato-laminado","7":"product_tag-abstracto","8":"product_tag-alta-costura","9":"product_tag-botanico","10":"product_tag-brocade","11":"product_tag-brocado","12":"product_tag-brocato","13":"product_tag-damasco","14":"product_tag-diseno-repetitivo","15":"product_tag-elegante","16":"product_tag-fashion-fabric","17":"product_tag-floral","18":"product_tag-glam","19":"product_tag-metalico","20":"product_tag-moderno","21":"product_tag-plata","22":"product_tag-plateado","23":"product_tag-premium","24":"product_tag-relieve","25":"product_tag-sofisticado","26":"product_tag-tela-de-lujo","27":"product_tag-textura","29":"first","30":"instock","31":"shipping-taxable","32":"purchasable","33":"product-type-simple"},"jetpack_sharing_enabled":true,"_links":{"self":[{"href":"https:\/\/lasederia.com.py\/en\/wp-json\/wp\/v2\/product\/1643","targetHints":{"allow":["GET"]}}],"collection":[{"href":"https:\/\/lasederia.com.py\/en\/wp-json\/wp\/v2\/product"}],"about":[{"href":"https:\/\/lasederia.com.py\/en\/wp-json\/wp\/v2\/types\/product"}],"replies":[{"embeddable":true,"href":"https:\/\/lasederia.com.py\/en\/wp-json\/wp\/v2\/comments?post=1643"}],"wp:featuredmedia":[{"embeddable":true,"href":"https:\/\/lasederia.com.py\/en\/wp-json\/wp\/v2\/media\/1645"}],"wp:attachment":[{"href":"https:\/\/lasederia.com.py\/en\/wp-json\/wp\/v2\/media?parent=1643"}],"wp:term":[{"taxonomy":"product_brand","embeddable":true,"href":"https:\/\/lasederia.com.py\/en\/wp-json\/wp\/v2\/product_brand?post=1643"},{"taxonomy":"product_cat","embeddable":true,"href":"https:\/\/lasederia.com.py\/en\/wp-json\/wp\/v2\/product_cat?post=1643"},{"taxonomy":"product_tag","embeddable":true,"href":"https:\/\/lasederia.com.py\/en\/wp-json\/wp\/v2\/product_tag?post=1643"}],"curies":[{"name":"wp","href":"https:\/\/api.w.org\/{rel}","templated":true}]}}