{"id":1633,"date":"2026-03-23T01:13:15","date_gmt":"2026-03-23T01:13:15","guid":{"rendered":"https:\/\/lasederia.com.py\/?post_type=product&#038;p=1633"},"modified":"2026-04-06T18:38:27","modified_gmt":"2026-04-06T18:38:27","slug":"brocato-flores-de-oro-y-plata","status":"publish","type":"product","link":"https:\/\/lasederia.com.py\/en\/product\/brocato-flores-de-oro-y-plata\/","title":{"rendered":"Brocato Flores de Oro y Plata"},"content":{"rendered":"<p>Brocato Flores de Oro y Plata. Brocato con un delicado dise\u00f1o floral en tonos plata y dorado, que se despliega en una composici\u00f3n ligera y et\u00e9rea. Su textura en relieve y su brillo sutil aportan profundidad sin perder suavidad visual.<\/p>","protected":false},"excerpt":{"rendered":"<p>Brocato Flores de Oro y Plata. Brocato con un delicado dise\u00f1o floral en tonos plata y dorado, que se despliega en una composici\u00f3n ligera y et\u00e9rea. Su textura en relieve y su brillo sutil aportan profundidad sin perder suavidad visual.<\/p>","protected":false},"featured_media":1635,"comment_status":"open","ping_status":"closed","template":"","meta":[],"product_brand":[],"product_cat":[867],"product_tag":[791,802,789,785,784,800,796,820,352,148,801,818,803,787,819,786,149,807,805,799,460,806,795],"class_list":{"0":"post-1633","1":"product","2":"type-product","3":"status-publish","4":"has-post-thumbnail","6":"product_cat-brocato-laminado","7":"product_tag-alta-costura","8":"product_tag-botanico","9":"product_tag-bridal-fabric","10":"product_tag-brocade","11":"product_tag-brocado","12":"product_tag-brocato","13":"product_tag-couture","14":"product_tag-delicado","15":"product_tag-dorado","16":"product_tag-elegante","17":"product_tag-floral","18":"product_tag-flores","19":"product_tag-hojas","20":"product_tag-ivory","21":"product_tag-jardin","22":"product_tag-plateado","23":"product_tag-premium","24":"product_tag-relieve","25":"product_tag-romantico","26":"product_tag-sofisticado","27":"product_tag-tela-de-lujo","28":"product_tag-textura","29":"product_tag-wedding-fabric","31":"first","32":"instock","33":"shipping-taxable","34":"purchasable","35":"product-type-simple"},"jetpack_sharing_enabled":true,"_links":{"self":[{"href":"https:\/\/lasederia.com.py\/en\/wp-json\/wp\/v2\/product\/1633","targetHints":{"allow":["GET"]}}],"collection":[{"href":"https:\/\/lasederia.com.py\/en\/wp-json\/wp\/v2\/product"}],"about":[{"href":"https:\/\/lasederia.com.py\/en\/wp-json\/wp\/v2\/types\/product"}],"replies":[{"embeddable":true,"href":"https:\/\/lasederia.com.py\/en\/wp-json\/wp\/v2\/comments?post=1633"}],"wp:featuredmedia":[{"embeddable":true,"href":"https:\/\/lasederia.com.py\/en\/wp-json\/wp\/v2\/media\/1635"}],"wp:attachment":[{"href":"https:\/\/lasederia.com.py\/en\/wp-json\/wp\/v2\/media?parent=1633"}],"wp:term":[{"taxonomy":"product_brand","embeddable":true,"href":"https:\/\/lasederia.com.py\/en\/wp-json\/wp\/v2\/product_brand?post=1633"},{"taxonomy":"product_cat","embeddable":true,"href":"https:\/\/lasederia.com.py\/en\/wp-json\/wp\/v2\/product_cat?post=1633"},{"taxonomy":"product_tag","embeddable":true,"href":"https:\/\/lasederia.com.py\/en\/wp-json\/wp\/v2\/product_tag?post=1633"}],"curies":[{"name":"wp","href":"https:\/\/api.w.org\/{rel}","templated":true}]}}