{"id":1628,"date":"2026-03-23T01:10:10","date_gmt":"2026-03-23T01:10:10","guid":{"rendered":"https:\/\/lasederia.com.py\/?post_type=product&#038;p=1628"},"modified":"2026-04-06T18:38:35","modified_gmt":"2026-04-06T18:38:35","slug":"brocato-metalico","status":"publish","type":"product","link":"https:\/\/lasederia.com.py\/en\/product\/brocato-metalico\/","title":{"rendered":"Brocato Met\u00e1lico"},"content":{"rendered":"<p>Brocato Met\u00e1lico. Brocato con un dise\u00f1o abstracto en tonos plata y dorado suave, que evoca vetas minerales y texturas org\u00e1nicas en movimiento. Su acabado brillante y su relieve irregular generan un efecto et\u00e9reo y sofisticado.<\/p>","protected":false},"excerpt":{"rendered":"<p>Brocato Met\u00e1lico. Brocato con un dise\u00f1o abstracto en tonos plata y dorado suave, que evoca vetas minerales y texturas org\u00e1nicas en movimiento. Su acabado brillante y su relieve irregular generan un efecto et\u00e9reo y sofisticado.<\/p>","protected":false},"featured_media":1630,"comment_status":"open","ping_status":"closed","template":"","meta":[],"product_brand":[],"product_cat":[867],"product_tag":[809,791,814,785,784,800,226,352,148,790,815,798,810,812,817,786,149,799,460,806,813],"class_list":{"0":"post-1628","1":"product","2":"type-product","3":"status-publish","4":"has-post-thumbnail","6":"product_cat-brocato-laminado","7":"product_tag-abstracto","8":"product_tag-alta-costura","9":"product_tag-brillo","10":"product_tag-brocade","11":"product_tag-brocado","12":"product_tag-brocato","13":"product_tag-diseno-organico","14":"product_tag-dorado","15":"product_tag-elegante","16":"product_tag-evening-wear","17":"product_tag-fashion-fabric","18":"product_tag-glam","19":"product_tag-metalico","20":"product_tag-moderno","21":"product_tag-plata","22":"product_tag-plateado","23":"product_tag-premium","24":"product_tag-sofisticado","25":"product_tag-tela-de-lujo","26":"product_tag-textura","27":"product_tag-vanguardista","29":"first","30":"instock","31":"shipping-taxable","32":"purchasable","33":"product-type-simple"},"jetpack_sharing_enabled":true,"_links":{"self":[{"href":"https:\/\/lasederia.com.py\/en\/wp-json\/wp\/v2\/product\/1628","targetHints":{"allow":["GET"]}}],"collection":[{"href":"https:\/\/lasederia.com.py\/en\/wp-json\/wp\/v2\/product"}],"about":[{"href":"https:\/\/lasederia.com.py\/en\/wp-json\/wp\/v2\/types\/product"}],"replies":[{"embeddable":true,"href":"https:\/\/lasederia.com.py\/en\/wp-json\/wp\/v2\/comments?post=1628"}],"wp:featuredmedia":[{"embeddable":true,"href":"https:\/\/lasederia.com.py\/en\/wp-json\/wp\/v2\/media\/1630"}],"wp:attachment":[{"href":"https:\/\/lasederia.com.py\/en\/wp-json\/wp\/v2\/media?parent=1628"}],"wp:term":[{"taxonomy":"product_brand","embeddable":true,"href":"https:\/\/lasederia.com.py\/en\/wp-json\/wp\/v2\/product_brand?post=1628"},{"taxonomy":"product_cat","embeddable":true,"href":"https:\/\/lasederia.com.py\/en\/wp-json\/wp\/v2\/product_cat?post=1628"},{"taxonomy":"product_tag","embeddable":true,"href":"https:\/\/lasederia.com.py\/en\/wp-json\/wp\/v2\/product_tag?post=1628"}],"curies":[{"name":"wp","href":"https:\/\/api.w.org\/{rel}","templated":true}]}}