{"id":1623,"date":"2026-03-23T01:04:34","date_gmt":"2026-03-23T01:04:34","guid":{"rendered":"https:\/\/lasederia.com.py\/?post_type=product&#038;p=1623"},"modified":"2026-03-25T19:08:45","modified_gmt":"2026-03-25T19:08:45","slug":"brocato-golden-print","status":"publish","type":"product","link":"https:\/\/lasederia.com.py\/en\/product\/brocato-golden-print\/","title":{"rendered":"Lam\u00e9 Golden Print"},"content":{"rendered":"<p>Lam\u00e9 Golden Print. Dise\u00f1o abstracto en acabado met\u00e1lico que evoca vetas org\u00e1nicas y fluidas en tonos dorado suave. Su textura irregular y su brillo sutil crean un efecto contempor\u00e1neo y sofisticado<\/p>","protected":false},"excerpt":{"rendered":"<p>Lam\u00e9 Golden Print. Dise\u00f1o abstracto en acabado met\u00e1lico que evoca vetas org\u00e1nicas y fluidas en tonos dorado suave. Su textura irregular y su brillo sutil crean un efecto contempor\u00e1neo y sofisticado<\/p>","protected":false},"featured_media":1625,"comment_status":"open","ping_status":"closed","template":"","meta":[],"product_brand":[],"product_cat":[882],"product_tag":[809,791,814,796,226,352,148,815,798,811,883,810,812,149,799,816,460,806,813],"class_list":{"0":"post-1623","1":"product","2":"type-product","3":"status-publish","4":"has-post-thumbnail","6":"product_cat-lame","7":"product_tag-abstracto","8":"product_tag-alta-costura","9":"product_tag-brillo","10":"product_tag-couture","11":"product_tag-diseno-organico","12":"product_tag-dorado","13":"product_tag-elegante","14":"product_tag-fashion-fabric","15":"product_tag-glam","16":"product_tag-gold","17":"product_tag-lame","18":"product_tag-metalico","19":"product_tag-moderno","20":"product_tag-premium","21":"product_tag-sofisticado","22":"product_tag-statement-fabric","23":"product_tag-tela-de-lujo","24":"product_tag-textura","25":"product_tag-vanguardista","27":"first","28":"instock","29":"shipping-taxable","30":"purchasable","31":"product-type-simple"},"jetpack_sharing_enabled":true,"_links":{"self":[{"href":"https:\/\/lasederia.com.py\/en\/wp-json\/wp\/v2\/product\/1623","targetHints":{"allow":["GET"]}}],"collection":[{"href":"https:\/\/lasederia.com.py\/en\/wp-json\/wp\/v2\/product"}],"about":[{"href":"https:\/\/lasederia.com.py\/en\/wp-json\/wp\/v2\/types\/product"}],"replies":[{"embeddable":true,"href":"https:\/\/lasederia.com.py\/en\/wp-json\/wp\/v2\/comments?post=1623"}],"wp:featuredmedia":[{"embeddable":true,"href":"https:\/\/lasederia.com.py\/en\/wp-json\/wp\/v2\/media\/1625"}],"wp:attachment":[{"href":"https:\/\/lasederia.com.py\/en\/wp-json\/wp\/v2\/media?parent=1623"}],"wp:term":[{"taxonomy":"product_brand","embeddable":true,"href":"https:\/\/lasederia.com.py\/en\/wp-json\/wp\/v2\/product_brand?post=1623"},{"taxonomy":"product_cat","embeddable":true,"href":"https:\/\/lasederia.com.py\/en\/wp-json\/wp\/v2\/product_cat?post=1623"},{"taxonomy":"product_tag","embeddable":true,"href":"https:\/\/lasederia.com.py\/en\/wp-json\/wp\/v2\/product_tag?post=1623"}],"curies":[{"name":"wp","href":"https:\/\/api.w.org\/{rel}","templated":true}]}}