{"id":1592,"date":"2026-03-13T02:12:52","date_gmt":"2026-03-13T02:12:52","guid":{"rendered":"https:\/\/lasederia.com.py\/?post_type=product&#038;p=1592"},"modified":"2026-03-13T02:12:52","modified_gmt":"2026-03-13T02:12:52","slug":"hilo-estampado-flores-amarillas","status":"publish","type":"product","link":"https:\/\/lasederia.com.py\/en\/product\/hilo-estampado-flores-amarillas\/","title":{"rendered":"Hilo Estampado Flores Amarillas"},"content":{"rendered":"<p>Hilo Estampado Flores Amarillas. Tela de hilo estampado con dise\u00f1o bot\u00e1nico de flores mimosa en tonos amarillos sobre fondo claro. El estampado presenta peque\u00f1os racimos florales con hojas suaves que crean una composici\u00f3n delicada, fresca y natural.<\/p>","protected":false},"excerpt":{"rendered":"<p>Hilo Estampado Flores Amarillas. Tela de hilo estampado con dise\u00f1o bot\u00e1nico de flores mimosa en tonos amarillos sobre fondo claro. El estampado presenta peque\u00f1os racimos florales con hojas suaves que crean una composici\u00f3n delicada, fresca y natural.<\/p>","protected":false},"featured_media":1593,"comment_status":"open","ping_status":"closed","template":"","meta":[],"product_brand":[],"product_cat":[27],"product_tag":[782,747,738,191,779,659,748,270,209,216,781,234,233,662,780],"class_list":{"0":"post-1592","1":"product","2":"type-product","3":"status-publish","4":"has-post-thumbnail","6":"product_cat-hilo-estampado","7":"product_tag-botanical-cotton-fabric","8":"product_tag-botanical-floral-fabric","9":"product_tag-delicate-floral-fabric","10":"product_tag-hilo-estampado","11":"product_tag-mimosa-floral-fabric","12":"product_tag-printed-cotton-fabric","13":"product_tag-spring-floral-fabric","14":"product_tag-tela-botanica","15":"product_tag-tela-estampada","16":"product_tag-tela-floral","17":"product_tag-tela-floral-amarilla","18":"product_tag-tela-para-blusas","19":"product_tag-tela-para-vestidos","20":"product_tag-tela-primavera","21":"product_tag-yellow-floral-cotton","23":"first","24":"instock","25":"shipping-taxable","26":"purchasable","27":"product-type-simple"},"jetpack_sharing_enabled":true,"_links":{"self":[{"href":"https:\/\/lasederia.com.py\/en\/wp-json\/wp\/v2\/product\/1592","targetHints":{"allow":["GET"]}}],"collection":[{"href":"https:\/\/lasederia.com.py\/en\/wp-json\/wp\/v2\/product"}],"about":[{"href":"https:\/\/lasederia.com.py\/en\/wp-json\/wp\/v2\/types\/product"}],"replies":[{"embeddable":true,"href":"https:\/\/lasederia.com.py\/en\/wp-json\/wp\/v2\/comments?post=1592"}],"wp:featuredmedia":[{"embeddable":true,"href":"https:\/\/lasederia.com.py\/en\/wp-json\/wp\/v2\/media\/1593"}],"wp:attachment":[{"href":"https:\/\/lasederia.com.py\/en\/wp-json\/wp\/v2\/media?parent=1592"}],"wp:term":[{"taxonomy":"product_brand","embeddable":true,"href":"https:\/\/lasederia.com.py\/en\/wp-json\/wp\/v2\/product_brand?post=1592"},{"taxonomy":"product_cat","embeddable":true,"href":"https:\/\/lasederia.com.py\/en\/wp-json\/wp\/v2\/product_cat?post=1592"},{"taxonomy":"product_tag","embeddable":true,"href":"https:\/\/lasederia.com.py\/en\/wp-json\/wp\/v2\/product_tag?post=1592"}],"curies":[{"name":"wp","href":"https:\/\/api.w.org\/{rel}","templated":true}]}}