{"id":1586,"date":"2026-03-13T02:10:08","date_gmt":"2026-03-13T02:10:08","guid":{"rendered":"https:\/\/lasederia.com.py\/?post_type=product&#038;p=1586"},"modified":"2026-03-13T02:10:08","modified_gmt":"2026-03-13T02:10:08","slug":"hilo-estampado-jardin-de-mariposas","status":"publish","type":"product","link":"https:\/\/lasederia.com.py\/en\/product\/hilo-estampado-jardin-de-mariposas\/","title":{"rendered":"Hilo Estampado Jard\u00edn de Mariposas"},"content":{"rendered":"<p>Hilo Estampado Jard\u00edn de Mariposas. Tela de hilo estampado con dise\u00f1o floral tropical en tonos naranja y amarillo combinados con mariposas sobre fondo degradado azul gris\u00e1ceo. El estampado presenta flores ex\u00f3ticas de gran tama\u00f1o que crean una composici\u00f3n vibrante, elegante y art\u00edstica.<\/p>","protected":false},"excerpt":{"rendered":"<p>Hilo Estampado Jard\u00edn de Mariposas. Tela de hilo estampado con dise\u00f1o floral tropical en tonos naranja y amarillo combinados con mariposas sobre fondo degradado azul gris\u00e1ceo. El estampado presenta flores ex\u00f3ticas de gran tama\u00f1o que crean una composici\u00f3n vibrante, elegante y art\u00edstica.<\/p>","protected":false},"featured_media":1587,"comment_status":"open","ping_status":"closed","template":"","meta":[],"product_brand":[],"product_cat":[27],"product_tag":[682,745,778,776,777,191,759,659,209,216,760,234,233,773,775],"class_list":{"0":"post-1586","1":"product","2":"type-product","3":"status-publish","4":"has-post-thumbnail","6":"product_cat-hilo-estampado","7":"product_tag-artistic-floral-cotton","8":"product_tag-butterfly-floral-fabric","9":"product_tag-butterfly-garden-fabric","10":"product_tag-butterfly-print-fabric","11":"product_tag-exotic-floral-fabric","12":"product_tag-hilo-estampado","13":"product_tag-orange-floral-fabric","14":"product_tag-printed-cotton-fabric","15":"product_tag-tela-estampada","16":"product_tag-tela-floral","17":"product_tag-tela-floral-tropical","18":"product_tag-tela-para-blusas","19":"product_tag-tela-para-vestidos","20":"product_tag-tela-tropical-elegante","21":"product_tag-tropical-floral-cotton","23":"first","24":"instock","25":"shipping-taxable","26":"purchasable","27":"product-type-simple"},"jetpack_sharing_enabled":true,"_links":{"self":[{"href":"https:\/\/lasederia.com.py\/en\/wp-json\/wp\/v2\/product\/1586","targetHints":{"allow":["GET"]}}],"collection":[{"href":"https:\/\/lasederia.com.py\/en\/wp-json\/wp\/v2\/product"}],"about":[{"href":"https:\/\/lasederia.com.py\/en\/wp-json\/wp\/v2\/types\/product"}],"replies":[{"embeddable":true,"href":"https:\/\/lasederia.com.py\/en\/wp-json\/wp\/v2\/comments?post=1586"}],"wp:featuredmedia":[{"embeddable":true,"href":"https:\/\/lasederia.com.py\/en\/wp-json\/wp\/v2\/media\/1587"}],"wp:attachment":[{"href":"https:\/\/lasederia.com.py\/en\/wp-json\/wp\/v2\/media?parent=1586"}],"wp:term":[{"taxonomy":"product_brand","embeddable":true,"href":"https:\/\/lasederia.com.py\/en\/wp-json\/wp\/v2\/product_brand?post=1586"},{"taxonomy":"product_cat","embeddable":true,"href":"https:\/\/lasederia.com.py\/en\/wp-json\/wp\/v2\/product_cat?post=1586"},{"taxonomy":"product_tag","embeddable":true,"href":"https:\/\/lasederia.com.py\/en\/wp-json\/wp\/v2\/product_tag?post=1586"}],"curies":[{"name":"wp","href":"https:\/\/api.w.org\/{rel}","templated":true}]}}