{"id":1581,"date":"2026-03-13T02:07:18","date_gmt":"2026-03-13T02:07:18","guid":{"rendered":"https:\/\/lasederia.com.py\/?post_type=product&#038;p=1581"},"modified":"2026-03-13T02:07:18","modified_gmt":"2026-03-13T02:07:18","slug":"hilo-estampado-hojas-doradas","status":"publish","type":"product","link":"https:\/\/lasederia.com.py\/en\/product\/hilo-estampado-hojas-doradas\/","title":{"rendered":"Hilo Estampado Hojas Doradas"},"content":{"rendered":"<p data-start=\"385\" data-end=\"417\">Hilo Estampado Hojas Doradas. Tela de hilo estampado con dise\u00f1o tropical en tonos arena, dorado y rosado sobre fondo claro. El estampado combina hojas ex\u00f3ticas y flores delicadas que crean una composici\u00f3n elegante y fresca.<\/p>","protected":false},"excerpt":{"rendered":"<p>Hilo Estampado Hojas Doradas. Tela de hilo estampado con dise\u00f1o tropical en tonos arena, dorado y rosado sobre fondo claro. El estampado combina hojas ex\u00f3ticas y flores delicadas que crean una composici\u00f3n elegante y fresca.<\/p>","protected":false},"featured_media":1583,"comment_status":"open","ping_status":"closed","template":"","meta":[],"product_brand":[],"product_cat":[27],"product_tag":[770,191,659,771,209,760,234,233,768,773,694,772,757,769,774],"class_list":{"0":"post-1581","1":"product","2":"type-product","3":"status-publish","4":"has-post-thumbnail","6":"product_cat-hilo-estampado","7":"product_tag-beige-tropical-fabric","8":"product_tag-hilo-estampado","9":"product_tag-printed-cotton-fabric","10":"product_tag-sand-floral-cotton","11":"product_tag-tela-estampada","12":"product_tag-tela-floral-tropical","13":"product_tag-tela-para-blusas","14":"product_tag-tela-para-vestidos","15":"product_tag-tela-tropical","16":"product_tag-tela-tropical-elegante","17":"product_tag-tela-verano","18":"product_tag-tropical-cotton-fabric","19":"product_tag-tropical-floral-fabric","20":"product_tag-tropical-leaves-fabric","21":"product_tag-tropical-print-fabric","23":"first","24":"instock","25":"shipping-taxable","26":"purchasable","27":"product-type-simple"},"jetpack_sharing_enabled":true,"_links":{"self":[{"href":"https:\/\/lasederia.com.py\/en\/wp-json\/wp\/v2\/product\/1581","targetHints":{"allow":["GET"]}}],"collection":[{"href":"https:\/\/lasederia.com.py\/en\/wp-json\/wp\/v2\/product"}],"about":[{"href":"https:\/\/lasederia.com.py\/en\/wp-json\/wp\/v2\/types\/product"}],"replies":[{"embeddable":true,"href":"https:\/\/lasederia.com.py\/en\/wp-json\/wp\/v2\/comments?post=1581"}],"wp:featuredmedia":[{"embeddable":true,"href":"https:\/\/lasederia.com.py\/en\/wp-json\/wp\/v2\/media\/1583"}],"wp:attachment":[{"href":"https:\/\/lasederia.com.py\/en\/wp-json\/wp\/v2\/media?parent=1581"}],"wp:term":[{"taxonomy":"product_brand","embeddable":true,"href":"https:\/\/lasederia.com.py\/en\/wp-json\/wp\/v2\/product_brand?post=1581"},{"taxonomy":"product_cat","embeddable":true,"href":"https:\/\/lasederia.com.py\/en\/wp-json\/wp\/v2\/product_cat?post=1581"},{"taxonomy":"product_tag","embeddable":true,"href":"https:\/\/lasederia.com.py\/en\/wp-json\/wp\/v2\/product_tag?post=1581"}],"curies":[{"name":"wp","href":"https:\/\/api.w.org\/{rel}","templated":true}]}}