{"id":1576,"date":"2026-03-13T02:04:36","date_gmt":"2026-03-13T02:04:36","guid":{"rendered":"https:\/\/lasederia.com.py\/?post_type=product&#038;p=1576"},"modified":"2026-03-13T02:04:36","modified_gmt":"2026-03-13T02:04:36","slug":"hilo-estampado-jardin-multicolor","status":"publish","type":"product","link":"https:\/\/lasederia.com.py\/en\/product\/hilo-estampado-jardin-multicolor\/","title":{"rendered":"Hilo Estampado Jard\u00edn Multicolor"},"content":{"rendered":"<p data-start=\"339\" data-end=\"375\">Hilo Estampado Jard\u00edn Multicolor. Tela de hilo estampado con dise\u00f1o floral multicolor estilo acuarela. El estampado presenta una composici\u00f3n vibrante de flores en tonos amarillos, violetas, azules, rosados y verdes que evocan un jard\u00edn pintado a mano.<\/p>\n<p data-start=\"379\" data-end=\"422\">","protected":false},"excerpt":{"rendered":"<p>Hilo Estampado Jard\u00edn Multicolor. Tela de hilo estampado con dise\u00f1o floral multicolor estilo acuarela. El estampado presenta una composici\u00f3n vibrante de flores en tonos amarillos, violetas, azules, rosados y verdes que evocan un jard\u00edn pintado a mano.<\/p>","protected":false},"featured_media":1578,"comment_status":"open","ping_status":"closed","template":"","meta":[],"product_brand":[],"product_cat":[27],"product_tag":[665,746,191,687,659,748,209,216,693,744,729,234,233,767,664],"class_list":{"0":"post-1576","1":"product","2":"type-product","3":"status-publish","4":"has-post-thumbnail","6":"product_cat-hilo-estampado","7":"product_tag-artistic-floral-fabric","8":"product_tag-colorful-floral-cotton","9":"product_tag-hilo-estampado","10":"product_tag-multicolor-floral-fabric","11":"product_tag-printed-cotton-fabric","12":"product_tag-spring-floral-fabric","13":"product_tag-tela-estampada","14":"product_tag-tela-floral","15":"product_tag-tela-floral-colorida","16":"product_tag-tela-floral-multicolor","17":"product_tag-tela-floral-primavera","18":"product_tag-tela-para-blusas","19":"product_tag-tela-para-vestidos","20":"product_tag-vibrant-floral-cotton","21":"product_tag-watercolor-floral-fabric","23":"first","24":"instock","25":"shipping-taxable","26":"purchasable","27":"product-type-simple"},"jetpack_sharing_enabled":true,"_links":{"self":[{"href":"https:\/\/lasederia.com.py\/en\/wp-json\/wp\/v2\/product\/1576","targetHints":{"allow":["GET"]}}],"collection":[{"href":"https:\/\/lasederia.com.py\/en\/wp-json\/wp\/v2\/product"}],"about":[{"href":"https:\/\/lasederia.com.py\/en\/wp-json\/wp\/v2\/types\/product"}],"replies":[{"embeddable":true,"href":"https:\/\/lasederia.com.py\/en\/wp-json\/wp\/v2\/comments?post=1576"}],"wp:featuredmedia":[{"embeddable":true,"href":"https:\/\/lasederia.com.py\/en\/wp-json\/wp\/v2\/media\/1578"}],"wp:attachment":[{"href":"https:\/\/lasederia.com.py\/en\/wp-json\/wp\/v2\/media?parent=1576"}],"wp:term":[{"taxonomy":"product_brand","embeddable":true,"href":"https:\/\/lasederia.com.py\/en\/wp-json\/wp\/v2\/product_brand?post=1576"},{"taxonomy":"product_cat","embeddable":true,"href":"https:\/\/lasederia.com.py\/en\/wp-json\/wp\/v2\/product_cat?post=1576"},{"taxonomy":"product_tag","embeddable":true,"href":"https:\/\/lasederia.com.py\/en\/wp-json\/wp\/v2\/product_tag?post=1576"}],"curies":[{"name":"wp","href":"https:\/\/api.w.org\/{rel}","templated":true}]}}