{"id":1570,"date":"2026-03-13T02:01:44","date_gmt":"2026-03-13T02:01:44","guid":{"rendered":"https:\/\/lasederia.com.py\/?post_type=product&#038;p=1570"},"modified":"2026-03-13T02:01:44","modified_gmt":"2026-03-13T02:01:44","slug":"hilo-estampado-rosa-vintage","status":"publish","type":"product","link":"https:\/\/lasederia.com.py\/en\/product\/hilo-estampado-rosa-vintage\/","title":{"rendered":"Hilo Estampado Rosa Vintage"},"content":{"rendered":"<p>Hilo Estampado Rosa Vintage. Tela de hilo estampado con dise\u00f1o floral rom\u00e1ntico sobre fondo beige suave. El estampado combina hortensias, orqu\u00eddeas y rosas en tonos rosados, marfil y vino claro, creando una composici\u00f3n delicada y elegante.<\/p>","protected":false},"excerpt":{"rendered":"<p>Hilo Estampado Rosa Vintage. Tela de hilo estampado con dise\u00f1o floral rom\u00e1ntico sobre fondo beige suave. El estampado combina hortensias, orqu\u00eddeas y rosas en tonos rosados, marfil y vino claro, creando una composici\u00f3n delicada y elegante.<\/p>","protected":false},"featured_media":1572,"comment_status":"open","ping_status":"closed","template":"","meta":[],"product_brand":[],"product_cat":[27],"product_tag":[191,763,764,765,762,659,671,209,216,701,672,766,234,233,657],"class_list":{"0":"post-1570","1":"product","2":"type-product","3":"status-publish","4":"has-post-thumbnail","6":"product_cat-hilo-estampado","7":"product_tag-hilo-estampado","8":"product_tag-hydrangea-floral-fabric","9":"product_tag-orchid-floral-fabric","10":"product_tag-pastel-floral-fabric","11":"product_tag-pink-floral-cotton","12":"product_tag-printed-cotton-fabric","13":"product_tag-romantic-floral-fabric","14":"product_tag-tela-estampada","15":"product_tag-tela-floral","16":"product_tag-tela-floral-elegante","17":"product_tag-tela-floral-romantica","18":"product_tag-tela-floral-suave","19":"product_tag-tela-para-blusas","20":"product_tag-tela-para-vestidos","21":"product_tag-vintage-floral-fabric","23":"first","24":"instock","25":"shipping-taxable","26":"purchasable","27":"product-type-simple"},"jetpack_sharing_enabled":true,"_links":{"self":[{"href":"https:\/\/lasederia.com.py\/en\/wp-json\/wp\/v2\/product\/1570","targetHints":{"allow":["GET"]}}],"collection":[{"href":"https:\/\/lasederia.com.py\/en\/wp-json\/wp\/v2\/product"}],"about":[{"href":"https:\/\/lasederia.com.py\/en\/wp-json\/wp\/v2\/types\/product"}],"replies":[{"embeddable":true,"href":"https:\/\/lasederia.com.py\/en\/wp-json\/wp\/v2\/comments?post=1570"}],"wp:featuredmedia":[{"embeddable":true,"href":"https:\/\/lasederia.com.py\/en\/wp-json\/wp\/v2\/media\/1572"}],"wp:attachment":[{"href":"https:\/\/lasederia.com.py\/en\/wp-json\/wp\/v2\/media?parent=1570"}],"wp:term":[{"taxonomy":"product_brand","embeddable":true,"href":"https:\/\/lasederia.com.py\/en\/wp-json\/wp\/v2\/product_brand?post=1570"},{"taxonomy":"product_cat","embeddable":true,"href":"https:\/\/lasederia.com.py\/en\/wp-json\/wp\/v2\/product_cat?post=1570"},{"taxonomy":"product_tag","embeddable":true,"href":"https:\/\/lasederia.com.py\/en\/wp-json\/wp\/v2\/product_tag?post=1570"}],"curies":[{"name":"wp","href":"https:\/\/api.w.org\/{rel}","templated":true}]}}