{"id":1550,"date":"2026-03-12T23:56:29","date_gmt":"2026-03-12T23:56:29","guid":{"rendered":"https:\/\/lasederia.com.py\/?post_type=product&#038;p=1550"},"modified":"2026-03-12T23:56:29","modified_gmt":"2026-03-12T23:56:29","slug":"hilo-estampado-jardin-encantado","status":"publish","type":"product","link":"https:\/\/lasederia.com.py\/en\/product\/hilo-estampado-jardin-encantado\/","title":{"rendered":"Hilo Estampado Jard\u00edn Encantado"},"content":{"rendered":"<p>Hilo Estampado Jard\u00edn Encantado. Tela de hilo estampado con dise\u00f1o floral tipo jard\u00edn en tonos amarillo, rojo, rosado, lila y crema sobre fondo claro. El estampado incorpora flores variadas y delicadas mariposas que crean una composici\u00f3n vibrante y primaveral.<\/p>","protected":false},"excerpt":{"rendered":"<p>Hilo Estampado Jard\u00edn Encantado. Tela de hilo estampado con dise\u00f1o floral tipo jard\u00edn en tonos amarillo, rojo, rosado, lila y crema sobre fondo claro. El estampado incorpora flores variadas y delicadas mariposas que crean una composici\u00f3n vibrante y primaveral.<\/p>","protected":false},"featured_media":1552,"comment_status":"open","ping_status":"closed","template":"","meta":[],"product_brand":[],"product_cat":[27],"product_tag":[747,745,746,739,191,659,748,209,216,744,729,672,749,234,233],"class_list":{"0":"post-1550","1":"product","2":"type-product","3":"status-publish","4":"has-post-thumbnail","6":"product_cat-hilo-estampado","7":"product_tag-botanical-floral-fabric","8":"product_tag-butterfly-floral-fabric","9":"product_tag-colorful-floral-cotton","10":"product_tag-garden-floral-fabric","11":"product_tag-hilo-estampado","12":"product_tag-printed-cotton-fabric","13":"product_tag-spring-floral-fabric","14":"product_tag-tela-estampada","15":"product_tag-tela-floral","16":"product_tag-tela-floral-multicolor","17":"product_tag-tela-floral-primavera","18":"product_tag-tela-floral-romantica","19":"product_tag-tela-flores-jardin","20":"product_tag-tela-para-blusas","21":"product_tag-tela-para-vestidos","23":"first","24":"instock","25":"shipping-taxable","26":"purchasable","27":"product-type-simple"},"jetpack_sharing_enabled":true,"_links":{"self":[{"href":"https:\/\/lasederia.com.py\/en\/wp-json\/wp\/v2\/product\/1550","targetHints":{"allow":["GET"]}}],"collection":[{"href":"https:\/\/lasederia.com.py\/en\/wp-json\/wp\/v2\/product"}],"about":[{"href":"https:\/\/lasederia.com.py\/en\/wp-json\/wp\/v2\/types\/product"}],"replies":[{"embeddable":true,"href":"https:\/\/lasederia.com.py\/en\/wp-json\/wp\/v2\/comments?post=1550"}],"wp:featuredmedia":[{"embeddable":true,"href":"https:\/\/lasederia.com.py\/en\/wp-json\/wp\/v2\/media\/1552"}],"wp:attachment":[{"href":"https:\/\/lasederia.com.py\/en\/wp-json\/wp\/v2\/media?parent=1550"}],"wp:term":[{"taxonomy":"product_brand","embeddable":true,"href":"https:\/\/lasederia.com.py\/en\/wp-json\/wp\/v2\/product_brand?post=1550"},{"taxonomy":"product_cat","embeddable":true,"href":"https:\/\/lasederia.com.py\/en\/wp-json\/wp\/v2\/product_cat?post=1550"},{"taxonomy":"product_tag","embeddable":true,"href":"https:\/\/lasederia.com.py\/en\/wp-json\/wp\/v2\/product_tag?post=1550"}],"curies":[{"name":"wp","href":"https:\/\/api.w.org\/{rel}","templated":true}]}}